{"id":2130,"date":"2017-12-05T13:16:05","date_gmt":"2017-12-05T12:16:05","guid":{"rendered":"https:\/\/0g9nuobpwvp.preview.infomaniak.website\/?page_id=2130"},"modified":"2022-04-26T10:58:28","modified_gmt":"2022-04-26T08:58:28","slug":"kit-topluxe","status":"publish","type":"page","link":"https:\/\/narcisi.it\/es\/kit-topluxe\/","title":{"rendered":"Kit Topluxe"},"content":{"rendered":"<p><section class=\"kc-elm kc-css-804385 kc_row\"><div class=\"kc-row-container  kc-container\"><div class=\"kc-wrap-columns\"><div class=\"kc-elm kc-css-638608 kc_col-sm-3 kc_column kc_col-sm-3 sidebar-side\"><div class=\"sidebar kc-col-container\"><div class=\"kc-elm kc-css-595626 widget-area kc-wp-sidebar\"><div id=\"custom_html-9\" class=\"widget_text side-bar widget sidebar_widget widget_custom_html\"><div class=\"sec-title\"><h3 class=\"skew-lines\">Elenco categorie<\/h3><\/div><div class=\"textwidget custom-html-widget\"><div class=\"sidebar kc-col-container\">\r\n  <div class=\"kc-elm kc-css-114843 widget-area kc-wp-sidebar\">\r\n    <div id=\"bunch_services_posts-2\" class=\"widget sidebar-widget widget_bunch_services_posts\">\t\t\r\n\r\n      <!-- Categorie -->\r\n      <div class=\"services\">\r\n        <ul class=\"service-list\">\t\t\t\r\n\r\n          <li><a href=\"\/es\/kit-para-impermeabilizacion\/\">kit para impermeabilizacion<\/a><\/li>\r\n          <li><a href=\"\/es\/sopletes-neptune\/\">Sopletes Neptune<\/a><\/li>\r\n          <li><a href=\"\/es\/sopletes-deluxe\/\">Sopletes Deluxe<\/a><\/li>\r\n          <li><a href=\"\/es\/sopletes-ecogas\/\">Sopletes Ecogas<\/a><\/li>\r\n          <li><a href=\"\/es\/sopletes-light\/\">Sopletes Light<\/a><\/li>\r\n          <li><a href=\"\/es\/otro-equipo\/\">Otro equipo<\/a><\/li>\r\n          <li><a href=\"\/es\/tubo-flexible\/\">Tubo flexible<\/a><\/li>\r\n          <li><a href=\"\/es\/otros-accesorios\/\">Otros accesorios<\/a><\/li>\r\n          <li><a href=\"\/es\/reguladores-de-gas\/\">Reguladores de gas<\/a><\/li>\r\n\r\n        <\/ul>\r\n      <\/div>\r\n\r\n    <\/div>\r\n  <\/div>\r\n<\/div><\/div><\/div><\/div><div class=\"kc-elm kc-css-995411 widget-area kc-wp-sidebar\"><div id=\"custom_html-11\" class=\"widget_text side-bar widget sidebar_widget widget_custom_html\"><div class=\"sec-title\"><h3 class=\"skew-lines\">Titolo Ultime Novit\u00e0<\/h3><\/div><div class=\"textwidget custom-html-widget\"><p class=\"ttlcolsx1\">\u00daLTIMAS NOTICIAS<\/p><\/div><\/div><\/div><\/div><\/div><div class=\"kc-elm kc-css-935544 kc_col-sm-9 kc_column kc_col-sm-9\"><div class=\"kc-col-container\"><div class=\"kc-elm kc-css-401520 kc_shortcode kc_single_image\">\n\n        <img src=\"https:\/\/narcisi.it\/wp-content\/uploads\/2018\/07\/roofing_torch_narcisi_topluxe.jpg\" class=\"\" alt=\"\" \/>    <\/div>\n<div class=\"kc-elm kc-css-514576 kc_text_block\"><\/p>\n<p class=\"ttlpgsingcategoria\">KIT TOPLUXE<\/p>\n<p>\n<\/div><div class=\"kc-elm kc-css-50783 kc_text_block\"><\/p>\n<p><strong>Soplete Topluxe<\/strong><\/p>\n<p>El soplete Topluxe es el hermano menor de la jerarqu\u00eda DeLuxe.<br \/>\nSiempre el top de la gama Narcisi, en este modelo se utilizan los mejores materiales, la cura en la producci\u00f3n y las pruebas meticulosas aseguran que el usuario tenga conocimiento inmediato de que haya comprado uno de los mejores equipos en absoluto. La armadura de este soplete es completamente hecha en lat\u00f3n, cada articulaci\u00f3n se enhebra y es braseado en liga de plata Ag45 porque particularmente flexible.<\/p>\n<p>Boquilla y mezclador est\u00e1n enroscados y atornillados al brazo, entonces se sustituyen f\u00e1cilmente en caso de desgaste o en necesidad de cambiar el di\u00e1metro de la boquilla.<\/p>\n<p>El cuerpo grifo est\u00e1 equipado con una abertura \/ ajuste que gestiona el flujo de gas para toda la v\u00e1lvula, de un dispositivo de espionaje para la ignici\u00f3n de la llama en seguridad, una segunda abertura volante para manejar a gusto la llama al m\u00ednimo (p.ej. si debido al viento, el dispositivo de alimentaci\u00f3n no es suficiente) cuando el soplete est\u00e1 en stand-by y una palanca de abertura r\u00e1pida; todo construido seg\u00fan las normas europeas ISO EN9012.<\/p>\n<p>El equilibrio perfecto de la mezcla aire-gas ofrece un rendimiento excelente con un ahorro alto de gas en su gama. Est\u00e1n montados de serie un pivote al cual la manguera puede ser enganchada o desenganchada por medio de una tuerca de ajuste c\u00f3nica con rasca a la izquierda, un soporte de apoyo seguro del soplete en posici\u00f3n stand-by, mientras a petici\u00f3n se puede instalar la ignici\u00f3n piezoel\u00e9ctrica.<\/p>\n<p>La opci\u00f3n es entre tres di\u00e1metros de boquilla (mm.50\/60\/70) mientras la medida est\u00e1ndar del brazo es de mm.200\/300\/400; sin embargo puede ser solicitado por el cliente y adaptado seg\u00fan las necesidades espec\u00edficas.<\/p>\n<p><strong>Tubo flexible<\/strong><\/p>\n<p>Longitud est\u00e1ndar 10m. (o a petici\u00f3n espec\u00edfica del cliente) y aprobado con las normas europeas ISO3821<\/p>\n<p><strong>Regulador de presi\u00f3n<\/strong><\/p>\n<p>Velocidad de flujo de 12 kg \/ h con salida de max. 4 bar (ISO EN334)<\/p>\n<p>\n<\/div><div class=\"kc-elm kc-css-114190 kc-raw-code\"><div class=\"spacesingcat\"><\/div><\/div><div class=\"kc-elm kc-css-120927 kc_text_block\"><\/p>\n<p class=\"ttlpgsingcategoria3\">DATOS T\u00c9CNICOS<\/p>\n<p>\n<\/div><div class=\"kc-elm kc-css-557766 kc_row kc_row_inner\"><div class=\"kc-elm kc-css-526099 kc_col-sm-3 kc_column_inner kc_col-sm-3\"><div class=\"kc_wrapper kc-col-inner-container\"><div class=\"kc-elm kc-css-298233 kc_text_block .producttab1\"><\/p>\n<p>Codigo<\/p>\n<p>\n<\/div><div class=\"kc-elm kc-css-252075 kc_text_block .producttab1\"><\/p>\n<p>Campana<\/p>\n<p>\n<\/div><div class=\"kc-elm kc-css-225847 kc_text_block .producttab1\"><\/p>\n<p>Brazo<\/p>\n<p>\n<\/div><div class=\"kc-elm kc-css-548936 kc_text_block .producttab1\"><\/p>\n<p>Peso (g)<\/p>\n<p>\n<\/div><div class=\"kc-elm kc-css-718856 kc_text_block .producttab1\"><\/p>\n<p>Kcal\/h<\/p>\n<p>\n<\/div><div class=\"kc-elm kc-css-358799 kc_text_block .producttab1\"><\/p>\n<p>Kw<\/p>\n<p>\n<\/div><div class=\"kc-elm kc-css-497797 kc_text_block .producttab1\"><\/p>\n<p>Kj\/h<\/p>\n<p>\n<\/div><div class=\"kc-elm kc-css-927034 kc_text_block .producttab1\"><\/p>\n<p>Presion utilizo bar<\/p>\n<p>\n<\/div><div class=\"kc-elm kc-css-730258 kc_text_block .producttab1\"><\/p>\n<p>Gasto Max Kg\/h<\/p>\n<p>\n<\/div><\/div><\/div><div class=\"kc-elm kc-css-619755 kc_col-sm-3 kc_column_inner kc_col-sm-3\"><div class=\"kc_wrapper kc-col-inner-container\"><div class=\"kc-elm kc-css-607911 kc_text_block .producttab1\"><\/p>\n<p>TOP1LUX<\/p>\n<p>\n<\/div><div class=\"kc-elm kc-css-860582 kc_text_block .producttab1\"><\/p>\n<p>50<\/p>\n<p>\n<\/div><div class=\"kc-elm kc-css-789459 kc_text_block .producttab1\"><\/p>\n<p>200\/300\/400<\/p>\n<p>\n<\/div><div class=\"kc-elm kc-css-394022 kc_text_block .producttab1\"><\/p>\n<p>750\/790\/830<\/p>\n<p>\n<\/div><div class=\"kc-elm kc-css-399010 kc_text_block .producttab1\"><\/p>\n<p>53550<\/p>\n<p>\n<\/div><div class=\"kc-elm kc-css-790884 kc_text_block .producttab1\"><\/p>\n<p>62,27<\/p>\n<p>\n<\/div><div class=\"kc-elm kc-css-568101 kc_text_block .producttab1\"><\/p>\n<p>224162<\/p>\n<p>\n<\/div><div class=\"kc-elm kc-css-523223 kc_text_block .producttab1\"><\/p>\n<p>2-4<\/p>\n<p>\n<\/div><div class=\"kc-elm kc-css-685173 kc_text_block .producttab1\"><\/p>\n<p>4,5<\/p>\n<p>\n<\/div><\/div><\/div><div class=\"kc-elm kc-css-481349 kc_col-sm-3 kc_column_inner kc_col-sm-3\"><div class=\"kc_wrapper kc-col-inner-container\"><div class=\"kc-elm kc-css-766931 kc_text_block .producttab1\"><\/p>\n<p>TOP2LUX<\/p>\n<p>\n<\/div><div class=\"kc-elm kc-css-974114 kc_text_block .producttab1\"><\/p>\n<p>60<\/p>\n<p>\n<\/div><div class=\"kc-elm kc-css-448984 kc_text_block .producttab1\"><\/p>\n<p>200\/300\/400<\/p>\n<p>\n<\/div><div class=\"kc-elm kc-css-149445 kc_text_block .producttab1\"><\/p>\n<p>815\/855\/895<\/p>\n<p>\n<\/div><div class=\"kc-elm kc-css-3838 kc_text_block .producttab1\"><\/p>\n<p>64260<\/p>\n<p>\n<\/div><div class=\"kc-elm kc-css-921036 kc_text_block .producttab1\"><\/p>\n<p>74,72<\/p>\n<p>\n<\/div><div class=\"kc-elm kc-css-797142 kc_text_block .producttab1\"><\/p>\n<p>268995<\/p>\n<p>\n<\/div><div class=\"kc-elm kc-css-88921 kc_text_block .producttab1\"><\/p>\n<p>2-4<\/p>\n<p>\n<\/div><div class=\"kc-elm kc-css-521869 kc_text_block .producttab1\"><\/p>\n<p>5,4<\/p>\n<p>\n<\/div><\/div><\/div><div class=\"kc-elm kc-css-364141 kc_col-sm-3 kc_column_inner kc_col-sm-3\"><div class=\"kc_wrapper kc-col-inner-container\"><div class=\"kc-elm kc-css-808641 kc_text_block .producttab1\"><\/p>\n<p>TOP3LUX<\/p>\n<p>\n<\/div><div class=\"kc-elm kc-css-744084 kc_text_block .producttab1\"><\/p>\n<p>70<\/p>\n<p>\n<\/div><div class=\"kc-elm kc-css-560185 kc_text_block .producttab1\"><\/p>\n<p>200\/300\/400<\/p>\n<p>\n<\/div><div class=\"kc-elm kc-css-86689 kc_text_block .producttab1\"><\/p>\n<p>865\/905\/945<\/p>\n<p>\n<\/div><div class=\"kc-elm kc-css-139459 kc_text_block .producttab1\"><\/p>\n<p>71400<\/p>\n<p>\n<\/div><div class=\"kc-elm kc-css-835137 kc_text_block .producttab1\"><\/p>\n<p>83,02<\/p>\n<p>\n<\/div><div class=\"kc-elm kc-css-272948 kc_text_block .producttab1\"><\/p>\n<p>298883<\/p>\n<p>\n<\/div><div class=\"kc-elm kc-css-36707 kc_text_block .producttab1\"><\/p>\n<p>2-4<\/p>\n<p>\n<\/div><div class=\"kc-elm kc-css-826395 kc_text_block .producttab1\"><\/p>\n<p>6,0<\/p>\n<p>\n<\/div><\/div><\/div><\/div>\n<div class=\"kc-elm kc-css-390733\">\n\t<a class=\"kc_button .tstpdfoff\" href=\"#\" target=\"_blank\" title=\"\" onclick=\"\">\n\t\t<i class=\"et-document\"><\/i> Download PDF\t<\/a>\n<\/div>\n<div class=\"kc-elm kc-css-293720 kc-raw-code\"><div class=\"contbckbtn\">\r\n  <form>\r\n    <input type=\"button\" class=\"bckbtn\" value=\"regresar a la lista de productos\" onClick=\"javascript:history.back()\" name=\"button\">\r\n  <\/form>\r\n<\/div><\/div><\/div><\/div><\/div><\/div><\/section><section class=\"kc-elm kc-css-79167 kc_row sidebar-page-container with-left-sidebar\"><div class=\"kc-row-container  kc-container\"><div class=\"kc-wrap-columns\"><div class=\"kc-elm kc-css-914154 kc_col-sm-3 kc_column kc_col-sm-3 sidebar-side\"><div class=\"sidebar kc-col-container\"><div class=\"kc-elm kc-css-880873 widget-area kc-wp-sidebar\"><\/div><\/div><\/div><div class=\"kc-elm kc-css-337323 kc_col-sm-9 kc_column kc_col-sm-9\"><div class=\"kc-col-container\"><!--Content Side-->\n<div class=\"content-side \">\n\t<!--Service Details-->\n\t<section class=\"service-details\">\n\t\t\n\t\t<figure class=\"big-image\"><img src=\"https:\/\/0g9nuobpwvp.preview.infomaniak.website\/wp-content\/uploads\/2017\/04\/placeholder-50.jpg\" alt=\"Image\"><\/figure>\n\t\t\n\t\t<!--Text Content-->\n\t\t<div class=\"content\">\n\t\t\t<h3>Business Solution  <\/h3>\n\t\t\t<p>Lorem ipsum dolor sit amet, consectetur adipiscing elit. Curabitur libero enim, lacinia finibus ante et, imperdiet finibus risus. Donec malesuada luctus elit nec hendrerit. Integer ex sap ien, eleifend sit amet tellus ut, porttitor dictum velit. Nulla scelerisque, nisl eu maximus bibendum nibh risus eleifend ex, id dapibus leo dui in nulla. Donec sollicitudin molestie erat sit amet elementum. Donec at lacinia massa, eu hen rit ex. Donec hendrerit, porttitor.<\/p><blockquote><div class=\"txt\">People think focus means saying yes to the thing you\u2019ve got to focus on. But that\u2019s not what it means at all. It means saying no to the hundred other good ideas that there are. You have to pick carefully. I\u2019m actually as proud of the things.<\/div><\/blockquote><p>ex orci sollicitudin dolor, et scelerisque sem ex in nisi.Nulla pulvinar vitae arcu at cursus. Class aptent taciti sociosqu ad litora torquent per co Curabitur accumsan mauris vitae leo tempus, ac sceleri sque massa elementum. In blandit fringilla tincidunt. Proin commodo tortor vitae is nisi. Etiam accumsan massa volutpat tellus<\/p>\t\t\t<h3>Marketing STRATEGY  <\/h3>\n\t\t\t<div class=\"row clearfix\">\n\t\t\t\t<div class=\"col-md-6 col-sm-6 col-xs-12\">\n\t\t\t\t\t<p>Lorem ipsum dolor sit amet, consectetur adipiscing elitazaa. fsdssd Curabitur libero eni lacinia finibus ante et, imaperdiet finibus risus. Donec malesuadaluctus elit naaacec hendrerit. Integer ex sap ien, ds eleifend sit amet tellus ut, porttitor dict um velit. Nulla dssd ads scelerisque, nisl euasaszz maximus bibendum nibh risus eleifen ex, a nulla.<\/p><p> Donec sollicitudin molestie erat sit amet elementum. Donec at lacinia massa.ex orci sollicitudinaasa dolor, e scelerisque sem ex in nisi.Nulla pulvinar vitae ar cu at cursus.<\/p>\t\t\t\t<\/div>\n\t\t\t\t<div class=\"col-md-6 col-sm-6 col-xs-12\">\n\t\t\t\t\t<!--Graph Chart-->\n\t\t\t\t\t<div class=\"chart-outer\">\n\t\t\t\t\t\t<div id=\"Chart1\" style=\"height: 270px; width: 100%;\"><\/div>\n\t\t\t\t\t<\/div>\n\t\t\t\t<\/div>\n\t\t\t<\/div>\n\t\t\t\n\t\t\t<!--Faqs-->\n\t\t\t<div class=\"faqs\">\n\t\t\t\t<!--Accordion Box-->\n\t\t\t\t<ul class=\"accordion-box\">\n\t\t\t\t\n\t\t\t\t\t\t\t\t\t\t\t<!--Block-->\n\t\t\t\t\t\t<li class=\"accordion block active-block\">\n\t\t\t\t\t\t\t<div class=\"acc-btn active\"><div class=\"icon-outer\"><span class=\"icon fa fa-angle-right\"><\/span><\/div> Marketing Strategy<\/div>\n\t\t\t\t\t\t\t<div class=\"acc-content current\">\n\t\t\t\t\t\t\t\t<div class=\"content\"><p>Cum sociis natoque penatibus et magnis dis parturient ntesmus. Proin vel nibh et elit mollis commodo et nec augue tristique sed Quisque velit nisi, pretium.nibh.Cum sociis natoque penatibus et magnis dis parturient ntesmus. Proin vel nibh et elit mollis commodo et nec augue tristique sed Quisque velit nisi, pretium.nibh.<\/p><\/div>\n\t\t\t\t\t\t\t<\/div>\n\t\t\t\t\t\t<\/li>\n\t\t\t\t\t\t\t\t\t\t\t<!--Block-->\n\t\t\t\t\t\t<li class=\"accordion block \">\n\t\t\t\t\t\t\t<div class=\"acc-btn \"><div class=\"icon-outer\"><span class=\"icon fa fa-angle-right\"><\/span><\/div> Econometric Modeling<\/div>\n\t\t\t\t\t\t\t<div class=\"acc-content \">\n\t\t\t\t\t\t\t\t<div class=\"content\"><p>Cum sociis natoque penatibus et magnis dis parturient ntesmus. Proin vel nibh et elit mollis commodo et nec augue tristique sed Quisque velit nisi, pretium.nibh.Cum sociis natoque penatibus et magnis dis parturient ntesmus. Proin vel nibh et elit mollis commodo et nec augue tristique sed Quisque velit nisi, pretium.nibh.<\/p><\/div>\n\t\t\t\t\t\t\t<\/div>\n\t\t\t\t\t\t<\/li>\n\t\t\t\t\t\t\t\t\t\t\t<!--Block-->\n\t\t\t\t\t\t<li class=\"accordion block \">\n\t\t\t\t\t\t\t<div class=\"acc-btn \"><div class=\"icon-outer\"><span class=\"icon fa fa-angle-right\"><\/span><\/div> Professional Skills <\/div>\n\t\t\t\t\t\t\t<div class=\"acc-content \">\n\t\t\t\t\t\t\t\t<div class=\"content\"><p>Cum sociis natoque penatibus et magnis dis parturient ntesmus. Proin vel nibh et elit mollis commodo et nec augue tristique sed Quisque velit nisi, pretium.nibh.Cum sociis natoque penatibus et magnis dis parturient ntesmus. Proin vel nibh et elit mollis commodo et nec augue tristique sed Quisque velit nisi, pretium.nibh.<\/p><\/div>\n\t\t\t\t\t\t\t<\/div>\n\t\t\t\t\t\t<\/li>\n\t\t\t\t\t\t\t\t\t\t\t<!--Block-->\n\t\t\t\t\t\t<li class=\"accordion block \">\n\t\t\t\t\t\t\t<div class=\"acc-btn \"><div class=\"icon-outer\"><span class=\"icon fa fa-angle-right\"><\/span><\/div> Statistical Software <\/div>\n\t\t\t\t\t\t\t<div class=\"acc-content \">\n\t\t\t\t\t\t\t\t<div class=\"content\"><p>Cum sociis natoque penatibus et magnis dis parturient ntesmus. Proin vel nibh et elit mollis commodo et nec augue tristique sed Quisque velit nisi, pretium.nibh.Cum sociis natoque penatibus et magnis dis parturient ntesmus. Proin vel nibh et elit mollis commodo et nec augue tristique sed Quisque velit nisi, pretium.nibh.<\/p><\/div>\n\t\t\t\t\t\t\t<\/div>\n\t\t\t\t\t\t<\/li>\n\t\t\t\t\t\n\t\t\t\t<\/ul><!--End Accordion Box-->\n\t\t\t<\/div>\n\t\t\n\t\t<\/div>\n\t<\/section>\n\n<\/div>\n<!--Content Side--><\/div><\/div><\/div><\/div><\/section><\/p>\n","protected":false},"excerpt":{"rendered":"","protected":false},"author":1,"featured_media":0,"parent":0,"menu_order":0,"comment_status":"closed","ping_status":"closed","template":"tpl-king-composer.php","meta":[],"_links":{"self":[{"href":"https:\/\/narcisi.it\/es\/wp-json\/wp\/v2\/pages\/2130"}],"collection":[{"href":"https:\/\/narcisi.it\/es\/wp-json\/wp\/v2\/pages"}],"about":[{"href":"https:\/\/narcisi.it\/es\/wp-json\/wp\/v2\/types\/page"}],"author":[{"embeddable":true,"href":"https:\/\/narcisi.it\/es\/wp-json\/wp\/v2\/users\/1"}],"replies":[{"embeddable":true,"href":"https:\/\/narcisi.it\/es\/wp-json\/wp\/v2\/comments?post=2130"}],"version-history":[{"count":6,"href":"https:\/\/narcisi.it\/es\/wp-json\/wp\/v2\/pages\/2130\/revisions"}],"predecessor-version":[{"id":6803,"href":"https:\/\/narcisi.it\/es\/wp-json\/wp\/v2\/pages\/2130\/revisions\/6803"}],"wp:attachment":[{"href":"https:\/\/narcisi.it\/es\/wp-json\/wp\/v2\/media?parent=2130"}],"curies":[{"name":"wp","href":"https:\/\/api.w.org\/{rel}","templated":true}]}}