{"id":2561,"date":"2018-07-10T12:16:14","date_gmt":"2018-07-10T10:16:14","guid":{"rendered":"https:\/\/0g9nuobpwvp.preview.infomaniak.website\/?page_id=2561"},"modified":"2022-04-26T10:54:35","modified_gmt":"2022-04-26T08:54:35","slug":"kit-ecotop-va","status":"publish","type":"page","link":"https:\/\/narcisi.it\/es\/kit-ecotop-va\/","title":{"rendered":"Kit Ecotop Va"},"content":{"rendered":"<p><section class=\"kc-elm kc-css-944818 kc_row\"><div class=\"kc-row-container  kc-container\"><div class=\"kc-wrap-columns\"><div class=\"kc-elm kc-css-669767 kc_col-sm-3 kc_column kc_col-sm-3 sidebar-side\"><div class=\"sidebar kc-col-container\"><div class=\"kc-elm kc-css-631820 widget-area kc-wp-sidebar\"><div id=\"custom_html-9\" class=\"widget_text side-bar widget sidebar_widget widget_custom_html\"><div class=\"sec-title\"><h3 class=\"skew-lines\">Elenco categorie<\/h3><\/div><div class=\"textwidget custom-html-widget\"><div class=\"sidebar kc-col-container\">\r\n  <div class=\"kc-elm kc-css-114843 widget-area kc-wp-sidebar\">\r\n    <div id=\"bunch_services_posts-2\" class=\"widget sidebar-widget widget_bunch_services_posts\">\t\t\r\n\r\n      <!-- Categorie -->\r\n      <div class=\"services\">\r\n        <ul class=\"service-list\">\t\t\t\r\n\r\n          <li><a href=\"\/es\/kit-para-impermeabilizacion\/\">kit para impermeabilizacion<\/a><\/li>\r\n          <li><a href=\"\/es\/sopletes-neptune\/\">Sopletes Neptune<\/a><\/li>\r\n          <li><a href=\"\/es\/sopletes-deluxe\/\">Sopletes Deluxe<\/a><\/li>\r\n          <li><a href=\"\/es\/sopletes-ecogas\/\">Sopletes Ecogas<\/a><\/li>\r\n          <li><a href=\"\/es\/sopletes-light\/\">Sopletes Light<\/a><\/li>\r\n          <li><a href=\"\/es\/otro-equipo\/\">Otro equipo<\/a><\/li>\r\n          <li><a href=\"\/es\/tubo-flexible\/\">Tubo flexible<\/a><\/li>\r\n          <li><a href=\"\/es\/otros-accesorios\/\">Otros accesorios<\/a><\/li>\r\n          <li><a href=\"\/es\/reguladores-de-gas\/\">Reguladores de gas<\/a><\/li>\r\n\r\n        <\/ul>\r\n      <\/div>\r\n\r\n    <\/div>\r\n  <\/div>\r\n<\/div><\/div><\/div><\/div><div class=\"kc-elm kc-css-378737 widget-area kc-wp-sidebar\"><div id=\"custom_html-11\" class=\"widget_text side-bar widget sidebar_widget widget_custom_html\"><div class=\"sec-title\"><h3 class=\"skew-lines\">Titolo Ultime Novit\u00e0<\/h3><\/div><div class=\"textwidget custom-html-widget\"><p class=\"ttlcolsx1\">\u00daLTIMAS NOTICIAS<\/p><\/div><\/div><\/div><\/div><\/div><div class=\"kc-elm kc-css-599955 kc_col-sm-9 kc_column kc_col-sm-9\"><div class=\"kc-col-container\"><div class=\"kc-elm kc-css-480721 kc_shortcode kc_single_image\">\n\n        <img src=\"https:\/\/narcisi.it\/wp-content\/uploads\/2018\/07\/roofing_torch_narcisi_ecotop_va.jpg\" class=\"\" alt=\"\" \/>    <\/div>\n<div class=\"kc-elm kc-css-263824 kc_text_block\"><\/p>\n<p class=\"ttlpgsingcategoria\">KIT ECOTOP VA<\/p>\n<p>\n<\/div><div class=\"kc-elm kc-css-662610 kc_text_block\"><\/p>\n<p>EL KIT EcoTop Va se compone de:<\/p>\n<p><strong>\u2022 Soplete<\/strong><br \/>\nUna de las propuestas de la gama Narcisi que se dirige en particular a la reventa, es el modelo Ecogas: ligero, eficiente y optimiza el consumo de combustible gracias al perfecto equilibrio en la mezcla de aire-gas garantizando un excelente rendimiento. La armadura de este soplete es completamente hecha en lat\u00f3n, el cable de extensi\u00f3n se enhebra y es braseado en liga de plata Ag45 en la uni\u00f3n del grifo y del soporte de la boquilla. El cuerpo grifo est\u00e1 equipado de un grifo con una abertura generalizada, un grifo de regulaci\u00f3n del m\u00ednimo y una v\u00e1lvula de abertura r\u00e1pida controlada por la palanca, hace que este soplete sea conforme con la norma ISO EN9012, mientras que el injerto para el tubo flexible est\u00e1 montado directamente en el soplete bajo la empu\u00f1adura.<\/p>\n<p>Como para toda la gama, el tama\u00f1o de la boquilla es optable en tres di\u00e1metros (mm.50\/60\/70), mientras que las medidas est\u00e1ndar del brazo son de mm.200\/300\/400. Sin embargo la extensi\u00f3n del brazo puede ser solicitada por el cliente y adaptada seg\u00fan las necesidades espec\u00edficas. M\u00e1s consciente de la seguridad, aqu\u00ed se incluye siempre el pedestal para poder poner en el suelo en tranquilidad el soplete en fase de trabajo.<br \/>\nA petici\u00f3n se puede instalar la ignici\u00f3n piezoel\u00e9ctrica.<\/p>\n<p><strong>\u2022 Tubo flexible<\/strong><br \/>\nLongitud est\u00e1ndar 10m. (o a petici\u00f3n espec\u00edfica del cliente) de color naranja con la norma ISO EN 3821 (ex EN 559) que el kit ya est\u00e1 instalado directamente en la empu\u00f1adura.<\/p>\n<p><strong>\u2022 Regulador de presi\u00f3n MIGNON <\/strong><\/p>\n<p>Regulador Mignon construido enteramente en lat\u00f3n velocidad de flujo de 7 kg \/ h y una presi\u00f3n regulable de 0 a 4 bar (ISO EN 334) tambi\u00e9n ya previsto acoplado a la manguera.<\/p>\n<p><strong>\u2022 V\u00e1lvula de seguridad <\/strong><br \/>\nEn el regulador est\u00e1 instalada una v\u00e1lvula de seguridad (exceso de flujo-DIN30693) realmente indispensable para la seguridad del usuario.<\/p>\n<p>\n<\/div><div class=\"kc-elm kc-css-572350 kc-raw-code\"><div class=\"spacesingcat\"><\/div><\/div><div class=\"kc-elm kc-css-403731 kc_text_block\"><\/p>\n<p class=\"ttlpgsingcategoria3\">DATOS T\u00c9CNICOS<\/p>\n<p>\n<\/div><div class=\"kc-elm kc-css-482734 kc_row kc_row_inner\"><div class=\"kc-elm kc-css-430637 kc_col-sm-3 kc_column_inner kc_col-sm-3\"><div class=\"kc_wrapper kc-col-inner-container\"><div class=\"kc-elm kc-css-523241 kc_text_block .producttab1\"><\/p>\n<p>Codigo<\/p>\n<p>\n<\/div><div class=\"kc-elm kc-css-216596 kc_text_block .producttab1\"><\/p>\n<p>Campana<\/p>\n<p>\n<\/div><div class=\"kc-elm kc-css-141749 kc_text_block .producttab1\"><\/p>\n<p>Brazo<\/p>\n<p>\n<\/div><div class=\"kc-elm kc-css-535662 kc_text_block .producttab1\"><\/p>\n<p>Peso (g)<\/p>\n<p>\n<\/div><div class=\"kc-elm kc-css-785025 kc_text_block .producttab1\"><\/p>\n<p>Kcal\/h<\/p>\n<p>\n<\/div><div class=\"kc-elm kc-css-940595 kc_text_block .producttab1\"><\/p>\n<p>Kw<\/p>\n<p>\n<\/div><div class=\"kc-elm kc-css-273116 kc_text_block .producttab1\"><\/p>\n<p>Kj\/h<\/p>\n<p>\n<\/div><div class=\"kc-elm kc-css-948442 kc_text_block .producttab1\"><\/p>\n<p>Presion utilizo bar<\/p>\n<p>\n<\/div><div class=\"kc-elm kc-css-228819 kc_text_block .producttab1\"><\/p>\n<p>Gasto Max Kg\/h<\/p>\n<p>\n<\/div><\/div><\/div><div class=\"kc-elm kc-css-296129 kc_col-sm-3 kc_column_inner kc_col-sm-3\"><div class=\"kc_wrapper kc-col-inner-container\"><div class=\"kc-elm kc-css-612371 kc_text_block .producttab1\"><\/p>\n<p>ECOTOP1VA<\/p>\n<p>\n<\/div><div class=\"kc-elm kc-css-250657 kc_text_block .producttab1\"><\/p>\n<p>50<\/p>\n<p>\n<\/div><div class=\"kc-elm kc-css-948311 kc_text_block .producttab1\"><\/p>\n<p>200\/300\/400<\/p>\n<p>\n<\/div><div class=\"kc-elm kc-css-294374 kc_text_block .producttab1\"><\/p>\n<p>640\/685\/725<\/p>\n<p>\n<\/div><div class=\"kc-elm kc-css-585227 kc_text_block .producttab1\"><\/p>\n<p>53550<\/p>\n<p>\n<\/div><div class=\"kc-elm kc-css-340012 kc_text_block .producttab1\"><\/p>\n<p>62,27<\/p>\n<p>\n<\/div><div class=\"kc-elm kc-css-317012 kc_text_block .producttab1\"><\/p>\n<p>224162<\/p>\n<p>\n<\/div><div class=\"kc-elm kc-css-439648 kc_text_block .producttab1\"><\/p>\n<p>2-4<\/p>\n<p>\n<\/div><div class=\"kc-elm kc-css-314444 kc_text_block .producttab1\"><\/p>\n<p>4,5<\/p>\n<p>\n<\/div><\/div><\/div><div class=\"kc-elm kc-css-567087 kc_col-sm-3 kc_column_inner kc_col-sm-3\"><div class=\"kc_wrapper kc-col-inner-container\"><div class=\"kc-elm kc-css-840068 kc_text_block .producttab1\"><\/p>\n<p>ECOTOP2VA<\/p>\n<p>\n<\/div><div class=\"kc-elm kc-css-352146 kc_text_block .producttab1\"><\/p>\n<p>60<\/p>\n<p>\n<\/div><div class=\"kc-elm kc-css-453886 kc_text_block .producttab1\"><\/p>\n<p>200\/300\/400<\/p>\n<p>\n<\/div><div class=\"kc-elm kc-css-796262 kc_text_block .producttab1\"><\/p>\n<p>745\/790\/830<\/p>\n<p>\n<\/div><div class=\"kc-elm kc-css-960981 kc_text_block .producttab1\"><\/p>\n<p>64260<\/p>\n<p>\n<\/div><div class=\"kc-elm kc-css-410275 kc_text_block .producttab1\"><\/p>\n<p>74,72<\/p>\n<p>\n<\/div><div class=\"kc-elm kc-css-264236 kc_text_block .producttab1\"><\/p>\n<p>268995<\/p>\n<p>\n<\/div><div class=\"kc-elm kc-css-906227 kc_text_block .producttab1\"><\/p>\n<p>2-4<\/p>\n<p>\n<\/div><div class=\"kc-elm kc-css-160476 kc_text_block .producttab1\"><\/p>\n<p>5,4<\/p>\n<p>\n<\/div><\/div><\/div><div class=\"kc-elm kc-css-406874 kc_col-sm-3 kc_column_inner kc_col-sm-3\"><div class=\"kc_wrapper kc-col-inner-container\"><div class=\"kc-elm kc-css-805267 kc_text_block .producttab1\"><\/p>\n<p>ECOTOP3VA<\/p>\n<p>\n<\/div><div class=\"kc-elm kc-css-609056 kc_text_block .producttab1\"><\/p>\n<p>70<\/p>\n<p>\n<\/div><div class=\"kc-elm kc-css-82495 kc_text_block .producttab1\"><\/p>\n<p>200\/300\/400<\/p>\n<p>\n<\/div><div class=\"kc-elm kc-css-557939 kc_text_block .producttab1\"><\/p>\n<p>745\/790\/830<\/p>\n<p>\n<\/div><div class=\"kc-elm kc-css-264822 kc_text_block .producttab1\"><\/p>\n<p>71400<\/p>\n<p>\n<\/div><div class=\"kc-elm kc-css-185736 kc_text_block .producttab1\"><\/p>\n<p>83,02<\/p>\n<p>\n<\/div><div class=\"kc-elm kc-css-299852 kc_text_block .producttab1\"><\/p>\n<p>298883<\/p>\n<p>\n<\/div><div class=\"kc-elm kc-css-910456 kc_text_block .producttab1\"><\/p>\n<p>2-4<\/p>\n<p>\n<\/div><div class=\"kc-elm kc-css-904193 kc_text_block .producttab1\"><\/p>\n<p>6,0<\/p>\n<p>\n<\/div><\/div><\/div><\/div>\n<div class=\"kc-elm kc-css-20908\">\n\t<a class=\"kc_button\" href=\"\/wp-content\/uploads\/2018\/07\/manuale_web_narcisi_ecotop_va.pdf\" target=\"_blank\" title=\"\" onclick=\"\">\n\t\t<i class=\"et-document\"><\/i> Download PDF\t<\/a>\n<\/div>\n<div class=\"kc-elm kc-css-183069 kc-raw-code\"><div class=\"contbckbtn\">\r\n  <form>\r\n    <input type=\"button\" class=\"bckbtn\" value=\"regresar a la lista de productos\" onClick=\"javascript:history.back()\" name=\"button\">\r\n  <\/form>\r\n<\/div><\/div><\/div><\/div><\/div><\/div><\/section><section class=\"kc-elm kc-css-567028 kc_row sidebar-page-container with-left-sidebar\"><div class=\"kc-row-container  kc-container\"><div class=\"kc-wrap-columns\"><div class=\"kc-elm kc-css-299377 kc_col-sm-3 kc_column kc_col-sm-3 sidebar-side\"><div class=\"sidebar kc-col-container\"><div class=\"kc-elm kc-css-910641 widget-area kc-wp-sidebar\"><\/div><\/div><\/div><div class=\"kc-elm kc-css-531492 kc_col-sm-9 kc_column kc_col-sm-9\"><div class=\"kc-col-container\"><!--Content Side-->\n<div class=\"content-side \">\n\t<!--Service Details-->\n\t<section class=\"service-details\">\n\t\t\n\t\t<figure class=\"big-image\"><img src=\"https:\/\/0g9nuobpwvp.preview.infomaniak.website\/wp-content\/uploads\/2017\/04\/placeholder-50.jpg\" alt=\"Image\"><\/figure>\n\t\t\n\t\t<!--Text Content-->\n\t\t<div class=\"content\">\n\t\t\t<h3>Business Solution  <\/h3>\n\t\t\t<p>Lorem ipsum dolor sit amet, consectetur adipiscing elit. Curabitur libero enim, lacinia finibus ante et, imperdiet finibus risus. Donec malesuada luctus elit nec hendrerit. Integer ex sap ien, eleifend sit amet tellus ut, porttitor dictum velit. Nulla scelerisque, nisl eu maximus bibendum nibh risus eleifend ex, id dapibus leo dui in nulla. Donec sollicitudin molestie erat sit amet elementum. Donec at lacinia massa, eu hen rit ex. Donec hendrerit, porttitor.<\/p><blockquote><div class=\"txt\">People think focus means saying yes to the thing you\u2019ve got to focus on. But that\u2019s not what it means at all. It means saying no to the hundred other good ideas that there are. You have to pick carefully. I\u2019m actually as proud of the things.<\/div><\/blockquote><p>ex orci sollicitudin dolor, et scelerisque sem ex in nisi.Nulla pulvinar vitae arcu at cursus. Class aptent taciti sociosqu ad litora torquent per co Curabitur accumsan mauris vitae leo tempus, ac sceleri sque massa elementum. In blandit fringilla tincidunt. Proin commodo tortor vitae is nisi. Etiam accumsan massa volutpat tellus<\/p>\t\t\t<h3>Marketing STRATEGY  <\/h3>\n\t\t\t<div class=\"row clearfix\">\n\t\t\t\t<div class=\"col-md-6 col-sm-6 col-xs-12\">\n\t\t\t\t\t<p>Lorem ipsum dolor sit amet, consectetur adipiscing elitazaa. fsdssd Curabitur libero eni lacinia finibus ante et, imaperdiet finibus risus. Donec malesuadaluctus elit naaacec hendrerit. Integer ex sap ien, ds eleifend sit amet tellus ut, porttitor dict um velit. Nulla dssd ads scelerisque, nisl euasaszz maximus bibendum nibh risus eleifen ex, a nulla.<\/p><p> Donec sollicitudin molestie erat sit amet elementum. Donec at lacinia massa.ex orci sollicitudinaasa dolor, e scelerisque sem ex in nisi.Nulla pulvinar vitae ar cu at cursus.<\/p>\t\t\t\t<\/div>\n\t\t\t\t<div class=\"col-md-6 col-sm-6 col-xs-12\">\n\t\t\t\t\t<!--Graph Chart-->\n\t\t\t\t\t<div class=\"chart-outer\">\n\t\t\t\t\t\t<div id=\"Chart1\" style=\"height: 270px; width: 100%;\"><\/div>\n\t\t\t\t\t<\/div>\n\t\t\t\t<\/div>\n\t\t\t<\/div>\n\t\t\t\n\t\t\t<!--Faqs-->\n\t\t\t<div class=\"faqs\">\n\t\t\t\t<!--Accordion Box-->\n\t\t\t\t<ul class=\"accordion-box\">\n\t\t\t\t\n\t\t\t\t\t\t\t\t\t\t\t<!--Block-->\n\t\t\t\t\t\t<li class=\"accordion block active-block\">\n\t\t\t\t\t\t\t<div class=\"acc-btn active\"><div class=\"icon-outer\"><span class=\"icon fa fa-angle-right\"><\/span><\/div> Marketing Strategy<\/div>\n\t\t\t\t\t\t\t<div class=\"acc-content current\">\n\t\t\t\t\t\t\t\t<div class=\"content\"><p>Cum sociis natoque penatibus et magnis dis parturient ntesmus. Proin vel nibh et elit mollis commodo et nec augue tristique sed Quisque velit nisi, pretium.nibh.Cum sociis natoque penatibus et magnis dis parturient ntesmus. Proin vel nibh et elit mollis commodo et nec augue tristique sed Quisque velit nisi, pretium.nibh.<\/p><\/div>\n\t\t\t\t\t\t\t<\/div>\n\t\t\t\t\t\t<\/li>\n\t\t\t\t\t\t\t\t\t\t\t<!--Block-->\n\t\t\t\t\t\t<li class=\"accordion block \">\n\t\t\t\t\t\t\t<div class=\"acc-btn \"><div class=\"icon-outer\"><span class=\"icon fa fa-angle-right\"><\/span><\/div> Econometric Modeling<\/div>\n\t\t\t\t\t\t\t<div class=\"acc-content \">\n\t\t\t\t\t\t\t\t<div class=\"content\"><p>Cum sociis natoque penatibus et magnis dis parturient ntesmus. Proin vel nibh et elit mollis commodo et nec augue tristique sed Quisque velit nisi, pretium.nibh.Cum sociis natoque penatibus et magnis dis parturient ntesmus. Proin vel nibh et elit mollis commodo et nec augue tristique sed Quisque velit nisi, pretium.nibh.<\/p><\/div>\n\t\t\t\t\t\t\t<\/div>\n\t\t\t\t\t\t<\/li>\n\t\t\t\t\t\t\t\t\t\t\t<!--Block-->\n\t\t\t\t\t\t<li class=\"accordion block \">\n\t\t\t\t\t\t\t<div class=\"acc-btn \"><div class=\"icon-outer\"><span class=\"icon fa fa-angle-right\"><\/span><\/div> Professional Skills <\/div>\n\t\t\t\t\t\t\t<div class=\"acc-content \">\n\t\t\t\t\t\t\t\t<div class=\"content\"><p>Cum sociis natoque penatibus et magnis dis parturient ntesmus. Proin vel nibh et elit mollis commodo et nec augue tristique sed Quisque velit nisi, pretium.nibh.Cum sociis natoque penatibus et magnis dis parturient ntesmus. Proin vel nibh et elit mollis commodo et nec augue tristique sed Quisque velit nisi, pretium.nibh.<\/p><\/div>\n\t\t\t\t\t\t\t<\/div>\n\t\t\t\t\t\t<\/li>\n\t\t\t\t\t\t\t\t\t\t\t<!--Block-->\n\t\t\t\t\t\t<li class=\"accordion block \">\n\t\t\t\t\t\t\t<div class=\"acc-btn \"><div class=\"icon-outer\"><span class=\"icon fa fa-angle-right\"><\/span><\/div> Statistical Software <\/div>\n\t\t\t\t\t\t\t<div class=\"acc-content \">\n\t\t\t\t\t\t\t\t<div class=\"content\"><p>Cum sociis natoque penatibus et magnis dis parturient ntesmus. Proin vel nibh et elit mollis commodo et nec augue tristique sed Quisque velit nisi, pretium.nibh.Cum sociis natoque penatibus et magnis dis parturient ntesmus. Proin vel nibh et elit mollis commodo et nec augue tristique sed Quisque velit nisi, pretium.nibh.<\/p><\/div>\n\t\t\t\t\t\t\t<\/div>\n\t\t\t\t\t\t<\/li>\n\t\t\t\t\t\n\t\t\t\t<\/ul><!--End Accordion Box-->\n\t\t\t<\/div>\n\t\t\n\t\t<\/div>\n\t<\/section>\n\n<\/div>\n<!--Content Side--><\/div><\/div><\/div><\/div><\/section><\/p>\n","protected":false},"excerpt":{"rendered":"","protected":false},"author":1,"featured_media":0,"parent":0,"menu_order":0,"comment_status":"closed","ping_status":"closed","template":"tpl-king-composer.php","meta":[],"_links":{"self":[{"href":"https:\/\/narcisi.it\/es\/wp-json\/wp\/v2\/pages\/2561"}],"collection":[{"href":"https:\/\/narcisi.it\/es\/wp-json\/wp\/v2\/pages"}],"about":[{"href":"https:\/\/narcisi.it\/es\/wp-json\/wp\/v2\/types\/page"}],"author":[{"embeddable":true,"href":"https:\/\/narcisi.it\/es\/wp-json\/wp\/v2\/users\/1"}],"replies":[{"embeddable":true,"href":"https:\/\/narcisi.it\/es\/wp-json\/wp\/v2\/comments?post=2561"}],"version-history":[{"count":6,"href":"https:\/\/narcisi.it\/es\/wp-json\/wp\/v2\/pages\/2561\/revisions"}],"predecessor-version":[{"id":6800,"href":"https:\/\/narcisi.it\/es\/wp-json\/wp\/v2\/pages\/2561\/revisions\/6800"}],"wp:attachment":[{"href":"https:\/\/narcisi.it\/es\/wp-json\/wp\/v2\/media?parent=2561"}],"curies":[{"name":"wp","href":"https:\/\/api.w.org\/{rel}","templated":true}]}}