{"id":3207,"date":"2018-07-18T18:22:34","date_gmt":"2018-07-18T16:22:34","guid":{"rendered":"https:\/\/0g9nuobpwvp.preview.infomaniak.website\/?page_id=3207"},"modified":"2022-04-26T10:07:59","modified_gmt":"2022-04-26T08:07:59","slug":"soplete-deluxe-d70-brazo-mm200","status":"publish","type":"page","link":"https:\/\/narcisi.it\/es\/soplete-deluxe-d70-brazo-mm200\/","title":{"rendered":"Soplete Deluxe d.70 brazo mm.200"},"content":{"rendered":"<p><section class=\"kc-elm kc-css-132371 kc_row\"><div class=\"kc-row-container  kc-container\"><div class=\"kc-wrap-columns\"><div class=\"kc-elm kc-css-49079 kc_col-sm-3 kc_column kc_col-sm-3 sidebar-side\"><div class=\"sidebar kc-col-container\"><div class=\"kc-elm kc-css-508452 widget-area kc-wp-sidebar\"><div id=\"custom_html-9\" class=\"widget_text side-bar widget sidebar_widget widget_custom_html\"><div class=\"sec-title\"><h3 class=\"skew-lines\">Elenco categorie<\/h3><\/div><div class=\"textwidget custom-html-widget\"><div class=\"sidebar kc-col-container\">\r\n  <div class=\"kc-elm kc-css-114843 widget-area kc-wp-sidebar\">\r\n    <div id=\"bunch_services_posts-2\" class=\"widget sidebar-widget widget_bunch_services_posts\">\t\t\r\n\r\n      <!-- Categorie -->\r\n      <div class=\"services\">\r\n        <ul class=\"service-list\">\t\t\t\r\n\r\n          <li><a href=\"\/es\/kit-para-impermeabilizacion\/\">kit para impermeabilizacion<\/a><\/li>\r\n          <li><a href=\"\/es\/sopletes-neptune\/\">Sopletes Neptune<\/a><\/li>\r\n          <li><a href=\"\/es\/sopletes-deluxe\/\">Sopletes Deluxe<\/a><\/li>\r\n          <li><a href=\"\/es\/sopletes-ecogas\/\">Sopletes Ecogas<\/a><\/li>\r\n          <li><a href=\"\/es\/sopletes-light\/\">Sopletes Light<\/a><\/li>\r\n          <li><a href=\"\/es\/otro-equipo\/\">Otro equipo<\/a><\/li>\r\n          <li><a href=\"\/es\/tubo-flexible\/\">Tubo flexible<\/a><\/li>\r\n          <li><a href=\"\/es\/otros-accesorios\/\">Otros accesorios<\/a><\/li>\r\n          <li><a href=\"\/es\/reguladores-de-gas\/\">Reguladores de gas<\/a><\/li>\r\n\r\n        <\/ul>\r\n      <\/div>\r\n\r\n    <\/div>\r\n  <\/div>\r\n<\/div><\/div><\/div><\/div><div class=\"kc-elm kc-css-990075 widget-area kc-wp-sidebar\"><div id=\"custom_html-11\" class=\"widget_text side-bar widget sidebar_widget widget_custom_html\"><div class=\"sec-title\"><h3 class=\"skew-lines\">Titolo Ultime Novit\u00e0<\/h3><\/div><div class=\"textwidget custom-html-widget\"><p class=\"ttlcolsx1\">\u00daLTIMAS NOTICIAS<\/p><\/div><\/div><\/div><\/div><\/div><div class=\"kc-elm kc-css-262486 kc_col-sm-9 kc_column kc_col-sm-9\"><div class=\"kc-col-container\"><div class=\"kc-elm kc-css-479757 kc_shortcode kc_single_image\">\n\n        <img src=\"https:\/\/narcisi.it\/wp-content\/uploads\/2018\/07\/roofing_torch_narcisi_cdell50.jpg\" class=\"\" alt=\"\" \/>    <\/div>\n<div class=\"kc-elm kc-css-54230 kc_text_block\"><\/p>\n<p class=\"ttlpgsingcategoria\">SOPLETE DELUXE d.70 brazo mm.200<\/p>\n<p>\n<\/div><div class=\"kc-elm kc-css-215481 kc_text_block\"><\/p>\n<p>El soplete Deluxe (CDEL70) es el top de la gama Narcisi, en este modelo se utilizan los mejores materiales, la cura en la producci\u00f3n y las pruebas meticulosas aseguran que el usuario tenga conocimiento inmediato de que haya comprado uno de los mejores equipos en absoluto. La armadura de este soplete es completamente hecha en lat\u00f3n, cada articulaci\u00f3n se enhebra y es braseado en liga de plata Ag45 porque particularmente flexible.<\/p>\n<p>Boquilla y mezclador est\u00e1n enroscados y atornillados al brazo, entonces se sustituyen f\u00e1cilmente en caso de desgaste o en necesidad de cambiar el di\u00e1metro de la boquilla.<\/p>\n<p>El cuerpo grifo est\u00e1 equipado con una abertura \/ ajuste que gestiona el flujo de gas para toda la v\u00e1lvula, de un dispositivo de espionaje para la ignici\u00f3n de la llama en seguridad, una segunda abertura para manejar a gusto la llama al m\u00ednimo (p. ej. si debido al viento, el dispositivo de alimentaci\u00f3n no es suficiente) cuando el soplete est\u00e1 en stand-by, y una palanca de abertura r\u00e1pida; todo construido seg\u00fan las normas europeas ISO EN9012.<\/p>\n<p>El equilibrio perfecto de la mezcla aire-gas ofrece un rendimiento excelente con un ahorro alto de gas en su gama. Est\u00e1n montados de serie un pivote al cual la manguera puede ser enganchada o desenganchada por medio de una tuerca de ajuste c\u00f3nica con rasca a la izquierda, un soporte de apoyo seguro del soplete en posici\u00f3n stand-by, mientras a petici\u00f3n se puede instalar la ignici\u00f3n piezoel\u00e9ctrica.<\/p>\n<p>La opci\u00f3n es entre tres di\u00e1metros de boquilla (mm.50\/60\/70) mientras la medida est\u00e1ndar del brazo es de mm.200\/300\/400; sin embargo puede ser solicitado por el cliente y adaptado seg\u00fan las necesidades espec\u00edficas.<\/p>\n<p>\n<\/div><div class=\"kc-elm kc-css-355912 kc-raw-code\"><div class=\"spacesingcat\"><\/div><\/div><div class=\"kc-elm kc-css-31495 kc_text_block\"><\/p>\n<p class=\"ttlpgsingcategoria3\">DATOS T\u00c9CNICOS<\/p>\n<p>\n<\/div><div class=\"kc-elm kc-css-759780 kc_row kc_row_inner\"><div class=\"kc-elm kc-css-457695 kc_col-sm-3 kc_column_inner kc_col-sm-3\"><div class=\"kc_wrapper kc-col-inner-container\"><div class=\"kc-elm kc-css-66649 kc_text_block .producttab1\"><\/p>\n<p>Codigo<\/p>\n<p>\n<\/div><div class=\"kc-elm kc-css-622462 kc_text_block .producttab1\"><\/p>\n<p>Campana<\/p>\n<p>\n<\/div><div class=\"kc-elm kc-css-384103 kc_text_block .producttab1\"><\/p>\n<p>Brazo<\/p>\n<p>\n<\/div><div class=\"kc-elm kc-css-944571 kc_text_block .producttab1\"><\/p>\n<p>Peso (g)<\/p>\n<p>\n<\/div><div class=\"kc-elm kc-css-862202 kc_text_block .producttab1\"><\/p>\n<p>Kcal\/h<\/p>\n<p>\n<\/div><div class=\"kc-elm kc-css-130812 kc_text_block .producttab1\"><\/p>\n<p>Kw<\/p>\n<p>\n<\/div><div class=\"kc-elm kc-css-582498 kc_text_block .producttab1\"><\/p>\n<p>Kj\/h<\/p>\n<p>\n<\/div><div class=\"kc-elm kc-css-146814 kc_text_block .producttab1\"><\/p>\n<p>Presion utilizo bar<\/p>\n<p>\n<\/div><div class=\"kc-elm kc-css-781101 kc_text_block .producttab1\"><\/p>\n<p>Gasto Max Kg\/h<\/p>\n<p>\n<\/div><\/div><\/div><div class=\"kc-elm kc-css-34994 kc_col-sm-3 kc_column_inner kc_col-sm-3\"><div class=\"kc_wrapper kc-col-inner-container\"><div class=\"kc-elm kc-css-981903 kc_text_block .producttab1\"><\/p>\n<p>CDEL70<\/p>\n<p>\n<\/div><div class=\"kc-elm kc-css-646621 kc_text_block .producttab1\"><\/p>\n<p>70<\/p>\n<p>\n<\/div><div class=\"kc-elm kc-css-958524 kc_text_block .producttab1\"><\/p>\n<p>200<\/p>\n<p>\n<\/div><div class=\"kc-elm kc-css-401394 kc_text_block .producttab1\"><\/p>\n<p>865<\/p>\n<p>\n<\/div><div class=\"kc-elm kc-css-940135 kc_text_block .producttab1\"><\/p>\n<p>71400<\/p>\n<p>\n<\/div><div class=\"kc-elm kc-css-850886 kc_text_block .producttab1\"><\/p>\n<p>83,02<\/p>\n<p>\n<\/div><div class=\"kc-elm kc-css-781748 kc_text_block .producttab1\"><\/p>\n<p>289883<\/p>\n<p>\n<\/div><div class=\"kc-elm kc-css-531260 kc_text_block .producttab1\"><\/p>\n<p>2-4<\/p>\n<p>\n<\/div><div class=\"kc-elm kc-css-943214 kc_text_block .producttab1\"><\/p>\n<p>6,0<\/p>\n<p>\n<\/div><\/div><\/div><div class=\"kc-elm kc-css-952405 kc_col-sm-3 kc_column_inner kc_col-sm-3\"><div class=\"kc_wrapper kc-col-inner-container\"><div class=\"kc-elm kc-css-160538 kc_text_block .producttab1\"><\/p>\n<p>&#8211;<\/p>\n<p>\n<\/div><div class=\"kc-elm kc-css-424724 kc_text_block .producttab1\"><\/p>\n<p>&#8211;<\/p>\n<p>\n<\/div><div class=\"kc-elm kc-css-571261 kc_text_block .producttab1\"><\/p>\n<p>&#8211;<\/p>\n<p>\n<\/div><div class=\"kc-elm kc-css-797665 kc_text_block .producttab1\"><\/p>\n<p>&#8211;<\/p>\n<p>\n<\/div><div class=\"kc-elm kc-css-394400 kc_text_block .producttab1\"><\/p>\n<p>&#8211;<\/p>\n<p>\n<\/div><div class=\"kc-elm kc-css-850513 kc_text_block .producttab1\"><\/p>\n<p>&#8211;<\/p>\n<p>\n<\/div><div class=\"kc-elm kc-css-780587 kc_text_block .producttab1\"><\/p>\n<p>&#8211;<\/p>\n<p>\n<\/div><div class=\"kc-elm kc-css-707346 kc_text_block .producttab1\"><\/p>\n<p>&#8211;<\/p>\n<p>\n<\/div><div class=\"kc-elm kc-css-934279 kc_text_block .producttab1\"><\/p>\n<p>&#8211;<\/p>\n<p>\n<\/div><\/div><\/div><div class=\"kc-elm kc-css-186467 kc_col-sm-3 kc_column_inner kc_col-sm-3\"><div class=\"kc_wrapper kc-col-inner-container\"><div class=\"kc-elm kc-css-361517 kc_text_block .producttab1\"><\/p>\n<p>&#8211;<\/p>\n<p>\n<\/div><div class=\"kc-elm kc-css-629035 kc_text_block .producttab1\"><\/p>\n<p>&#8211;<\/p>\n<p>\n<\/div><div class=\"kc-elm kc-css-565256 kc_text_block .producttab1\"><\/p>\n<p>&#8211;<\/p>\n<p>\n<\/div><div class=\"kc-elm kc-css-27865 kc_text_block .producttab1\"><\/p>\n<p>&#8211;<\/p>\n<p>\n<\/div><div class=\"kc-elm kc-css-895561 kc_text_block .producttab1\"><\/p>\n<p>&#8211;<\/p>\n<p>\n<\/div><div class=\"kc-elm kc-css-670973 kc_text_block .producttab1\"><\/p>\n<p>&#8211;<\/p>\n<p>\n<\/div><div class=\"kc-elm kc-css-820404 kc_text_block .producttab1\"><\/p>\n<p>&#8211;<\/p>\n<p>\n<\/div><div class=\"kc-elm kc-css-618264 kc_text_block .producttab1\"><\/p>\n<p>&#8211;<\/p>\n<p>\n<\/div><div class=\"kc-elm kc-css-865436 kc_text_block .producttab1\"><\/p>\n<p>&#8211;<\/p>\n<p>\n<\/div><\/div><\/div><\/div>\n<div class=\"kc-elm kc-css-151587\">\n\t<a class=\"kc_button .tstpdfoff\" href=\"\/wp-content\/uploads\/2017\/11\/manuale_x_web_neptune_nuovo.pdf\" target=\"_blank\" title=\"\" onclick=\"\">\n\t\t<i class=\"et-document\"><\/i> Download PDF\t<\/a>\n<\/div>\n<div class=\"kc-elm kc-css-90733 kc-raw-code\"><div class=\"contbckbtn\">\r\n  <form>\r\n    <input type=\"button\" class=\"bckbtn\" value=\"regresar a la lista de productos\" onClick=\"javascript:history.back()\" name=\"button\">\r\n  <\/form>\r\n<\/div><\/div><\/div><\/div><\/div><\/div><\/section><section class=\"kc-elm kc-css-844016 kc_row sidebar-page-container with-left-sidebar\"><div class=\"kc-row-container  kc-container\"><div class=\"kc-wrap-columns\"><div class=\"kc-elm kc-css-788963 kc_col-sm-3 kc_column kc_col-sm-3 sidebar-side\"><div class=\"sidebar kc-col-container\"><div class=\"kc-elm kc-css-452442 widget-area kc-wp-sidebar\"><\/div><\/div><\/div><div class=\"kc-elm kc-css-929101 kc_col-sm-9 kc_column kc_col-sm-9\"><div class=\"kc-col-container\"><!--Content Side-->\n<div class=\"content-side \">\n\t<!--Service Details-->\n\t<section class=\"service-details\">\n\t\t\n\t\t<figure class=\"big-image\"><img src=\"https:\/\/0g9nuobpwvp.preview.infomaniak.website\/wp-content\/uploads\/2017\/04\/placeholder-50.jpg\" alt=\"Image\"><\/figure>\n\t\t\n\t\t<!--Text Content-->\n\t\t<div class=\"content\">\n\t\t\t<h3>Business Solution  <\/h3>\n\t\t\t<p>Lorem ipsum dolor sit amet, consectetur adipiscing elit. Curabitur libero enim, lacinia finibus ante et, imperdiet finibus risus. Donec malesuada luctus elit nec hendrerit. Integer ex sap ien, eleifend sit amet tellus ut, porttitor dictum velit. Nulla scelerisque, nisl eu maximus bibendum nibh risus eleifend ex, id dapibus leo dui in nulla. Donec sollicitudin molestie erat sit amet elementum. Donec at lacinia massa, eu hen rit ex. Donec hendrerit, porttitor.<\/p><blockquote><div class=\"txt\">People think focus means saying yes to the thing you\u2019ve got to focus on. But that\u2019s not what it means at all. It means saying no to the hundred other good ideas that there are. You have to pick carefully. I\u2019m actually as proud of the things.<\/div><\/blockquote><p>ex orci sollicitudin dolor, et scelerisque sem ex in nisi.Nulla pulvinar vitae arcu at cursus. Class aptent taciti sociosqu ad litora torquent per co Curabitur accumsan mauris vitae leo tempus, ac sceleri sque massa elementum. In blandit fringilla tincidunt. Proin commodo tortor vitae is nisi. Etiam accumsan massa volutpat tellus<\/p>\t\t\t<h3>Marketing STRATEGY  <\/h3>\n\t\t\t<div class=\"row clearfix\">\n\t\t\t\t<div class=\"col-md-6 col-sm-6 col-xs-12\">\n\t\t\t\t\t<p>Lorem ipsum dolor sit amet, consectetur adipiscing elitazaa. fsdssd Curabitur libero eni lacinia finibus ante et, imaperdiet finibus risus. Donec malesuadaluctus elit naaacec hendrerit. Integer ex sap ien, ds eleifend sit amet tellus ut, porttitor dict um velit. Nulla dssd ads scelerisque, nisl euasaszz maximus bibendum nibh risus eleifen ex, a nulla.<\/p><p> Donec sollicitudin molestie erat sit amet elementum. Donec at lacinia massa.ex orci sollicitudinaasa dolor, e scelerisque sem ex in nisi.Nulla pulvinar vitae ar cu at cursus.<\/p>\t\t\t\t<\/div>\n\t\t\t\t<div class=\"col-md-6 col-sm-6 col-xs-12\">\n\t\t\t\t\t<!--Graph Chart-->\n\t\t\t\t\t<div class=\"chart-outer\">\n\t\t\t\t\t\t<div id=\"Chart1\" style=\"height: 270px; width: 100%;\"><\/div>\n\t\t\t\t\t<\/div>\n\t\t\t\t<\/div>\n\t\t\t<\/div>\n\t\t\t\n\t\t\t<!--Faqs-->\n\t\t\t<div class=\"faqs\">\n\t\t\t\t<!--Accordion Box-->\n\t\t\t\t<ul class=\"accordion-box\">\n\t\t\t\t\n\t\t\t\t\t\t\t\t\t\t\t<!--Block-->\n\t\t\t\t\t\t<li class=\"accordion block active-block\">\n\t\t\t\t\t\t\t<div class=\"acc-btn active\"><div class=\"icon-outer\"><span class=\"icon fa fa-angle-right\"><\/span><\/div> Marketing Strategy<\/div>\n\t\t\t\t\t\t\t<div class=\"acc-content current\">\n\t\t\t\t\t\t\t\t<div class=\"content\"><p>Cum sociis natoque penatibus et magnis dis parturient ntesmus. Proin vel nibh et elit mollis commodo et nec augue tristique sed Quisque velit nisi, pretium.nibh.Cum sociis natoque penatibus et magnis dis parturient ntesmus. Proin vel nibh et elit mollis commodo et nec augue tristique sed Quisque velit nisi, pretium.nibh.<\/p><\/div>\n\t\t\t\t\t\t\t<\/div>\n\t\t\t\t\t\t<\/li>\n\t\t\t\t\t\t\t\t\t\t\t<!--Block-->\n\t\t\t\t\t\t<li class=\"accordion block \">\n\t\t\t\t\t\t\t<div class=\"acc-btn \"><div class=\"icon-outer\"><span class=\"icon fa fa-angle-right\"><\/span><\/div> Econometric Modeling<\/div>\n\t\t\t\t\t\t\t<div class=\"acc-content \">\n\t\t\t\t\t\t\t\t<div class=\"content\"><p>Cum sociis natoque penatibus et magnis dis parturient ntesmus. Proin vel nibh et elit mollis commodo et nec augue tristique sed Quisque velit nisi, pretium.nibh.Cum sociis natoque penatibus et magnis dis parturient ntesmus. Proin vel nibh et elit mollis commodo et nec augue tristique sed Quisque velit nisi, pretium.nibh.<\/p><\/div>\n\t\t\t\t\t\t\t<\/div>\n\t\t\t\t\t\t<\/li>\n\t\t\t\t\t\t\t\t\t\t\t<!--Block-->\n\t\t\t\t\t\t<li class=\"accordion block \">\n\t\t\t\t\t\t\t<div class=\"acc-btn \"><div class=\"icon-outer\"><span class=\"icon fa fa-angle-right\"><\/span><\/div> Professional Skills <\/div>\n\t\t\t\t\t\t\t<div class=\"acc-content \">\n\t\t\t\t\t\t\t\t<div class=\"content\"><p>Cum sociis natoque penatibus et magnis dis parturient ntesmus. Proin vel nibh et elit mollis commodo et nec augue tristique sed Quisque velit nisi, pretium.nibh.Cum sociis natoque penatibus et magnis dis parturient ntesmus. Proin vel nibh et elit mollis commodo et nec augue tristique sed Quisque velit nisi, pretium.nibh.<\/p><\/div>\n\t\t\t\t\t\t\t<\/div>\n\t\t\t\t\t\t<\/li>\n\t\t\t\t\t\t\t\t\t\t\t<!--Block-->\n\t\t\t\t\t\t<li class=\"accordion block \">\n\t\t\t\t\t\t\t<div class=\"acc-btn \"><div class=\"icon-outer\"><span class=\"icon fa fa-angle-right\"><\/span><\/div> Statistical Software <\/div>\n\t\t\t\t\t\t\t<div class=\"acc-content \">\n\t\t\t\t\t\t\t\t<div class=\"content\"><p>Cum sociis natoque penatibus et magnis dis parturient ntesmus. Proin vel nibh et elit mollis commodo et nec augue tristique sed Quisque velit nisi, pretium.nibh.Cum sociis natoque penatibus et magnis dis parturient ntesmus. Proin vel nibh et elit mollis commodo et nec augue tristique sed Quisque velit nisi, pretium.nibh.<\/p><\/div>\n\t\t\t\t\t\t\t<\/div>\n\t\t\t\t\t\t<\/li>\n\t\t\t\t\t\n\t\t\t\t<\/ul><!--End Accordion Box-->\n\t\t\t<\/div>\n\t\t\n\t\t<\/div>\n\t<\/section>\n\n<\/div>\n<!--Content Side--><\/div><\/div><\/div><\/div><\/section><\/p>\n","protected":false},"excerpt":{"rendered":"","protected":false},"author":1,"featured_media":0,"parent":0,"menu_order":0,"comment_status":"closed","ping_status":"closed","template":"tpl-king-composer.php","meta":[],"_links":{"self":[{"href":"https:\/\/narcisi.it\/es\/wp-json\/wp\/v2\/pages\/3207"}],"collection":[{"href":"https:\/\/narcisi.it\/es\/wp-json\/wp\/v2\/pages"}],"about":[{"href":"https:\/\/narcisi.it\/es\/wp-json\/wp\/v2\/types\/page"}],"author":[{"embeddable":true,"href":"https:\/\/narcisi.it\/es\/wp-json\/wp\/v2\/users\/1"}],"replies":[{"embeddable":true,"href":"https:\/\/narcisi.it\/es\/wp-json\/wp\/v2\/comments?post=3207"}],"version-history":[{"count":8,"href":"https:\/\/narcisi.it\/es\/wp-json\/wp\/v2\/pages\/3207\/revisions"}],"predecessor-version":[{"id":6765,"href":"https:\/\/narcisi.it\/es\/wp-json\/wp\/v2\/pages\/3207\/revisions\/6765"}],"wp:attachment":[{"href":"https:\/\/narcisi.it\/es\/wp-json\/wp\/v2\/media?parent=3207"}],"curies":[{"name":"wp","href":"https:\/\/api.w.org\/{rel}","templated":true}]}}