{"id":4253,"date":"2018-09-05T15:43:26","date_gmt":"2018-09-05T13:43:26","guid":{"rendered":"https:\/\/0g9nuobpwvp.preview.infomaniak.website\/?page_id=4253"},"modified":"2022-04-26T11:03:38","modified_gmt":"2022-04-26T09:03:38","slug":"soplete-light-d70-brazo-mm270","status":"publish","type":"page","link":"https:\/\/narcisi.it\/es\/soplete-light-d70-brazo-mm270\/","title":{"rendered":"Soplete Light d.70 brazo mm.270"},"content":{"rendered":"<p><section class=\"kc-elm kc-css-470895 kc_row\"><div class=\"kc-row-container  kc-container\"><div class=\"kc-wrap-columns\"><div class=\"kc-elm kc-css-579974 kc_col-sm-3 kc_column kc_col-sm-3 sidebar-side\"><div class=\"sidebar kc-col-container\"><div class=\"kc-elm kc-css-167953 widget-area kc-wp-sidebar\"><div id=\"custom_html-9\" class=\"widget_text side-bar widget sidebar_widget widget_custom_html\"><div class=\"sec-title\"><h3 class=\"skew-lines\">Elenco categorie<\/h3><\/div><div class=\"textwidget custom-html-widget\"><div class=\"sidebar kc-col-container\">\r\n  <div class=\"kc-elm kc-css-114843 widget-area kc-wp-sidebar\">\r\n    <div id=\"bunch_services_posts-2\" class=\"widget sidebar-widget widget_bunch_services_posts\">\t\t\r\n\r\n      <!-- Categorie -->\r\n      <div class=\"services\">\r\n        <ul class=\"service-list\">\t\t\t\r\n\r\n          <li><a href=\"\/es\/kit-para-impermeabilizacion\/\">kit para impermeabilizacion<\/a><\/li>\r\n          <li><a href=\"\/es\/sopletes-neptune\/\">Sopletes Neptune<\/a><\/li>\r\n          <li><a href=\"\/es\/sopletes-deluxe\/\">Sopletes Deluxe<\/a><\/li>\r\n          <li><a href=\"\/es\/sopletes-ecogas\/\">Sopletes Ecogas<\/a><\/li>\r\n          <li><a href=\"\/es\/sopletes-light\/\">Sopletes Light<\/a><\/li>\r\n          <li><a href=\"\/es\/otro-equipo\/\">Otro equipo<\/a><\/li>\r\n          <li><a href=\"\/es\/tubo-flexible\/\">Tubo flexible<\/a><\/li>\r\n          <li><a href=\"\/es\/otros-accesorios\/\">Otros accesorios<\/a><\/li>\r\n          <li><a href=\"\/es\/reguladores-de-gas\/\">Reguladores de gas<\/a><\/li>\r\n\r\n        <\/ul>\r\n      <\/div>\r\n\r\n    <\/div>\r\n  <\/div>\r\n<\/div><\/div><\/div><\/div><div class=\"kc-elm kc-css-339985 widget-area kc-wp-sidebar\"><div id=\"custom_html-11\" class=\"widget_text side-bar widget sidebar_widget widget_custom_html\"><div class=\"sec-title\"><h3 class=\"skew-lines\">Titolo Ultime Novit\u00e0<\/h3><\/div><div class=\"textwidget custom-html-widget\"><p class=\"ttlcolsx1\">\u00daLTIMAS NOTICIAS<\/p><\/div><\/div><\/div><\/div><\/div><div class=\"kc-elm kc-css-305935 kc_col-sm-9 kc_column kc_col-sm-9\"><div class=\"kc-col-container\"><div class=\"kc-elm kc-css-29988 kc_shortcode kc_single_image\">\n\n        <img src=\"https:\/\/narcisi.it\/wp-content\/uploads\/2018\/09\/roofing_torch_narcisi_nuova_cls70_0032.jpg\" class=\"\" alt=\"\" \/>    <\/div>\n<div class=\"kc-elm kc-css-26947 kc_text_block\"><\/p>\n<p class=\"ttlpgsingcategoria\">SOPLETE LIGHT d.70 brazo mm.270<\/p>\n<p>\n<\/div><div class=\"kc-elm kc-css-667313 kc_text_block\"><\/p>\n<p>El soplete Light tiene un brazo de hierro galvanizado de di\u00e1metro menor (mm. 270) que los otros modelos, lo hace m\u00e1s ligero, con la caracter\u00edstica de ser desmontable, para instalar otros accesorios (juntas de soldadura, hojalateros, etc.) tiene una llama m\u00e1s din\u00e1mica de los otros modelos y es agradable a los diferentes usuarios. El cuerpo grifo, redondeado de una fusi\u00f3n de lat\u00f3n, posee un pomo negro de control general que gestiona todo el bloque, incluy\u00e9ndola palanca de apertura r\u00e1pida, mientras el pomo de lat\u00f3n peque\u00f1o regula la llama m\u00ednima a voluntad del usuario. Este soplete est\u00e1 construido seg\u00fan las normas ISO EN9012 y viene equipado de serie con un soporte de apoyo seguro del soplete en el modo stand-by. A petici\u00f3n se puede instalar la ignici\u00f3n piezoel\u00e9ctrica.<\/p>\n<p>\n<\/div><div class=\"kc-elm kc-css-149518 kc-raw-code\"><div class=\"spacesingcat\"><\/div><\/div><div class=\"kc-elm kc-css-186277 kc_text_block\"><\/p>\n<p class=\"ttlpgsingcategoria3\">DATOS T\u00c9CNICOS<\/p>\n<p>\n<\/div><div class=\"kc-elm kc-css-994464 kc_row kc_row_inner\"><div class=\"kc-elm kc-css-798791 kc_col-sm-3 kc_column_inner kc_col-sm-3\"><div class=\"kc_wrapper kc-col-inner-container\"><div class=\"kc-elm kc-css-697544 kc_text_block .producttab1\"><\/p>\n<p>Codigo<\/p>\n<p>\n<\/div><div class=\"kc-elm kc-css-284519 kc_text_block .producttab1\"><\/p>\n<p>Campana<\/p>\n<p>\n<\/div><div class=\"kc-elm kc-css-359453 kc_text_block .producttab1\"><\/p>\n<p>Brazo<\/p>\n<p>\n<\/div><div class=\"kc-elm kc-css-724673 kc_text_block .producttab1\"><\/p>\n<p>Peso (g)<\/p>\n<p>\n<\/div><div class=\"kc-elm kc-css-697402 kc_text_block .producttab1\"><\/p>\n<p>Kcal\/h<\/p>\n<p>\n<\/div><div class=\"kc-elm kc-css-335462 kc_text_block .producttab1\"><\/p>\n<p>Kw<\/p>\n<p>\n<\/div><div class=\"kc-elm kc-css-437749 kc_text_block .producttab1\"><\/p>\n<p>Kj\/h<\/p>\n<p>\n<\/div><div class=\"kc-elm kc-css-556899 kc_text_block .producttab1\"><\/p>\n<p>Presion utilizo bar<\/p>\n<p>\n<\/div><div class=\"kc-elm kc-css-946728 kc_text_block .producttab1\"><\/p>\n<p>Gasto Max Kg\/h<\/p>\n<p>\n<\/div><\/div><\/div><div class=\"kc-elm kc-css-750012 kc_col-sm-3 kc_column_inner kc_col-sm-3\"><div class=\"kc_wrapper kc-col-inner-container\"><div class=\"kc-elm kc-css-77277 kc_text_block .producttab1\"><\/p>\n<p>CLS70<\/p>\n<p>\n<\/div><div class=\"kc-elm kc-css-414779 kc_text_block .producttab1\"><\/p>\n<p>70<\/p>\n<p>\n<\/div><div class=\"kc-elm kc-css-144860 kc_text_block .producttab1\"><\/p>\n<p>270<\/p>\n<p>\n<\/div><div class=\"kc-elm kc-css-956537 kc_text_block .producttab1\"><\/p>\n<p>830<\/p>\n<p>\n<\/div><div class=\"kc-elm kc-css-549739 kc_text_block .producttab1\"><\/p>\n<p>78540<\/p>\n<p>\n<\/div><div class=\"kc-elm kc-css-191140 kc_text_block .producttab1\"><\/p>\n<p>91,32<\/p>\n<p>\n<\/div><div class=\"kc-elm kc-css-827735 kc_text_block .producttab1\"><\/p>\n<p>328772<\/p>\n<p>\n<\/div><div class=\"kc-elm kc-css-588049 kc_text_block .producttab1\"><\/p>\n<p>2-4<\/p>\n<p>\n<\/div><div class=\"kc-elm kc-css-202505 kc_text_block .producttab1\"><\/p>\n<p>6,60<\/p>\n<p>\n<\/div><\/div><\/div><div class=\"kc-elm kc-css-48832 kc_col-sm-3 kc_column_inner kc_col-sm-3\"><div class=\"kc_wrapper kc-col-inner-container\"><div class=\"kc-elm kc-css-300838 kc_text_block .producttab1\"><\/p>\n<p>&#8211;<\/p>\n<p>\n<\/div><div class=\"kc-elm kc-css-650761 kc_text_block .producttab1\"><\/p>\n<p>&#8211;<\/p>\n<p>\n<\/div><div class=\"kc-elm kc-css-142512 kc_text_block .producttab1\"><\/p>\n<p>&#8211;<\/p>\n<p>\n<\/div><div class=\"kc-elm kc-css-164347 kc_text_block .producttab1\"><\/p>\n<p>&#8211;<\/p>\n<p>\n<\/div><div class=\"kc-elm kc-css-307429 kc_text_block .producttab1\"><\/p>\n<p>&#8211;<\/p>\n<p>\n<\/div><div class=\"kc-elm kc-css-187834 kc_text_block .producttab1\"><\/p>\n<p>&#8211;<\/p>\n<p>\n<\/div><div class=\"kc-elm kc-css-554224 kc_text_block .producttab1\"><\/p>\n<p>&#8211;<\/p>\n<p>\n<\/div><div class=\"kc-elm kc-css-325982 kc_text_block .producttab1\"><\/p>\n<p>&#8211;<\/p>\n<p>\n<\/div><div class=\"kc-elm kc-css-779627 kc_text_block .producttab1\"><\/p>\n<p>&#8211;<\/p>\n<p>\n<\/div><\/div><\/div><div class=\"kc-elm kc-css-705827 kc_col-sm-3 kc_column_inner kc_col-sm-3\"><div class=\"kc_wrapper kc-col-inner-container\"><div class=\"kc-elm kc-css-608115 kc_text_block .producttab1\"><\/p>\n<p>&#8211;<\/p>\n<p>\n<\/div><div class=\"kc-elm kc-css-363366 kc_text_block .producttab1\"><\/p>\n<p>&#8211;<\/p>\n<p>\n<\/div><div class=\"kc-elm kc-css-327269 kc_text_block .producttab1\"><\/p>\n<p>&#8211;<\/p>\n<p>\n<\/div><div class=\"kc-elm kc-css-709456 kc_text_block .producttab1\"><\/p>\n<p>&#8211;<\/p>\n<p>\n<\/div><div class=\"kc-elm kc-css-83856 kc_text_block .producttab1\"><\/p>\n<p>&#8211;<\/p>\n<p>\n<\/div><div class=\"kc-elm kc-css-14252 kc_text_block .producttab1\"><\/p>\n<p>&#8211;<\/p>\n<p>\n<\/div><div class=\"kc-elm kc-css-233377 kc_text_block .producttab1\"><\/p>\n<p>&#8211;<\/p>\n<p>\n<\/div><div class=\"kc-elm kc-css-73196 kc_text_block .producttab1\"><\/p>\n<p>&#8211;<\/p>\n<p>\n<\/div><div class=\"kc-elm kc-css-366744 kc_text_block .producttab1\"><\/p>\n<p>&#8211;<\/p>\n<p>\n<\/div><\/div><\/div><\/div>\n<div class=\"kc-elm kc-css-997278\">\n\t<a class=\"kc_button\" href=\"\/wp-content\/uploads\/2018\/07\/manuale_web_narcisi_light_cannello_cls_nuovo_ESP.pdf\" target=\"_blank\" title=\"\" onclick=\"\">\n\t\t<i class=\"et-document\"><\/i> Download PDF\t<\/a>\n<\/div>\n<div class=\"kc-elm kc-css-43176 kc-raw-code\"><div class=\"contbckbtn\">\r\n  <form>\r\n    <input type=\"button\" class=\"bckbtn\" value=\"regresar a la lista de productos\" onClick=\"javascript:history.back()\" name=\"button\">\r\n  <\/form>\r\n<\/div><\/div><\/div><\/div><\/div><\/div><\/section><section class=\"kc-elm kc-css-118404 kc_row sidebar-page-container with-left-sidebar\"><div class=\"kc-row-container  kc-container\"><div class=\"kc-wrap-columns\"><div class=\"kc-elm kc-css-787176 kc_col-sm-3 kc_column kc_col-sm-3 sidebar-side\"><div class=\"sidebar kc-col-container\"><div class=\"kc-elm kc-css-323438 widget-area kc-wp-sidebar\"><\/div><\/div><\/div><div class=\"kc-elm kc-css-349877 kc_col-sm-9 kc_column kc_col-sm-9\"><div class=\"kc-col-container\"><!--Content Side-->\n<div class=\"content-side \">\n\t<!--Service Details-->\n\t<section class=\"service-details\">\n\t\t\n\t\t<figure class=\"big-image\"><img src=\"https:\/\/0g9nuobpwvp.preview.infomaniak.website\/wp-content\/uploads\/2017\/04\/placeholder-50.jpg\" alt=\"Image\"><\/figure>\n\t\t\n\t\t<!--Text Content-->\n\t\t<div class=\"content\">\n\t\t\t<h3>Business Solution  <\/h3>\n\t\t\t<p>Lorem ipsum dolor sit amet, consectetur adipiscing elit. Curabitur libero enim, lacinia finibus ante et, imperdiet finibus risus. Donec malesuada luctus elit nec hendrerit. Integer ex sap ien, eleifend sit amet tellus ut, porttitor dictum velit. Nulla scelerisque, nisl eu maximus bibendum nibh risus eleifend ex, id dapibus leo dui in nulla. Donec sollicitudin molestie erat sit amet elementum. Donec at lacinia massa, eu hen rit ex. Donec hendrerit, porttitor.<\/p><blockquote><div class=\"txt\">People think focus means saying yes to the thing you\u2019ve got to focus on. But that\u2019s not what it means at all. It means saying no to the hundred other good ideas that there are. You have to pick carefully. I\u2019m actually as proud of the things.<\/div><\/blockquote><p>ex orci sollicitudin dolor, et scelerisque sem ex in nisi.Nulla pulvinar vitae arcu at cursus. Class aptent taciti sociosqu ad litora torquent per co Curabitur accumsan mauris vitae leo tempus, ac sceleri sque massa elementum. In blandit fringilla tincidunt. Proin commodo tortor vitae is nisi. Etiam accumsan massa volutpat tellus<\/p>\t\t\t<h3>Marketing STRATEGY  <\/h3>\n\t\t\t<div class=\"row clearfix\">\n\t\t\t\t<div class=\"col-md-6 col-sm-6 col-xs-12\">\n\t\t\t\t\t<p>Lorem ipsum dolor sit amet, consectetur adipiscing elitazaa. fsdssd Curabitur libero eni lacinia finibus ante et, imaperdiet finibus risus. Donec malesuadaluctus elit naaacec hendrerit. Integer ex sap ien, ds eleifend sit amet tellus ut, porttitor dict um velit. Nulla dssd ads scelerisque, nisl euasaszz maximus bibendum nibh risus eleifen ex, a nulla.<\/p><p> Donec sollicitudin molestie erat sit amet elementum. Donec at lacinia massa.ex orci sollicitudinaasa dolor, e scelerisque sem ex in nisi.Nulla pulvinar vitae ar cu at cursus.<\/p>\t\t\t\t<\/div>\n\t\t\t\t<div class=\"col-md-6 col-sm-6 col-xs-12\">\n\t\t\t\t\t<!--Graph Chart-->\n\t\t\t\t\t<div class=\"chart-outer\">\n\t\t\t\t\t\t<div id=\"Chart1\" style=\"height: 270px; width: 100%;\"><\/div>\n\t\t\t\t\t<\/div>\n\t\t\t\t<\/div>\n\t\t\t<\/div>\n\t\t\t\n\t\t\t<!--Faqs-->\n\t\t\t<div class=\"faqs\">\n\t\t\t\t<!--Accordion Box-->\n\t\t\t\t<ul class=\"accordion-box\">\n\t\t\t\t\n\t\t\t\t\t\t\t\t\t\t\t<!--Block-->\n\t\t\t\t\t\t<li class=\"accordion block active-block\">\n\t\t\t\t\t\t\t<div class=\"acc-btn active\"><div class=\"icon-outer\"><span class=\"icon fa fa-angle-right\"><\/span><\/div> Marketing Strategy<\/div>\n\t\t\t\t\t\t\t<div class=\"acc-content current\">\n\t\t\t\t\t\t\t\t<div class=\"content\"><p>Cum sociis natoque penatibus et magnis dis parturient ntesmus. Proin vel nibh et elit mollis commodo et nec augue tristique sed Quisque velit nisi, pretium.nibh.Cum sociis natoque penatibus et magnis dis parturient ntesmus. Proin vel nibh et elit mollis commodo et nec augue tristique sed Quisque velit nisi, pretium.nibh.<\/p><\/div>\n\t\t\t\t\t\t\t<\/div>\n\t\t\t\t\t\t<\/li>\n\t\t\t\t\t\t\t\t\t\t\t<!--Block-->\n\t\t\t\t\t\t<li class=\"accordion block \">\n\t\t\t\t\t\t\t<div class=\"acc-btn \"><div class=\"icon-outer\"><span class=\"icon fa fa-angle-right\"><\/span><\/div> Econometric Modeling<\/div>\n\t\t\t\t\t\t\t<div class=\"acc-content \">\n\t\t\t\t\t\t\t\t<div class=\"content\"><p>Cum sociis natoque penatibus et magnis dis parturient ntesmus. Proin vel nibh et elit mollis commodo et nec augue tristique sed Quisque velit nisi, pretium.nibh.Cum sociis natoque penatibus et magnis dis parturient ntesmus. Proin vel nibh et elit mollis commodo et nec augue tristique sed Quisque velit nisi, pretium.nibh.<\/p><\/div>\n\t\t\t\t\t\t\t<\/div>\n\t\t\t\t\t\t<\/li>\n\t\t\t\t\t\t\t\t\t\t\t<!--Block-->\n\t\t\t\t\t\t<li class=\"accordion block \">\n\t\t\t\t\t\t\t<div class=\"acc-btn \"><div class=\"icon-outer\"><span class=\"icon fa fa-angle-right\"><\/span><\/div> Professional Skills <\/div>\n\t\t\t\t\t\t\t<div class=\"acc-content \">\n\t\t\t\t\t\t\t\t<div class=\"content\"><p>Cum sociis natoque penatibus et magnis dis parturient ntesmus. Proin vel nibh et elit mollis commodo et nec augue tristique sed Quisque velit nisi, pretium.nibh.Cum sociis natoque penatibus et magnis dis parturient ntesmus. Proin vel nibh et elit mollis commodo et nec augue tristique sed Quisque velit nisi, pretium.nibh.<\/p><\/div>\n\t\t\t\t\t\t\t<\/div>\n\t\t\t\t\t\t<\/li>\n\t\t\t\t\t\t\t\t\t\t\t<!--Block-->\n\t\t\t\t\t\t<li class=\"accordion block \">\n\t\t\t\t\t\t\t<div class=\"acc-btn \"><div class=\"icon-outer\"><span class=\"icon fa fa-angle-right\"><\/span><\/div> Statistical Software <\/div>\n\t\t\t\t\t\t\t<div class=\"acc-content \">\n\t\t\t\t\t\t\t\t<div class=\"content\"><p>Cum sociis natoque penatibus et magnis dis parturient ntesmus. Proin vel nibh et elit mollis commodo et nec augue tristique sed Quisque velit nisi, pretium.nibh.Cum sociis natoque penatibus et magnis dis parturient ntesmus. Proin vel nibh et elit mollis commodo et nec augue tristique sed Quisque velit nisi, pretium.nibh.<\/p><\/div>\n\t\t\t\t\t\t\t<\/div>\n\t\t\t\t\t\t<\/li>\n\t\t\t\t\t\n\t\t\t\t<\/ul><!--End Accordion Box-->\n\t\t\t<\/div>\n\t\t\n\t\t<\/div>\n\t<\/section>\n\n<\/div>\n<!--Content Side--><\/div><\/div><\/div><\/div><\/section><\/p>\n","protected":false},"excerpt":{"rendered":"","protected":false},"author":1,"featured_media":0,"parent":0,"menu_order":0,"comment_status":"closed","ping_status":"closed","template":"tpl-king-composer.php","meta":[],"_links":{"self":[{"href":"https:\/\/narcisi.it\/es\/wp-json\/wp\/v2\/pages\/4253"}],"collection":[{"href":"https:\/\/narcisi.it\/es\/wp-json\/wp\/v2\/pages"}],"about":[{"href":"https:\/\/narcisi.it\/es\/wp-json\/wp\/v2\/types\/page"}],"author":[{"embeddable":true,"href":"https:\/\/narcisi.it\/es\/wp-json\/wp\/v2\/users\/1"}],"replies":[{"embeddable":true,"href":"https:\/\/narcisi.it\/es\/wp-json\/wp\/v2\/comments?post=4253"}],"version-history":[{"count":6,"href":"https:\/\/narcisi.it\/es\/wp-json\/wp\/v2\/pages\/4253\/revisions"}],"predecessor-version":[{"id":6816,"href":"https:\/\/narcisi.it\/es\/wp-json\/wp\/v2\/pages\/4253\/revisions\/6816"}],"wp:attachment":[{"href":"https:\/\/narcisi.it\/es\/wp-json\/wp\/v2\/media?parent=4253"}],"curies":[{"name":"wp","href":"https:\/\/api.w.org\/{rel}","templated":true}]}}