{"id":1849,"date":"2017-04-13T13:44:49","date_gmt":"2017-04-13T11:44:49","guid":{"rendered":"https:\/\/0g9nuobpwvp.preview.infomaniak.website\/?page_id=1849"},"modified":"2022-04-26T16:04:55","modified_gmt":"2022-04-26T14:04:55","slug":"categories-reglementation-et-informations","status":"publish","type":"page","link":"https:\/\/narcisi.it\/fr\/categories-reglementation-et-informations\/","title":{"rendered":"Produits"},"content":{"rendered":"<p><section class=\"kc-elm kc-css-346769 kc_row\"><div class=\"kc-row-container  kc-container\"><div class=\"kc-wrap-columns\"><div class=\"kc-elm kc-css-848772 kc_col-sm-12 kc_column kc_col-sm-12\"><div class=\"kc-col-container\"><div class=\"kc-elm kc-css-184033 kc_text_block\"><\/p>\n<div class=\"sec-title centered\">\n<h2>Cat\u00e9gories Produits<\/h2>\n<div class=\"desc-text\">Visitez les fiches techniques de nos produits et n&rsquo;h\u00e9sitez pas \u00e0 demander des informations ou des suggestions.<\/div>\n<\/div>\n<p>\n<\/div><\/div><\/div><\/div><\/div><\/section><section class=\"kc-elm kc-css-755302 kc_row\"><div class=\"kc-row-container  kc-container\"><div class=\"kc-wrap-columns\"><div class=\"kc-elm kc-css-371451 kc_col-sm-4 kc_column kc_col-sm-4\"><div class=\"kc-col-container\"><div class=\"kc-elm kc-css-912942 kc_shortcode kc_single_image\">\n\n        <a  href=\"https:\/\/0g9nuobpwvp.preview.infomaniak.website\/fr\/kit-pour-impermeabilisation\/\" title=\"\" target=\"_self\">\n        <img src=\"https:\/\/narcisi.it\/wp-content\/uploads\/2017\/04\/equipments_for_waterproofing.jpg\" class=\"\" alt=\"\" \/>    <\/a>\n    <\/div>\n<div class=\"kc-elm kc-css-227657 kc_text_block\"><\/p>\n<p class=\"ttlcat1\">KIT POUR IMPERMEABILISATION<\/p>\n<p class=\"txtcat1\"><a href=\"\/fr\/kit-pour-impermeabilisation\/\">Kit chalumeaux au gaz pour impermeabilisation<\/a><\/p>\n<p>\n<\/div><\/div><\/div><div class=\"kc-elm kc-css-421362 kc_col-sm-4 kc_column kc_col-sm-4\"><div class=\"kc-col-container\"><div class=\"kc-elm kc-css-953892 kc_shortcode kc_single_image\">\n\n        <a  href=\"https:\/\/0g9nuobpwvp.preview.infomaniak.website\/fr\/chalumeaux-neptune\/\" title=\"\" target=\"_self\">\n        <img src=\"https:\/\/narcisi.it\/wp-content\/uploads\/2017\/04\/torch_neptune.jpg\" class=\"\" alt=\"\" \/>    <\/a>\n    <\/div>\n<div class=\"kc-elm kc-css-357776 kc_text_block\"><\/p>\n<p class=\"ttlcat1\">CHALUMEAUX NEPTUNE<\/p>\n<p class=\"txtcat1\"><a href=\"\/fr\/chalumeaux-neptune\/\">Chalumeaux au gaz propane mod\u00e8le Neptune<\/a><\/p>\n<p>\n<\/div><\/div><\/div><div class=\"kc-elm kc-css-370047 kc_col-sm-4 kc_column kc_col-sm-4\"><div class=\"kc-col-container\"><div class=\"kc-elm kc-css-702924 kc_shortcode kc_single_image\">\n\n        <a  href=\"https:\/\/0g9nuobpwvp.preview.infomaniak.website\/fr\/chalumeaux-deluxe\/\" title=\"\" target=\"_self\">\n        <img src=\"https:\/\/narcisi.it\/wp-content\/uploads\/2017\/04\/torch_deluxe.jpg\" class=\"\" alt=\"\" \/>    <\/a>\n    <\/div>\n<div class=\"kc-elm kc-css-562516 kc_text_block\"><\/p>\n<p class=\"ttlcat1\">CHALUMEAUX DELUXE<\/p>\n<p class=\"txtcat1\"><a href=\"\/fr\/chalumeaux-deluxe\/\">Chalumeaux au gaz propane mod\u00e8le Deluxe<\/a><\/p>\n<p>\n<\/div><\/div><\/div><\/div><\/div><\/section><section class=\"kc-elm kc-css-241583 kc_row\"><div class=\"kc-row-container  kc-container\"><div class=\"kc-wrap-columns\"><div class=\"kc-elm kc-css-537381 kc_col-sm-4 kc_column kc_col-sm-4\"><div class=\"kc-col-container\"><div class=\"kc-elm kc-css-2229 kc_shortcode kc_single_image\">\n\n        <a  href=\"https:\/\/0g9nuobpwvp.preview.infomaniak.website\/fr\/chalumeaux-ecogas\/\" title=\"\" target=\"_self\">\n        <img src=\"https:\/\/narcisi.it\/wp-content\/uploads\/2017\/04\/torch_ecogas.jpg\" class=\"\" alt=\"\" \/>    <\/a>\n    <\/div>\n<div class=\"kc-elm kc-css-492438 kc_text_block\"><\/p>\n<p class=\"ttlcat1\">CHALUMEAUX ECOGAS<\/p>\n<p class=\"txtcat1\"><a href=\"\/fr\/chalumeaux-ecogas\/\">Chalumeaux au gaz propane mod\u00e8le Ecogas<\/a><\/p>\n<p>\n<\/div><\/div><\/div><div class=\"kc-elm kc-css-503097 kc_col-sm-4 kc_column kc_col-sm-4\"><div class=\"kc-col-container\"><div class=\"kc-elm kc-css-127845 kc_shortcode kc_single_image\">\n\n        <a  href=\"https:\/\/0g9nuobpwvp.preview.infomaniak.website\/fr\/chalumeaux-light\/\" title=\"\" target=\"_self\">\n        <img src=\"https:\/\/narcisi.it\/wp-content\/uploads\/2017\/04\/torch_light.jpg\" class=\"\" alt=\"\" \/>    <\/a>\n    <\/div>\n<div class=\"kc-elm kc-css-704600 kc_text_block\"><\/p>\n<p class=\"ttlcat1\">CHALUMEAUX LIGHT<\/p>\n<p class=\"txtcat1\"><a href=\"\/fr\/chalumeaux-light\/\">Chalumeaux au gaz propane mod\u00e8le Light<\/a><\/p>\n<p>\n<\/div><\/div><\/div><div class=\"kc-elm kc-css-226223 kc_col-sm-4 kc_column kc_col-sm-4\"><div class=\"kc-col-container\"><div class=\"kc-elm kc-css-720207 kc_shortcode kc_single_image\">\n\n        <a  href=\"https:\/\/0g9nuobpwvp.preview.infomaniak.website\/fr\/autres-equipements\/\" title=\"\" target=\"_self\">\n        <img src=\"https:\/\/narcisi.it\/wp-content\/uploads\/2017\/04\/other_equipment.jpg\" class=\"\" alt=\"\" \/>    <\/a>\n    <\/div>\n<div class=\"kc-elm kc-css-975581 kc_text_block\"><\/p>\n<p class=\"ttlcat1\">AUTRES \u00c9QUIPEMENTS<\/p>\n<p class=\"txtcat1\"><a href=\"\/fr\/autres-equipements\/\">Autres \u00e9quipements pour impermabilisation<\/a><\/p>\n<p>\n<\/div><\/div><\/div><\/div><\/div><\/section><section class=\"kc-elm kc-css-972325 kc_row\"><div class=\"kc-row-container  kc-container\"><div class=\"kc-wrap-columns\"><div class=\"kc-elm kc-css-532154 kc_col-sm-4 kc_column kc_col-sm-4\"><div class=\"kc-col-container\"><div class=\"kc-elm kc-css-429257 kc_shortcode kc_single_image\">\n\n        <a  href=\"https:\/\/0g9nuobpwvp.preview.infomaniak.website\/fr\/tuyaux-flexibles\/\" title=\"\" target=\"_self\">\n        <img src=\"https:\/\/narcisi.it\/wp-content\/uploads\/2017\/04\/rubber_flexible.jpg\" class=\"\" alt=\"\" \/>    <\/a>\n    <\/div>\n<div class=\"kc-elm kc-css-361520 kc_text_block\"><\/p>\n<p class=\"ttlcat1\">TUYAUX FLEXIBLES<\/p>\n<p class=\"txtcat1\"><a href=\"\/fr\/tuyaux-flexibles\/\">Tuyaux flexibles en gomme<\/a><\/p>\n<p>\n<\/div><\/div><\/div><div class=\"kc-elm kc-css-193046 kc_col-sm-4 kc_column kc_col-sm-4\"><div class=\"kc-col-container\"><div class=\"kc-elm kc-css-623506 kc_shortcode kc_single_image\">\n\n        <a  href=\"https:\/\/0g9nuobpwvp.preview.infomaniak.website\/fr\/autres-accessoires\/\" title=\"\" target=\"_self\">\n        <img src=\"https:\/\/narcisi.it\/wp-content\/uploads\/2017\/04\/other_accessories.jpg\" class=\"\" alt=\"\" \/>    <\/a>\n    <\/div>\n<div class=\"kc-elm kc-css-105446 kc_text_block\"><\/p>\n<p class=\"ttlcat1\">AUTRES ACCESSOIRES<\/p>\n<p class=\"txtcat1\"><a href=\"\/fr\/autres-accessoires\/\">Accessoires et pi\u00e8ces de rechange<\/a><\/p>\n<p>\n<\/div><\/div><\/div><div class=\"kc-elm kc-css-358803 kc_col-sm-4 kc_column kc_col-sm-4\"><div class=\"kc-col-container\"><div class=\"kc-elm kc-css-86207 kc_shortcode kc_single_image\">\n\n        <a  href=\"https:\/\/0g9nuobpwvp.preview.infomaniak.website\/fr\/detendeurs-de-gaz\/\" title=\"\" target=\"_self\">\n        <img src=\"https:\/\/narcisi.it\/wp-content\/uploads\/2017\/04\/gas_regulators.jpg\" class=\"\" alt=\"\" \/>    <\/a>\n    <\/div>\n<div class=\"kc-elm kc-css-314613 kc_text_block\"><\/p>\n<p class=\"ttlcat1\">D\u00c9TENDEURS DE GAZ<\/p>\n<p class=\"txtcat1\"><a href=\"\/fr\/detendeurs-de-gaz\/\">D\u00e9tendeurs de gaz valves et accesoires<\/a><\/p>\n<p>\n<\/div><\/div><\/div><\/div><\/div><\/section><section class=\"kc-elm kc-css-563168 kc_row\"><div class=\"kc-row-container\"><div class=\"kc-wrap-columns\"><div class=\"kc-elm kc-css-346419 kc_col-sm-12 kc_column kc_col-sm-12\"><div class=\"kc-col-container\"><!--FUn Facts Section-->\n<section class=\"fun-facts-section extended\" style=\"background-image:url(https:\/\/0g9nuobpwvp.preview.infomaniak.website\/wp-content\/uploads\/2017\/04\/placeholder-3.jpg);\">\n\t<div class=\"auto-container\">\n\t\t<!--Title-->\n\t\t<div class=\"sec-title light centered\">\n\t\t\t<h2>Helping <span class=\"theme_color\">small business<\/span> to grow and expand<\/h2>\n\t\t\t<div class=\"desc-text\">Business plan leverage alpha twitter accelerator infrastructure partner network metrics disruptive user experience. IPhone hackathon release virality MVP user experience social proof network effects low hanging fruit monetization customer scrum project success.  <\/div>\n\t\t<\/div>\n\t\t\n\t\t<div class=\"row clearfix\">\n\t\t\t\n\t\t\t\t\t\t\t<!--Column-->\n\t\t\t\t<div class=\"column count-box col-lg-3 col-md-3 col-sm-6 col-xs-12\">\n\t\t\t\t\t<div class=\"inner\">\n\t\t\t\t\t\t<div class=\"icon-box\"><span class=\"et-target\"><\/span><\/div>\n\t\t\t\t\t\t<div class=\"content\">\n\t\t\t\t\t\t\t<div class=\"count-outer\">\n\t\t\t\t\t\t\t\t<span class=\"count-text\" data-speed=\"3000\" data-stop=\"256\">0<\/span>\n\t\t\t\t\t\t\t<\/div>\n\t\t\t\t\t\t\t<div class=\"counter-title\">Projects Done<\/div>\n\t\t\t\t\t\t<\/div>\n\t\t\t\t\t<\/div>\n\t\t\t\t<\/div>\n\t\t\t\t\t\t\t<!--Column-->\n\t\t\t\t<div class=\"column count-box col-lg-3 col-md-3 col-sm-6 col-xs-12\">\n\t\t\t\t\t<div class=\"inner\">\n\t\t\t\t\t\t<div class=\"icon-box\"><span class=\"sl-briefcase\"><\/span><\/div>\n\t\t\t\t\t\t<div class=\"content\">\n\t\t\t\t\t\t\t<div class=\"count-outer\">\n\t\t\t\t\t\t\t\t<span class=\"count-text\" data-speed=\"3000\" data-stop=\"42\">0<\/span>\n\t\t\t\t\t\t\t<\/div>\n\t\t\t\t\t\t\t<div class=\"counter-title\">Consultants<\/div>\n\t\t\t\t\t\t<\/div>\n\t\t\t\t\t<\/div>\n\t\t\t\t<\/div>\n\t\t\t\t\t\t\t<!--Column-->\n\t\t\t\t<div class=\"column count-box col-lg-3 col-md-3 col-sm-6 col-xs-12\">\n\t\t\t\t\t<div class=\"inner\">\n\t\t\t\t\t\t<div class=\"icon-box\"><span class=\"sl-trophy\"><\/span><\/div>\n\t\t\t\t\t\t<div class=\"content\">\n\t\t\t\t\t\t\t<div class=\"count-outer\">\n\t\t\t\t\t\t\t\t<span class=\"count-text\" data-speed=\"3000\" data-stop=\"103\">0<\/span>\n\t\t\t\t\t\t\t<\/div>\n\t\t\t\t\t\t\t<div class=\"counter-title\">Awards Winning<\/div>\n\t\t\t\t\t\t<\/div>\n\t\t\t\t\t<\/div>\n\t\t\t\t<\/div>\n\t\t\t\t\t\t\t<!--Column-->\n\t\t\t\t<div class=\"column count-box col-lg-3 col-md-3 col-sm-6 col-xs-12\">\n\t\t\t\t\t<div class=\"inner\">\n\t\t\t\t\t\t<div class=\"icon-box\"><span class=\"fa-thumbs-o-up\"><\/span><\/div>\n\t\t\t\t\t\t<div class=\"content\">\n\t\t\t\t\t\t\t<div class=\"count-outer\">\n\t\t\t\t\t\t\t\t<span class=\"count-text\" data-speed=\"3000\" data-stop=\"114\">0<\/span>\n\t\t\t\t\t\t\t<\/div>\n\t\t\t\t\t\t\t<div class=\"counter-title\">Satisfied Customers<\/div>\n\t\t\t\t\t\t<\/div>\n\t\t\t\t\t<\/div>\n\t\t\t\t<\/div>\n\t\t\t\t\t\t\t\n\t\t<\/div>\n\t\t\n\t<\/div>\n<\/section><\/div><\/div><\/div><\/div><\/section><section class=\"kc-elm kc-css-941398 kc_row\"><div class=\"kc-row-container  kc-container\"><div class=\"kc-wrap-columns\"><div class=\"kc-elm kc-css-586579 kc_col-sm-12 kc_column kc_col-sm-12\"><div class=\"kc-col-container\">\n\n<\/div><\/div><\/div><\/div><\/section><section class=\"kc-elm kc-css-216996 kc_row\"><div class=\"kc-row-container  kc-container\"><div class=\"kc-wrap-columns\"><div class=\"kc-elm kc-css-733226 kc_col-sm-12 kc_column kc_col-sm-12\"><div class=\"kc-col-container\">\n\n<\/div><\/div><\/div><\/div><\/section><section class=\"kc-elm kc-css-890754 kc_row\"><div class=\"kc-row-container\"><div class=\"kc-wrap-columns\"><div class=\"kc-elm kc-css-570283 kc_col-sm-12 kc_column kc_col-sm-12\"><div class=\"kc-col-container\"><!--Fluid Section One-->\n<section class=\"fluid-section-one\">\n\t<div class=\"outer-container clearfix\">\n\t\t<!--Left Column-->\n\t\t<div class=\"left-column\">\n\t\t\t<div class=\"clearfix\">\n\t\t\t\t<div class=\"inner\">\n\t\t\t\t\t<div class=\"title\"><h3>Nous sommes l\u00e0 pour vous aider<\/h3><\/div>\n\t\t\t\t\t<div class=\"text\">Nous suivons le client dans tous les aspects, en fournissant notre longue experience dans ce secteur.<\/div>\n\t\t\t\t\t<!--Info List-->\n\t\t\t\t\t<ul class=\"info-list clearfix\">\n\t\t\t\t\t\t\n\t\t\t\t\t\t\t\t\t\t\t\t\t<li><div class=\"icon\"><span class=\"sl-call-out\"><\/span><\/div><div class=\"icon\"><span class=\"flaticon-technology-1\"><\/span><\/div>Avez-vous une question?<br>Tel. (+39) 051 6821320<\/li>\n\t\t\t\t\t\t\t\t\t\t\t\t\t<li><div class=\"icon\"><span class=\"et-chat\"><\/span><\/div>Envoyer un document<br>Fax (+39) 051 6821854<\/li>\n\t\t\t\t\t\t\t\t\t\t\t\t\t<li><div class=\"icon\"><span class=\"et-map-pin\"><\/span><\/div>O\u00f9 sommes-nous?<br><p class=\"rullink\"><a href=\"https:\/\/www.google.com\/maps?ll=44.638034,11.283625&amp;z=9&amp;t=m&amp;hl=it-IT&amp;gl=US&amp;mapclient=embed&amp;q=Via+dei+Pioppi,+22+40010+Padulle+BO+Italia\" target=\"_blank\">voir la carte<\/a><\/p><\/li>\n\t\t\t\t\t\t\t\t\t\t\t\t\t<li><div class=\"icon\"><span class=\"sl-earphones-alt\"><\/span><\/div>Discuter en ligne (Skype)<br>barbara.capelli3<\/li>\n\t\t\t\t\t\t\t\t\t\t\t\t\n\t\t\t\t\t<\/ul>\n\t\t\t\t\t<div class=\"text\">Equipements pour l'\u00e9tanch\u00e9it\u00e9 efficaces et durables. <\/div>\n\t\t\t\t<\/div>\n\t\t\t<\/div>\n\t\t<\/div>\n\t\t\n\t\t<!--Right Column-->\n\t\t<div class=\"right-column\">\n\t\t\t<div class=\"clearfix\">\n\t\t\t\t<div class=\"inner\">\n\t\t\t\t\t<div class=\"title\"><h3>R\u00e9glementation et informations<\/h3><\/div>\n\t\t\t\t\t<div class=\"text\">Remplissez le formulaire ci-dessous pour demander notre manuel et les instructions pour les canons et l'\u00e9quipement<\/div>\n\t\t\t\t\t<!--Quote Form-->\n\t\t\t\t\t<div class=\"default-form quote-form-two\">\n\t\t\t\t\t\t\n\t\t\t\t\t\t<div role=\"form\" class=\"wpcf7\" id=\"wpcf7-f1863-o1\" lang=\"en-US\" dir=\"ltr\">\n<div class=\"screen-reader-response\"><p role=\"status\" aria-live=\"polite\" aria-atomic=\"true\"><\/p> <ul><\/ul><\/div>\n<form action=\"\/fr\/wp-json\/wp\/v2\/pages\/1849#wpcf7-f1863-o1\" method=\"post\" class=\"wpcf7-form init\" novalidate=\"novalidate\" data-status=\"init\">\n<div style=\"display: none;\">\n<input type=\"hidden\" name=\"_wpcf7\" value=\"1863\" \/>\n<input type=\"hidden\" name=\"_wpcf7_version\" value=\"5.5.6\" \/>\n<input type=\"hidden\" name=\"_wpcf7_locale\" value=\"en_US\" \/>\n<input type=\"hidden\" name=\"_wpcf7_unit_tag\" value=\"wpcf7-f1863-o1\" \/>\n<input type=\"hidden\" name=\"_wpcf7_container_post\" value=\"0\" \/>\n<input type=\"hidden\" name=\"_wpcf7_posted_data_hash\" value=\"\" \/>\n<\/div>\n<div class=\"row clearfix\">\n<div class=\"form-group col-md-6 col-sm-6 col-xs-12\">\n<span class=\"wpcf7-form-control-wrap fname\"><input type=\"text\" name=\"fname\" value=\"\" size=\"40\" class=\"wpcf7-form-control wpcf7-text wpcf7-validates-as-required\" aria-required=\"true\" aria-invalid=\"false\" placeholder=\"Prenom\" \/><\/span>\n<\/div>\n<div class=\"form-group col-md-6 col-sm-6 col-xs-12\">\n<span class=\"wpcf7-form-control-wrap email\"><input type=\"email\" name=\"email\" value=\"\" size=\"40\" class=\"wpcf7-form-control wpcf7-text wpcf7-email wpcf7-validates-as-required wpcf7-validates-as-email\" aria-required=\"true\" aria-invalid=\"false\" placeholder=\"Email\" \/><\/span>\n<\/div>\n<div class=\"form-group col-md-12 col-sm-12 col-xs-12\">\n<span class=\"wpcf7-form-control-wrap message\"><textarea name=\"message\" cols=\"40\" rows=\"10\" class=\"wpcf7-form-control wpcf7-textarea\" aria-invalid=\"false\" placeholder=\"Message\"><\/textarea><\/span>\n<\/div>\n<div class=\"form-group col-md-12 col-sm-12 col-xs-12\">\n<input type=\"submit\" value=\"Envoyer Message\" class=\"wpcf7-form-control has-spinner wpcf7-submit theme-btn btn-style-three\" \/>\n<\/div>\n<\/div>\n<p style=\"display: none !important;\"><label>&#916;<textarea name=\"_wpcf7_ak_hp_textarea\" cols=\"45\" rows=\"8\" maxlength=\"100\"><\/textarea><\/label><input type=\"hidden\" id=\"ak_js_1\" name=\"_wpcf7_ak_js\" value=\"4\"\/><script>document.getElementById( \"ak_js_1\" ).setAttribute( \"value\", ( new Date() ).getTime() );<\/script><\/p><input type='hidden' class='wpcf7-pum' value='{\"closepopup\":false,\"closedelay\":0,\"openpopup\":false,\"openpopup_id\":0}' \/><div class=\"wpcf7-response-output\" aria-hidden=\"true\"><\/div><\/form><\/div>\t\t\t\t\t\t\n\t\t\t\t\t<\/div><!--End Quote Form-->\n\t\t\t\t<\/div>\n\t\t\t<\/div>\n\t\t<\/div>\n\t\t\n\t<\/div>\n<\/section><\/div><\/div><\/div><\/div><\/section><section class=\"kc-elm kc-css-443232 kc_row\"><div class=\"kc-row-container\"><div class=\"kc-wrap-columns\"><div class=\"kc-elm kc-css-985503 kc_col-sm-12 kc_column kc_col-sm-12\"><div class=\"kc-col-container\"><!--Tweets Section \/ Style Two-->\n<section class=\"tweets-section style-two\">\n\t<div class=\"outer-box\">\n\t\t\n\t\t<!--Carousel Outer-->\n\t\t<div class=\"carousel-outer\">\n\t\t\t<div class=\"single-item-carousel owl-theme owl-carousel\">\n\t\t\t\t\n\t\t\t\t\t\t\t\t\t<!--Slide-->\n\t\t\t\t\t<div class=\"slide\">\n\t\t\t\t\t\t<div class=\"icon-box\"><span class=\"fa fa-twitter\"><\/span><\/div>\n\t\t\t\t\t\t<div class=\"text\">RT @ENVATO: ONE SUBSCRIPTION, 5000+ ASSETS &amp; UNLIMITED DOWNLOADS; ELEMENTS IS OUT OF BETA! SIGN UP AT <a href=\"#\">ENVA.TO\/ELEMENTS<\/a>. HTTPS:\/\/T.CO\u2026<\/div>\n\t\t\t\t\t\t<div class=\"info\">Follow us on <a href=\"#\">Twitter<\/a> for our latest updates<\/div>\n\t\t\t\t\t<\/div>\n\t\t\t\t\t\t\t\t\t<!--Slide-->\n\t\t\t\t\t<div class=\"slide\">\n\t\t\t\t\t\t<div class=\"icon-box\"><span class=\"fa fa-twitter\"><\/span><\/div>\n\t\t\t\t\t\t<div class=\"text\">RT @ENVATO: ONE SUBSCRIPTION, 5000+ ASSETS &amp; UNLIMITED DOWNLOADS; ELEMENTS IS OUT OF BETA! SIGN UP AT <a href=\"#\">ENVA.TO\/ELEMENTS<\/a>. HTTPS:\/\/T.CO\u2026<\/div>\n\t\t\t\t\t\t<div class=\"info\">Follow us on <a href=\"#\">Twitter<\/a> for our latest updates<\/div>\n\t\t\t\t\t<\/div>\n\t\t\t\t\t\t\t\t\t<!--Slide-->\n\t\t\t\t\t<div class=\"slide\">\n\t\t\t\t\t\t<div class=\"icon-box\"><span class=\"fa fa-twitter\"><\/span><\/div>\n\t\t\t\t\t\t<div class=\"text\">RT @ENVATO: ONE SUBSCRIPTION, 5000+ ASSETS &amp; UNLIMITED DOWNLOADS; ELEMENTS IS OUT OF BETA! SIGN UP AT <a href=\"#\">ENVA.TO\/ELEMENTS<\/a>. HTTPS:\/\/T.CO\u2026<\/div>\n\t\t\t\t\t\t<div class=\"info\">Follow us on <a href=\"#\">Twitter<\/a> for our latest updates<\/div>\n\t\t\t\t\t<\/div>\n\t\t\t\t\t\t\t\t\n\t\t\t<\/div>\n\t\t\t\n\t\t<\/div><!--End Carousel Outer-->\n\t\t\n\t<\/div>\n<\/section><\/div><\/div><\/div><\/div><\/section><section class=\"kc-elm kc-css-511759 kc_row\"><div class=\"kc-row-container  kc-container\"><div class=\"kc-wrap-columns\"><div class=\"kc-elm kc-css-695345 kc_col-sm-12 kc_column kc_col-sm-12\"><div class=\"kc-col-container\">\n   \n\n<!--News Section-->\n<section class=\"news-section\">\n\t<div class=\"auto-container\">\n\t\t<!--Title-->\n\t\t<div class=\"sec-title centered\">\n\t\t\t<h2>Derni\u00e8res nouvelles<\/h2>\n\t\t\t<div class=\"desc-text\">Narcisi S.r.l. nouvelles et rendez-vous, mises \u00e0 jour de produits et participation \u00e0 des foires et \u00e0 des \u00e9v\u00e9nements pr\u00e9vus.<\/div>\n\t\t<\/div>\n\t\t\n\t\t<div class=\"row clearfix\">\n\t\t\t\n\t\t\t\t\t\t\t<!--News Style One-->\n\t\t\t\t<div class=\"news-style-two col-lg-4 col-md-6 col-sm-6 col-xs-12\">\n\t\t\t\t\t<div class=\"inner-box wow fadeInUp\" data-wow-delay=\"0ms\" data-wow-duration=\"1500ms\">\n\t\t\t\t\t\t<div class=\"image-box\"><figure class=\"image\"><img width=\"369\" height=\"285\" src=\"https:\/\/narcisi.it\/wp-content\/uploads\/2023\/05\/pop-up-fr-369x285.png\" class=\"img-responsive wp-post-image\" alt=\"\" loading=\"lazy\" \/><\/figure><div class=\"overlay-box\"><a class=\"link-box\" href=\"\"><span class=\"fa fa-link\"><\/span><\/a><\/div><div class=\"post-cat\"><a href=\"https:\/\/narcisi.it\/fr\/category\/foires-et-evenements\/\" rel=\"category tag\">Foires et \u00c9v\u00e9nements<\/a><\/div><\/div>\n\t\t\t\t\t\t<div class=\"lower-box\">\n\t\t\t\t\t\t\t<h3><a href=\"\">BIG 5 EGYPT du 19 au 21 Juin 2023<\/a><\/h3>\n\t\t\t\t\t\t\t<div class=\"post-meta\">\n\t\t\t\t\t\t\t\t<ul class=\"clearfix\">\n\t\t\t\t\t\t\t\t\t<li><a href=\"https:\/\/narcisi.it\/fr\/2023\/05\/22\/\"><span class=\"fa fa-calendar\"><\/span> 22 mai 2023<\/a><\/li>\n\t\t\t\t\t\t\t\t\t<li><a href=\"https:\/\/narcisi.it\/fr\/2023\/05\/22\/big-5-egypt\/\"><span class=\"fa fa-commenting-o\"><\/span> 0 Comment<\/a><\/li>\n\t\t\t\t\t\t\t\t<\/ul>\n\t\t\t\t\t\t\t<\/div>\n\t\t\t\t\t\t\t<div class=\"text\">Nous sommes heureux de vous informer que nous serons pr\u00e9sents au BIG5 \u00e0 le Cairo, Egypt du 19 au 21 Juin 2023. Venez chez nous HALL 1- BOOTH 1H34\u00a0pour conna\u00eetre certains produits de notre large gamme. Nous vous attendons!<\/div>\n\t\t\t\t\t\t\t<a class=\"read-more\" href=\"\">Lire la suite <span class=\"fa fa-angle-right\"><\/span><\/a>\n\t\t\t\t\t\t<\/div>\n\t\t\t\t\t<\/div>\n\t\t\t\t<\/div>\n\t\t\t\t\t\t\t<!--News Style One-->\n\t\t\t\t<div class=\"news-style-two col-lg-4 col-md-6 col-sm-6 col-xs-12\">\n\t\t\t\t\t<div class=\"inner-box wow fadeInUp\" data-wow-delay=\"0ms\" data-wow-duration=\"1500ms\">\n\t\t\t\t\t\t<div class=\"image-box\"><figure class=\"image\"><img width=\"369\" height=\"285\" src=\"https:\/\/narcisi.it\/wp-content\/uploads\/2023\/02\/DALLAS_SEZ_-NEWS-369x285.jpg\" class=\"img-responsive wp-post-image\" alt=\"\" loading=\"lazy\" \/><\/figure><div class=\"overlay-box\"><a class=\"link-box\" href=\"\"><span class=\"fa fa-link\"><\/span><\/a><\/div><div class=\"post-cat\"><a href=\"https:\/\/narcisi.it\/fr\/category\/foires-et-evenements\/\" rel=\"category tag\">Foires et \u00c9v\u00e9nements<\/a><\/div><\/div>\n\t\t\t\t\t\t<div class=\"lower-box\">\n\t\t\t\t\t\t\t<h3><a href=\"\">INTERNATIONAL ROOFING EXPO \u2013 DALLAS, TX (U.S.A.) 2023<\/a><\/h3>\n\t\t\t\t\t\t\t<div class=\"post-meta\">\n\t\t\t\t\t\t\t\t<ul class=\"clearfix\">\n\t\t\t\t\t\t\t\t\t<li><a href=\"https:\/\/narcisi.it\/fr\/2023\/02\/07\/\"><span class=\"fa fa-calendar\"><\/span> 7 f\u00e9vrier 2023<\/a><\/li>\n\t\t\t\t\t\t\t\t\t<li><a href=\"https:\/\/narcisi.it\/fr\/2023\/02\/07\/international-roofing-expo-dallas-tx-u-s-a-2023\/\"><span class=\"fa fa-commenting-o\"><\/span> 0 Comment<\/a><\/li>\n\t\t\t\t\t\t\t\t<\/ul>\n\t\t\t\t\t\t\t<\/div>\n\t\t\t\t\t\t\t<div class=\"text\">Nous sommes heureux de vous informer que nous serons pr\u00e9sents au Salon INTERNATIONAL ROOFING EXPO \u00e0 DALLAS, TX (U.S.A.) du 7 au 9 Mars 2023. Venez chez nous HALL A-E \/ BOOTH 6325 pour conna\u00eetre certains produits de notre large ...<\/div>\n\t\t\t\t\t\t\t<a class=\"read-more\" href=\"\">Lire la suite <span class=\"fa fa-angle-right\"><\/span><\/a>\n\t\t\t\t\t\t<\/div>\n\t\t\t\t\t<\/div>\n\t\t\t\t<\/div>\n\t\t\t\t\t\t\n\t\t<\/div>\n\t\t\n\t<\/div>\n<\/section>\n\n\n<\/div><\/div><\/div><\/div><\/section><\/p>\n","protected":false},"excerpt":{"rendered":"","protected":false},"author":1,"featured_media":0,"parent":0,"menu_order":0,"comment_status":"closed","ping_status":"closed","template":"tpl-king-composer.php","meta":[],"_links":{"self":[{"href":"https:\/\/narcisi.it\/fr\/wp-json\/wp\/v2\/pages\/1849"}],"collection":[{"href":"https:\/\/narcisi.it\/fr\/wp-json\/wp\/v2\/pages"}],"about":[{"href":"https:\/\/narcisi.it\/fr\/wp-json\/wp\/v2\/types\/page"}],"author":[{"embeddable":true,"href":"https:\/\/narcisi.it\/fr\/wp-json\/wp\/v2\/users\/1"}],"replies":[{"embeddable":true,"href":"https:\/\/narcisi.it\/fr\/wp-json\/wp\/v2\/comments?post=1849"}],"version-history":[{"count":18,"href":"https:\/\/narcisi.it\/fr\/wp-json\/wp\/v2\/pages\/1849\/revisions"}],"predecessor-version":[{"id":6837,"href":"https:\/\/narcisi.it\/fr\/wp-json\/wp\/v2\/pages\/1849\/revisions\/6837"}],"wp:attachment":[{"href":"https:\/\/narcisi.it\/fr\/wp-json\/wp\/v2\/media?parent=1849"}],"curies":[{"name":"wp","href":"https:\/\/api.w.org\/{rel}","templated":true}]}}