{"id":1865,"date":"2017-10-11T18:05:07","date_gmt":"2017-10-11T16:05:07","guid":{"rendered":"https:\/\/0g9nuobpwvp.preview.infomaniak.website\/?page_id=1865"},"modified":"2022-05-05T16:54:26","modified_gmt":"2022-05-05T14:54:26","slug":"foire-aux-questions","status":"publish","type":"page","link":"https:\/\/narcisi.it\/fr\/foire-aux-questions\/","title":{"rendered":"Foire aux questions"},"content":{"rendered":"<section class=\"kc-elm kc-css-638376 kc_row\"><div class=\"kc-row-container  kc-container\"><div class=\"kc-wrap-columns\"><div class=\"kc-elm kc-css-908095 kc_col-sm-12 kc_column kc_col-sm-12\"><div class=\"kc-col-container\"><div class=\"kc-elm kc-css-503450 kc_text_block\"><\/p>\n<h3>Est-ce que le tuyau ISO EN 3821 a une date d\u2019expiration\u00a0?<\/h3>\n<blockquote>\n<p>Non, le tuyau n\u2019a pas de date d\u2019expiration. La date indiqu\u00e9e sur le tuyau est celle de fabrication.<\/p>\n<\/blockquote>\n<h3>Comment faire pour comprendre s\u2019il faut changer le tuyau\u00a0?<\/h3>\n<blockquote>\n<p>Il est toujours important de monitorer l\u2019\u00e9tat de la gomme ext\u00e9rieure et intervenir en cas de coupures ou de craquelures. Cependant, le remplacement est fortement recommand\u00e9 apr\u00e8s 3 ans d\u2019utilisation fr\u00e9quente, et apr\u00e8s 5 ans d\u2019utilisation occasionnelle.<\/p>\n<\/blockquote>\n<h3>Pourquoi sur mon tuyau est-elle indiqu\u00e9e une date d\u2019expiration\u00a0?<\/h3>\n<blockquote>\n<p>Parce que le tuyau en question est appropri\u00e9 SEULMENT pour l\u2019usage domestique, et pas pour l\u2019industriel.<\/p>\n<\/blockquote>\n<h3>Les valves anti-retour sont-elles indispensables\u00a0?<\/h3>\n<blockquote>\n<p>Non, sur les chalumeaux \u00e0 aspiration d\u2019air d\u2019ambient ISO EN 9012 pour le r\u00e9chauffement et le scellement des membranes bitumineuses, le m\u00e9lange entre combustible (gaz) et comburent (air ambient) se fait \u00e0 l\u2019ext\u00e9rieur du dispositif : bien que la flame essayait de remonter \u00e0 l\u2019int\u00e9rieur du chalumeau, il s\u2019\u00e9tendrait pour insuffisance de comburant. Ces valves sont indispensables seulement dans les chalumeaux \u00e0 soudure autog\u00e8ne.<\/p>\n<\/blockquote>\n<h3>Est-ce que vous conseillez l\u2019usage de la valve de s\u00e9curit\u00e9\u00a0?<\/h3>\n<blockquote>\n<p>Absolument oui. Cette valve est tr\u00e8s efficace dans la pr\u00e9vention des accidents sur le travail. Si pour exemple il y avait une rupture ou une br\u00fblure sur le tuyau, la valve intervient comme disjoncteur, interrompant en amont le flux de gaz. \u00c9galement, elle est toujours requ\u00eate en cas d\u2019inspection des autorit\u00e9s pour la supervision des chantiers.<\/p>\n<\/blockquote>\n<h3>O\u00f9 peux-je trouver votre chalumeau \u00e0 gaz et ses pi\u00e8ces de rechange\u00a0(bien que je suis un priv\u00e9)\u00a0?<\/h3>\n<blockquote>\n<p>Nos produits sont disponibles dans les plus sp\u00e9cialis\u00e9s espaces de revente. Nous vous invitons \u00e0 nous contacter pour trouver la solution la plus pratique \u00e0 vos besoins.<\/p>\n<\/blockquote>\n<h3>O\u00f9 peux-je trouver les instructions pour l\u2019utilisation de vos \u00e9quipements\u00a0?<\/h3>\n<blockquote>\n<p>A l\u2019int\u00e9rieur de chaque colis est disponible un manuel d\u2019instruction du produit que vous avez achet\u00e9.<br \/>\nAutrement vous pouvez le t\u00e9l\u00e9charger dans la page du produit m\u00eame, en bas \u00e0 droite.<\/p>\n<\/blockquote>\n<h3>Quels sont les avantages de la t\u00eate d\u2019injection pivotante pour la connexion au tuyau\u00a0?<\/h3>\n<blockquote>\n<p>La t\u00eate d\u2019injection pivotante permet \u00e0 l\u2019utilisateur final de travailler en mani\u00e8re plus ais\u00e9, en emp\u00eachant au tuyau de s\u2019enrouler sur soi-m\u00eame. Cela assure une plus longue vie au tuyau et un mineur effort pour l\u2019avant-bras de l\u2019utilisateur.<\/p>\n<\/blockquote>\n<h3>Quand j\u2019utilise la manette, je la trouve dure. Qu\u2019est-ce que je fais mal ?<\/h3>\n<blockquote>\n<p>La manette de nos chalumeaux est projet\u00e9e pour \u00eatre utilis\u00e9e avec le minimum de force, en utilisant une ou deux doigts seulement, \u00e0 l\u2019extr\u00e9mit\u00e9 de la m\u00eame.<\/p>\n<\/blockquote>\n<p>\n<\/div><div class=\"kc-elm kc-css-630615 kc_shortcode kc_single_image\">\n\n        <img src=\"https:\/\/narcisi.it\/wp-content\/uploads\/2022\/04\/FAQ.jpg\" class=\"\" alt=\"\" \/>    <\/div>\n<\/div><\/div><\/div><\/div><\/section>\n","protected":false},"excerpt":{"rendered":"","protected":false},"author":1,"featured_media":0,"parent":0,"menu_order":0,"comment_status":"closed","ping_status":"open","template":"tpl-king-composer.php","meta":[],"_links":{"self":[{"href":"https:\/\/narcisi.it\/fr\/wp-json\/wp\/v2\/pages\/1865"}],"collection":[{"href":"https:\/\/narcisi.it\/fr\/wp-json\/wp\/v2\/pages"}],"about":[{"href":"https:\/\/narcisi.it\/fr\/wp-json\/wp\/v2\/types\/page"}],"author":[{"embeddable":true,"href":"https:\/\/narcisi.it\/fr\/wp-json\/wp\/v2\/users\/1"}],"replies":[{"embeddable":true,"href":"https:\/\/narcisi.it\/fr\/wp-json\/wp\/v2\/comments?post=1865"}],"version-history":[{"count":4,"href":"https:\/\/narcisi.it\/fr\/wp-json\/wp\/v2\/pages\/1865\/revisions"}],"predecessor-version":[{"id":7145,"href":"https:\/\/narcisi.it\/fr\/wp-json\/wp\/v2\/pages\/1865\/revisions\/7145"}],"wp:attachment":[{"href":"https:\/\/narcisi.it\/fr\/wp-json\/wp\/v2\/media?parent=1865"}],"curies":[{"name":"wp","href":"https:\/\/api.w.org\/{rel}","templated":true}]}}