{"id":1915,"date":"2017-11-15T12:49:43","date_gmt":"2017-11-15T11:49:43","guid":{"rendered":"https:\/\/0g9nuobpwvp.preview.infomaniak.website\/?page_id=1915"},"modified":"2018-10-11T17:45:04","modified_gmt":"2018-10-11T15:45:04","slug":"detendeurs-de-gaz","status":"publish","type":"page","link":"https:\/\/narcisi.it\/fr\/detendeurs-de-gaz\/","title":{"rendered":"D\u00e9tendeurs de gaz"},"content":{"rendered":"<p><section class=\"kc-elm kc-css-795522 kc_row\"><div class=\"kc-row-container  kc-container\"><div class=\"kc-wrap-columns\"><div class=\"kc-elm kc-css-618811 kc_col-sm-3 kc_column kc_col-sm-3 sidebar-side\"><div class=\"sidebar kc-col-container\"><div class=\"kc-elm kc-css-440547 widget-area kc-wp-sidebar\"><div id=\"custom_html-8\" class=\"widget_text side-bar widget sidebar_widget widget_custom_html\"><div class=\"sec-title\"><h3 class=\"skew-lines\">Elenco categorie<\/h3><\/div><div class=\"textwidget custom-html-widget\"><div class=\"sidebar kc-col-container\">\r\n  <div class=\"kc-elm kc-css-114843 widget-area kc-wp-sidebar\">\r\n    <div id=\"bunch_services_posts-2\" class=\"widget sidebar-widget widget_bunch_services_posts\">\t\t\r\n\r\n      <!-- Categorie -->\r\n      <div class=\"services\">\r\n        <ul class=\"service-list\">\t\t\t\r\n\r\n          <li><a href=\"\/fr\/kit-pour-impermeabilisation\/\">Kit pour impermeabilisation<\/a><\/li>\r\n          <li><a href=\"\/fr\/chalumeaux-neptune\/\">Chalumeaux Neptune<\/a><\/li>\r\n          <li><a href=\"\/fr\/chalumeaux-deluxe\/\">Chalumeaux Deluxe<\/a><\/li>\r\n          <li><a href=\"\/fr\/chalumeaux-ecogas\/\">Chalumeaux Ecogas<\/a><\/li>\r\n          <li><a href=\"\/fr\/chalumeaux-light\/\">Chalumeaux Light<\/a><\/li>\r\n          <li><a href=\"\/fr\/autres-equipements\/\">Autres \u00e9quipements<\/a><\/li>\r\n          <li><a href=\"\/fr\/tuyaux-flexibles\/\">Tuyaux flexibles<\/a><\/li>\r\n          <li><a href=\"\/fr\/autres-accessoires\/\">Autres accessoires<\/a><\/li>\r\n          <li><a href=\"\/fr\/detendeurs-de-gaz\/\">D\u00e9tendeurs de gaz<\/a><\/li>\r\n\r\n        <\/ul>\r\n      <\/div>\r\n\r\n    <\/div>\r\n  <\/div>\r\n<\/div><\/div><\/div><\/div><div class=\"kc-elm kc-css-937559 widget-area kc-wp-sidebar\"><div id=\"custom_html-10\" class=\"widget_text side-bar widget sidebar_widget widget_custom_html\"><div class=\"sec-title\"><h3 class=\"skew-lines\">Titolo Ultime Novit\u00e0<\/h3><\/div><div class=\"textwidget custom-html-widget\"><p class=\"ttlcolsx1\">DERNI\u00c8RES NOUVELLES<\/p><\/div><\/div><\/div><\/div><\/div><div class=\"kc-elm kc-css-103993 kc_col-sm-9 kc_column kc_col-sm-9\"><div class=\"kc-col-container\"><div class=\"kc-elm kc-css-924098 kc_shortcode kc_single_image\">\n\n        <img src=\"https:\/\/narcisi.it\/wp-content\/uploads\/2017\/11\/product_gas_reguletors.jpg\" class=\"\" alt=\"\" \/>    <\/div>\n<div class=\"kc-elm kc-css-728285 kc_text_block\"><\/p>\n<p class=\"ttlpgcategoria\">D\u00c9TENDEURS DE GAZ<\/p>\n<p>\n<\/div><div class=\"kc-elm kc-css-412550 kc_text_block\"><\/p>\n<p class=\"ttlpgcategoria2\">D\u00e9tendeur de gaz APZ<\/p>\n<ul class=\"ulcat1\">\n<li class=\"licat1\"><a href=\"\/fr\/detendeur-de-gaz-apz\/\">D\u00e9tendeur de gaz APZ<\/a><\/li>\n<li class=\"licat1\"><a href=\"\/fr\/detendeur-de-gaz-apz-12-ch25-polusa\/\">D\u00e9tendeur de gaz APZ 12 ch25 polusa<\/a><\/li>\n<li class=\"licat1\"><a href=\"\/fr\/detendeur-de-gaz-apz-12-ch27\/\">D\u00e9tendeur de gaz APZ 12 ch27<\/a><\/li>\n<li class=\"licat1\"><a href=\"\/fr\/detendeur-de-gaz-apz-12-ch30\/\">D\u00e9tendeur de gaz APZ 12 ch30<\/a><\/li>\n<li class=\"licat1\"><a href=\"\/fr\/detendeur-de-gaz-apz-12-ch30-bs\/\">D\u00e9tendeur de gaz APZ 12 ch30 bs<\/a><\/li>\n<li class=\"licat1\"><a href=\"\/fr\/detendeur-de-gaz-apz-12-avec-securite\/\">D\u00e9tendeur de gaz APZ 12 avec s\u00e9curit\u00e9<\/a><\/li>\n<li class=\"licat1\"><a href=\"\/fr\/detendeur-de-gaz-apz-12-polgomme\/\">D\u00e9tendeur de gaz APZ 12 polgomme<\/a><\/li>\n<li class=\"licat1\"><a href=\"\/fr\/detendeur-de-gaz-apz-8\/\">D\u00e9tendeur de gaz APZ 8<\/a><\/li>\n<li class=\"licat1\"><a href=\"\/fr\/detendeur-de-gaz-apz-ch25\/\">D\u00e9tendeur de gaz APZ ch25<\/a><\/li>\n<\/ul>\n<p>\n<\/div><div class=\"kc-elm kc-css-844466 kc_text_block\"><\/p>\n<p class=\"ttlpgcategoria2\">D\u00e9tendeurs de gaz approuves Cavagna Group Reca Kosangas<\/p>\n<ul class=\"ulcat1\">\n<li class=\"licat1\"><a href=\"\/fr\/detendeurs-de-gaz-approuves-cavagna-group-reca-kosangas\/\">D\u00e9tendeurs de gaz approuves Cavagna Group Reca Kosangas<\/a><\/li>\n<li class=\"licat1\"><a href=\"\/fr\/detendeurs-de-gaz-reca-type-912-british-standard\/\">D\u00e9tendeurs de gaz Reca type 912 British standard<\/a><\/li>\n<li class=\"licat1\"><a href=\"\/fr\/detendeurs-de-gaz-reca-type-912-approuves-allemand\/\">D\u00e9tendeurs de gaz Reca type 912 approuves allemand<\/a><\/li>\n<li class=\"licat1\"><a href=\"\/fr\/detendeurs-de-gaz-reca-type-912-usa-approuves-ul\/\">D\u00e9tendeurs de gaz Reca type 912 usa approuves ul<\/a><\/li>\n<\/ul>\n<p>\n<\/div><div class=\"kc-elm kc-css-666466 kc_text_block\"><\/p>\n<p class=\"ttlpgcategoria2\">D\u00e9tendeur de gaz APO<\/p>\n<ul class=\"ulcat1\">\n<li class=\"licat1\"><a href=\"\/fr\/detendeur-de-gaz-apo\/\">D\u00e9tendeur de gaz APO<\/a><\/li>\n<li class=\"licat1\"><a href=\"\/fr\/detendeur-de-gaz-apo-6-avec-securite\/\">D\u00e9tendeur de gaz APO 6 avec s\u00e9curit\u00e9<\/a><\/li>\n<li class=\"licat1\"><a href=\"\/fr\/detendeur-de-gaz-apo-6\/\">D\u00e9tendeur de gaz APO 6<\/a><\/li>\n<li class=\"licat1\"><a href=\"\/fr\/detendeur-de-gaz-apo-comet\/\">D\u00e9tendeur de gaz APO comet<\/a><\/li>\n<\/ul>\n<p>\n<\/div><div class=\"kc-elm kc-css-839838 kc_text_block\"><\/p>\n<p class=\"ttlpgcategoria2\">Valves de securit\u00e9<\/p>\n<ul class=\"ulcat1\">\n<li class=\"licat1\"><a href=\"\/fr\/valves-de-securite\/\">Valves de securit\u00e9<\/a><\/li>\n<li class=\"licat1\"><a href=\"\/fr\/valve-dexces-de-flux\/\">Valve d&rsquo;exces de flux<\/a><\/li>\n<li class=\"licat1\"><a href=\"\/fr\/valve-de-non-retour\/\">Valve de non-retour<\/a><\/li>\n<\/ul>\n<p>\n<\/div><div class=\"kc-elm kc-css-718408 kc_text_block\"><\/p>\n<p class=\"ttlpgcategoria2\">Adaptateurs pour bouteilles a gaz avec vanne automatique<\/p>\n<ul class=\"ulcat1\">\n<li class=\"licat1\"><a href=\"\/en\/adapters-for-cylinders-with-automatic-valve\/\">Adaptateurs pour bouteilles a gaz avec vanne automatique<\/a><\/li>\n<li class=\"licat1\"><a href=\"\/fr\/adaptateur-horizontal-22-mm-20-x-1-14\/\">Adaptateur horizontal 22 mm. 20 x 1\/14<\/a><\/li>\n<li class=\"licat1\"><a href=\"\/fr\/adaptateur-vertical-22-mm-20-x-1-14\/\">Adaptateur vertical 22 mm. 20 x 1\/14<\/a><\/li>\n<\/ul>\n<p>\n<\/div><\/div><\/div><\/div><\/div><\/section><section class=\"kc-elm kc-css-401451 kc_row sidebar-page-container with-left-sidebar\"><div class=\"kc-row-container  kc-container\"><div class=\"kc-wrap-columns\"><div class=\"kc-elm kc-css-759934 kc_col-sm-3 kc_column kc_col-sm-3 sidebar-side\"><div class=\"sidebar kc-col-container\"><div class=\"kc-elm kc-css-978337 widget-area kc-wp-sidebar\"><\/div><\/div><\/div><div class=\"kc-elm kc-css-632211 kc_col-sm-9 kc_column kc_col-sm-9\"><div class=\"kc-col-container\"><!--Content Side-->\n<div class=\"content-side \">\n\t<!--Service Details-->\n\t<section class=\"service-details\">\n\t\t\n\t\t<figure class=\"big-image\"><img src=\"https:\/\/0g9nuobpwvp.preview.infomaniak.website\/wp-content\/uploads\/2017\/04\/placeholder-50.jpg\" alt=\"Image\"><\/figure>\n\t\t\n\t\t<!--Text Content-->\n\t\t<div class=\"content\">\n\t\t\t<h3>Business Solution  <\/h3>\n\t\t\t<p>Lorem ipsum dolor sit amet, consectetur adipiscing elit. Curabitur libero enim, lacinia finibus ante et, imperdiet finibus risus. Donec malesuada luctus elit nec hendrerit. Integer ex sap ien, eleifend sit amet tellus ut, porttitor dictum velit. Nulla scelerisque, nisl eu maximus bibendum nibh risus eleifend ex, id dapibus leo dui in nulla. Donec sollicitudin molestie erat sit amet elementum. Donec at lacinia massa, eu hen rit ex. Donec hendrerit, porttitor.<\/p><blockquote><div class=\"txt\">People think focus means saying yes to the thing you\u2019ve got to focus on. But that\u2019s not what it means at all. It means saying no to the hundred other good ideas that there are. You have to pick carefully. I\u2019m actually as proud of the things.<\/div><\/blockquote><p>ex orci sollicitudin dolor, et scelerisque sem ex in nisi.Nulla pulvinar vitae arcu at cursus. Class aptent taciti sociosqu ad litora torquent per co Curabitur accumsan mauris vitae leo tempus, ac sceleri sque massa elementum. In blandit fringilla tincidunt. Proin commodo tortor vitae is nisi. Etiam accumsan massa volutpat tellus<\/p>\t\t\t<h3>Marketing STRATEGY  <\/h3>\n\t\t\t<div class=\"row clearfix\">\n\t\t\t\t<div class=\"col-md-6 col-sm-6 col-xs-12\">\n\t\t\t\t\t<p>Lorem ipsum dolor sit amet, consectetur adipiscing elitazaa. fsdssd Curabitur libero eni lacinia finibus ante et, imaperdiet finibus risus. Donec malesuadaluctus elit naaacec hendrerit. Integer ex sap ien, ds eleifend sit amet tellus ut, porttitor dict um velit. Nulla dssd ads scelerisque, nisl euasaszz maximus bibendum nibh risus eleifen ex, a nulla.<\/p><p> Donec sollicitudin molestie erat sit amet elementum. Donec at lacinia massa.ex orci sollicitudinaasa dolor, e scelerisque sem ex in nisi.Nulla pulvinar vitae ar cu at cursus.<\/p>\t\t\t\t<\/div>\n\t\t\t\t<div class=\"col-md-6 col-sm-6 col-xs-12\">\n\t\t\t\t\t<!--Graph Chart-->\n\t\t\t\t\t<div class=\"chart-outer\">\n\t\t\t\t\t\t<div id=\"Chart1\" style=\"height: 270px; width: 100%;\"><\/div>\n\t\t\t\t\t<\/div>\n\t\t\t\t<\/div>\n\t\t\t<\/div>\n\t\t\t\n\t\t\t<!--Faqs-->\n\t\t\t<div class=\"faqs\">\n\t\t\t\t<!--Accordion Box-->\n\t\t\t\t<ul class=\"accordion-box\">\n\t\t\t\t\n\t\t\t\t\t\t\t\t\t\t\t<!--Block-->\n\t\t\t\t\t\t<li class=\"accordion block active-block\">\n\t\t\t\t\t\t\t<div class=\"acc-btn active\"><div class=\"icon-outer\"><span class=\"icon fa fa-angle-right\"><\/span><\/div> Marketing Strategy<\/div>\n\t\t\t\t\t\t\t<div class=\"acc-content current\">\n\t\t\t\t\t\t\t\t<div class=\"content\"><p>Cum sociis natoque penatibus et magnis dis parturient ntesmus. Proin vel nibh et elit mollis commodo et nec augue tristique sed Quisque velit nisi, pretium.nibh.Cum sociis natoque penatibus et magnis dis parturient ntesmus. Proin vel nibh et elit mollis commodo et nec augue tristique sed Quisque velit nisi, pretium.nibh.<\/p><\/div>\n\t\t\t\t\t\t\t<\/div>\n\t\t\t\t\t\t<\/li>\n\t\t\t\t\t\t\t\t\t\t\t<!--Block-->\n\t\t\t\t\t\t<li class=\"accordion block \">\n\t\t\t\t\t\t\t<div class=\"acc-btn \"><div class=\"icon-outer\"><span class=\"icon fa fa-angle-right\"><\/span><\/div> Econometric Modeling<\/div>\n\t\t\t\t\t\t\t<div class=\"acc-content \">\n\t\t\t\t\t\t\t\t<div class=\"content\"><p>Cum sociis natoque penatibus et magnis dis parturient ntesmus. Proin vel nibh et elit mollis commodo et nec augue tristique sed Quisque velit nisi, pretium.nibh.Cum sociis natoque penatibus et magnis dis parturient ntesmus. Proin vel nibh et elit mollis commodo et nec augue tristique sed Quisque velit nisi, pretium.nibh.<\/p><\/div>\n\t\t\t\t\t\t\t<\/div>\n\t\t\t\t\t\t<\/li>\n\t\t\t\t\t\t\t\t\t\t\t<!--Block-->\n\t\t\t\t\t\t<li class=\"accordion block \">\n\t\t\t\t\t\t\t<div class=\"acc-btn \"><div class=\"icon-outer\"><span class=\"icon fa fa-angle-right\"><\/span><\/div> Professional Skills <\/div>\n\t\t\t\t\t\t\t<div class=\"acc-content \">\n\t\t\t\t\t\t\t\t<div class=\"content\"><p>Cum sociis natoque penatibus et magnis dis parturient ntesmus. Proin vel nibh et elit mollis commodo et nec augue tristique sed Quisque velit nisi, pretium.nibh.Cum sociis natoque penatibus et magnis dis parturient ntesmus. Proin vel nibh et elit mollis commodo et nec augue tristique sed Quisque velit nisi, pretium.nibh.<\/p><\/div>\n\t\t\t\t\t\t\t<\/div>\n\t\t\t\t\t\t<\/li>\n\t\t\t\t\t\t\t\t\t\t\t<!--Block-->\n\t\t\t\t\t\t<li class=\"accordion block \">\n\t\t\t\t\t\t\t<div class=\"acc-btn \"><div class=\"icon-outer\"><span class=\"icon fa fa-angle-right\"><\/span><\/div> Statistical Software <\/div>\n\t\t\t\t\t\t\t<div class=\"acc-content \">\n\t\t\t\t\t\t\t\t<div class=\"content\"><p>Cum sociis natoque penatibus et magnis dis parturient ntesmus. Proin vel nibh et elit mollis commodo et nec augue tristique sed Quisque velit nisi, pretium.nibh.Cum sociis natoque penatibus et magnis dis parturient ntesmus. Proin vel nibh et elit mollis commodo et nec augue tristique sed Quisque velit nisi, pretium.nibh.<\/p><\/div>\n\t\t\t\t\t\t\t<\/div>\n\t\t\t\t\t\t<\/li>\n\t\t\t\t\t\n\t\t\t\t<\/ul><!--End Accordion Box-->\n\t\t\t<\/div>\n\t\t\n\t\t<\/div>\n\t<\/section>\n\n<\/div>\n<!--Content Side--><\/div><\/div><\/div><\/div><\/section><\/p>\n","protected":false},"excerpt":{"rendered":"","protected":false},"author":1,"featured_media":0,"parent":0,"menu_order":0,"comment_status":"closed","ping_status":"closed","template":"tpl-king-composer.php","meta":[],"_links":{"self":[{"href":"https:\/\/narcisi.it\/fr\/wp-json\/wp\/v2\/pages\/1915"}],"collection":[{"href":"https:\/\/narcisi.it\/fr\/wp-json\/wp\/v2\/pages"}],"about":[{"href":"https:\/\/narcisi.it\/fr\/wp-json\/wp\/v2\/types\/page"}],"author":[{"embeddable":true,"href":"https:\/\/narcisi.it\/fr\/wp-json\/wp\/v2\/users\/1"}],"replies":[{"embeddable":true,"href":"https:\/\/narcisi.it\/fr\/wp-json\/wp\/v2\/comments?post=1915"}],"version-history":[{"count":33,"href":"https:\/\/narcisi.it\/fr\/wp-json\/wp\/v2\/pages\/1915\/revisions"}],"predecessor-version":[{"id":6035,"href":"https:\/\/narcisi.it\/fr\/wp-json\/wp\/v2\/pages\/1915\/revisions\/6035"}],"wp:attachment":[{"href":"https:\/\/narcisi.it\/fr\/wp-json\/wp\/v2\/media?parent=1915"}],"curies":[{"name":"wp","href":"https:\/\/api.w.org\/{rel}","templated":true}]}}