{"id":2755,"date":"2018-07-14T15:16:31","date_gmt":"2018-07-14T13:16:31","guid":{"rendered":"https:\/\/0g9nuobpwvp.preview.infomaniak.website\/?page_id=2755"},"modified":"2022-04-26T14:33:57","modified_gmt":"2022-04-26T12:33:57","slug":"chalumeau-deluxe-fixe","status":"publish","type":"page","link":"https:\/\/narcisi.it\/fr\/chalumeau-deluxe-fixe\/","title":{"rendered":"Chalumeau Deluxe Fixe"},"content":{"rendered":"<p><section class=\"kc-elm kc-css-118218 kc_row\"><div class=\"kc-row-container  kc-container\"><div class=\"kc-wrap-columns\"><div class=\"kc-elm kc-css-600076 kc_col-sm-3 kc_column kc_col-sm-3 sidebar-side\"><div class=\"sidebar kc-col-container\"><div class=\"kc-elm kc-css-705108 widget-area kc-wp-sidebar\"><div id=\"custom_html-8\" class=\"widget_text side-bar widget sidebar_widget widget_custom_html\"><div class=\"sec-title\"><h3 class=\"skew-lines\">Elenco categorie<\/h3><\/div><div class=\"textwidget custom-html-widget\"><div class=\"sidebar kc-col-container\">\r\n  <div class=\"kc-elm kc-css-114843 widget-area kc-wp-sidebar\">\r\n    <div id=\"bunch_services_posts-2\" class=\"widget sidebar-widget widget_bunch_services_posts\">\t\t\r\n\r\n      <!-- Categorie -->\r\n      <div class=\"services\">\r\n        <ul class=\"service-list\">\t\t\t\r\n\r\n          <li><a href=\"\/fr\/kit-pour-impermeabilisation\/\">Kit pour impermeabilisation<\/a><\/li>\r\n          <li><a href=\"\/fr\/chalumeaux-neptune\/\">Chalumeaux Neptune<\/a><\/li>\r\n          <li><a href=\"\/fr\/chalumeaux-deluxe\/\">Chalumeaux Deluxe<\/a><\/li>\r\n          <li><a href=\"\/fr\/chalumeaux-ecogas\/\">Chalumeaux Ecogas<\/a><\/li>\r\n          <li><a href=\"\/fr\/chalumeaux-light\/\">Chalumeaux Light<\/a><\/li>\r\n          <li><a href=\"\/fr\/autres-equipements\/\">Autres \u00e9quipements<\/a><\/li>\r\n          <li><a href=\"\/fr\/tuyaux-flexibles\/\">Tuyaux flexibles<\/a><\/li>\r\n          <li><a href=\"\/fr\/autres-accessoires\/\">Autres accessoires<\/a><\/li>\r\n          <li><a href=\"\/fr\/detendeurs-de-gaz\/\">D\u00e9tendeurs de gaz<\/a><\/li>\r\n\r\n        <\/ul>\r\n      <\/div>\r\n\r\n    <\/div>\r\n  <\/div>\r\n<\/div><\/div><\/div><\/div><div class=\"kc-elm kc-css-401047 widget-area kc-wp-sidebar\"><div id=\"custom_html-10\" class=\"widget_text side-bar widget sidebar_widget widget_custom_html\"><div class=\"sec-title\"><h3 class=\"skew-lines\">Titolo Ultime Novit\u00e0<\/h3><\/div><div class=\"textwidget custom-html-widget\"><p class=\"ttlcolsx1\">DERNI\u00c8RES NOUVELLES<\/p><\/div><\/div><\/div><\/div><\/div><div class=\"kc-elm kc-css-986747 kc_col-sm-9 kc_column kc_col-sm-9\"><div class=\"kc-col-container\"><div class=\"kc-elm kc-css-639863 kc_shortcode kc_single_image\">\n\n        <img src=\"https:\/\/narcisi.it\/wp-content\/uploads\/2018\/07\/roofing_torch_narcisi_deluxe_fisso.jpg\" class=\"\" alt=\"\" \/>    <\/div>\n<div class=\"kc-elm kc-css-469439 kc_text_block\"><\/p>\n<p class=\"ttlpgsingcategoria\">CHALUMEAU DELUXE FIXE<\/p>\n<p>\n<\/div><div class=\"kc-elm kc-css-469614 kc_text_block\"><\/p>\n<p>Le chalumeau Deluxe (CDEL) est le haut de la gamme de Narcisi, dans ce mod\u00e8le ont \u00e9t\u00e9 utilis\u00e9s les meilleurs mat\u00e9riaux, la m\u00e9ticuleuse production et les tests garantissent que l&rsquo;utilisateur aie une connaissance imm\u00e9diate d&rsquo;avoir achet\u00e9 l&rsquo;un des meilleurs \u00e9quipements.<\/p>\n<p>La structure de ce chalumeau est enti\u00e8rement fabriqu\u00e9e en laiton, chaque articulation est filet\u00e9e et bras\u00e9e en alliage argent AG45 comme c&rsquo;est tr\u00e8s flexible.<\/p>\n<p>Le godet et le m\u00e9langeur sont filet\u00e9es et viss\u00e9es sur le col, et ils sont facilement rempla\u00e7ables en cas d&rsquo;usure ou de besoin de changer le diam\u00e8tre du godet.<\/p>\n<p>Le corps robinets du chalumeau est \u00e9quip\u00e9 d&rsquo;une manivelle d&rsquo;ouverture \/ r\u00e9gulation qui g\u00e8re le r\u00e9glage du d\u00e9bit de gaz \u00e0 la valve enti\u00e8re, un dispositif pour l&rsquo;allumage de la flamme de s\u00e9curit\u00e9, une deuxi\u00e8me manivelle pour g\u00e9rer au plaisir la flamme de minimum (p.e. si \u00e0 cause du vent, l\u2019espion d\u2019allumage suffisante) lorsque la torche est en stand-by et un levier rapide, tous construits selon les normes internationales ISO EN9012.<\/p>\n<p>Le parfait \u00e9quilibre dans le m\u00e9lange air-gaz fournit d&rsquo;excellentes performances avec une \u00e9conomie de gaz \u00e9lev\u00e9es dans sa gamme : sont mont\u00e9s dans une t\u00eate d&rsquo;injection \u00e0 laquelle le tuyau peut \u00eatre activ\u00e9 \/ d\u00e9sactiv\u00e9 par le crochet ayant un \u00e9crou raccord conique avec filet \u00e0 gauche, un support d&rsquo;obtenir le soutien de la torche en stand-by, et sur demande peut \u00eatre install\u00e9 allumage pi\u00e9zo\u00e9lectrique.<\/p>\n<p>La choix est entre trois diam\u00e8tres du godet (mm.50\/60\/70) et la mesure standard du col est mm.200\/300\/400 mais il peut \u00eatre adapt\u00e9 en fonction des besoins du client.<\/p>\n<p>\n<\/div><div class=\"kc-elm kc-css-104793 kc-raw-code\"><div class=\"spacesingcat\"><\/div><\/div><div class=\"kc-elm kc-css-852623 kc_text_block\"><\/p>\n<p class=\"ttlpgsingcategoria3\">DONN\u00c9ES TECHNIQUES<\/p>\n<p>\n<\/div><div class=\"kc-elm kc-css-418662 kc_row kc_row_inner\"><div class=\"kc-elm kc-css-447901 kc_col-sm-3 kc_column_inner kc_col-sm-3\"><div class=\"kc_wrapper kc-col-inner-container\"><div class=\"kc-elm kc-css-178567 kc_text_block .producttab1\"><\/p>\n<p>Code<\/p>\n<p>\n<\/div><div class=\"kc-elm kc-css-292135 kc_text_block .producttab1\"><\/p>\n<p>Godet<\/p>\n<p>\n<\/div><div class=\"kc-elm kc-css-402400 kc_text_block .producttab1\"><\/p>\n<p>Extension<\/p>\n<p>\n<\/div><div class=\"kc-elm kc-css-229870 kc_text_block .producttab1\"><\/p>\n<p>Poids (g)<\/p>\n<p>\n<\/div><div class=\"kc-elm kc-css-892086 kc_text_block .producttab1\"><\/p>\n<p>Kcal\/h<\/p>\n<p>\n<\/div><div class=\"kc-elm kc-css-567266 kc_text_block .producttab1\"><\/p>\n<p>Kw<\/p>\n<p>\n<\/div><div class=\"kc-elm kc-css-972792 kc_text_block .producttab1\"><\/p>\n<p>Kj\/h<\/p>\n<p>\n<\/div><div class=\"kc-elm kc-css-400848 kc_text_block .producttab1\"><\/p>\n<p>Pression utilisation bar<\/p>\n<p>\n<\/div><div class=\"kc-elm kc-css-107895 kc_text_block .producttab1\"><\/p>\n<p>Consommation max Kg\/h<\/p>\n<p>\n<\/div><\/div><\/div><div class=\"kc-elm kc-css-816724 kc_col-sm-3 kc_column_inner kc_col-sm-3\"><div class=\"kc_wrapper kc-col-inner-container\"><div class=\"kc-elm kc-css-366713 kc_text_block .producttab1\"><\/p>\n<p>CDEL50<\/p>\n<p>\n<\/div><div class=\"kc-elm kc-css-895077 kc_text_block .producttab1\"><\/p>\n<p>50<\/p>\n<p>\n<\/div><div class=\"kc-elm kc-css-56081 kc_text_block .producttab1\"><\/p>\n<p>200\/300\/400<\/p>\n<p>\n<\/div><div class=\"kc-elm kc-css-776843 kc_text_block .producttab1\"><\/p>\n<p>750\/790\/830<\/p>\n<p>\n<\/div><div class=\"kc-elm kc-css-343500 kc_text_block .producttab1\"><\/p>\n<p>53550<\/p>\n<p>\n<\/div><div class=\"kc-elm kc-css-715024 kc_text_block .producttab1\"><\/p>\n<p>62,27<\/p>\n<p>\n<\/div><div class=\"kc-elm kc-css-500029 kc_text_block .producttab1\"><\/p>\n<p>224162<\/p>\n<p>\n<\/div><div class=\"kc-elm kc-css-414356 kc_text_block .producttab1\"><\/p>\n<p>2-4<\/p>\n<p>\n<\/div><div class=\"kc-elm kc-css-320669 kc_text_block .producttab1\"><\/p>\n<p>4,5<\/p>\n<p>\n<\/div><\/div><\/div><div class=\"kc-elm kc-css-960274 kc_col-sm-3 kc_column_inner kc_col-sm-3\"><div class=\"kc_wrapper kc-col-inner-container\"><div class=\"kc-elm kc-css-404141 kc_text_block .producttab1\"><\/p>\n<p>CDEL60<\/p>\n<p>\n<\/div><div class=\"kc-elm kc-css-396535 kc_text_block .producttab1\"><\/p>\n<p>60<\/p>\n<p>\n<\/div><div class=\"kc-elm kc-css-946713 kc_text_block .producttab1\"><\/p>\n<p>200\/300\/400<\/p>\n<p>\n<\/div><div class=\"kc-elm kc-css-754397 kc_text_block .producttab1\"><\/p>\n<p>815\/855\/895<\/p>\n<p>\n<\/div><div class=\"kc-elm kc-css-25551 kc_text_block .producttab1\"><\/p>\n<p>64260<\/p>\n<p>\n<\/div><div class=\"kc-elm kc-css-328426 kc_text_block .producttab1\"><\/p>\n<p>74,72<\/p>\n<p>\n<\/div><div class=\"kc-elm kc-css-733098 kc_text_block .producttab1\"><\/p>\n<p>268995<\/p>\n<p>\n<\/div><div class=\"kc-elm kc-css-731416 kc_text_block .producttab1\"><\/p>\n<p>2-4<\/p>\n<p>\n<\/div><div class=\"kc-elm kc-css-635137 kc_text_block .producttab1\"><\/p>\n<p>5,4<\/p>\n<p>\n<\/div><\/div><\/div><div class=\"kc-elm kc-css-354080 kc_col-sm-3 kc_column_inner kc_col-sm-3\"><div class=\"kc_wrapper kc-col-inner-container\"><div class=\"kc-elm kc-css-64221 kc_text_block .producttab1\"><\/p>\n<p>CDEL70<\/p>\n<p>\n<\/div><div class=\"kc-elm kc-css-573162 kc_text_block .producttab1\"><\/p>\n<p>70<\/p>\n<p>\n<\/div><div class=\"kc-elm kc-css-790280 kc_text_block .producttab1\"><\/p>\n<p>200\/300\/400<\/p>\n<p>\n<\/div><div class=\"kc-elm kc-css-740285 kc_text_block .producttab1\"><\/p>\n<p>865\/905\/945<\/p>\n<p>\n<\/div><div class=\"kc-elm kc-css-456123 kc_text_block .producttab1\"><\/p>\n<p>71400<\/p>\n<p>\n<\/div><div class=\"kc-elm kc-css-651761 kc_text_block .producttab1\"><\/p>\n<p>83,02<\/p>\n<p>\n<\/div><div class=\"kc-elm kc-css-213553 kc_text_block .producttab1\"><\/p>\n<p>298883<\/p>\n<p>\n<\/div><div class=\"kc-elm kc-css-302933 kc_text_block .producttab1\"><\/p>\n<p>2-4<\/p>\n<p>\n<\/div><div class=\"kc-elm kc-css-642268 kc_text_block .producttab1\"><\/p>\n<p>6,0<\/p>\n<p>\n<\/div><\/div><\/div><\/div>\n<div class=\"kc-elm kc-css-851943\">\n\t<a class=\"kc_button\" href=\"\/wp-content\/uploads\/2018\/07\/manuale_web_narcisi_light_cannello_deluxe_fisso_ENG.pdf\" target=\"_blank\" title=\"\" onclick=\"\">\n\t\t<i class=\"et-document\"><\/i> Download PDF\t<\/a>\n<\/div>\n<div class=\"kc-elm kc-css-58994 kc-raw-code\"><div class=\"contbckbtn\">\r\n  <form>\r\n    <input type=\"button\" class=\"bckbtn\" value=\"retour \u00e0 la liste des produits\" onClick=\"javascript:history.back()\" name=\"button\">\r\n  <\/form>\r\n<\/div><\/div><\/div><\/div><\/div><\/div><\/section><section class=\"kc-elm kc-css-38304 kc_row sidebar-page-container with-left-sidebar\"><div class=\"kc-row-container  kc-container\"><div class=\"kc-wrap-columns\"><div class=\"kc-elm kc-css-159675 kc_col-sm-3 kc_column kc_col-sm-3 sidebar-side\"><div class=\"sidebar kc-col-container\"><div class=\"kc-elm kc-css-935686 widget-area kc-wp-sidebar\"><\/div><\/div><\/div><div class=\"kc-elm kc-css-839059 kc_col-sm-9 kc_column kc_col-sm-9\"><div class=\"kc-col-container\"><!--Content Side-->\n<div class=\"content-side \">\n\t<!--Service Details-->\n\t<section class=\"service-details\">\n\t\t\n\t\t<figure class=\"big-image\"><img src=\"https:\/\/0g9nuobpwvp.preview.infomaniak.website\/wp-content\/uploads\/2017\/04\/placeholder-50.jpg\" alt=\"Image\"><\/figure>\n\t\t\n\t\t<!--Text Content-->\n\t\t<div class=\"content\">\n\t\t\t<h3>Business Solution  <\/h3>\n\t\t\t<p>Lorem ipsum dolor sit amet, consectetur adipiscing elit. Curabitur libero enim, lacinia finibus ante et, imperdiet finibus risus. Donec malesuada luctus elit nec hendrerit. Integer ex sap ien, eleifend sit amet tellus ut, porttitor dictum velit. Nulla scelerisque, nisl eu maximus bibendum nibh risus eleifend ex, id dapibus leo dui in nulla. Donec sollicitudin molestie erat sit amet elementum. Donec at lacinia massa, eu hen rit ex. Donec hendrerit, porttitor.<\/p><blockquote><div class=\"txt\">People think focus means saying yes to the thing you\u2019ve got to focus on. But that\u2019s not what it means at all. It means saying no to the hundred other good ideas that there are. You have to pick carefully. I\u2019m actually as proud of the things.<\/div><\/blockquote><p>ex orci sollicitudin dolor, et scelerisque sem ex in nisi.Nulla pulvinar vitae arcu at cursus. Class aptent taciti sociosqu ad litora torquent per co Curabitur accumsan mauris vitae leo tempus, ac sceleri sque massa elementum. In blandit fringilla tincidunt. Proin commodo tortor vitae is nisi. Etiam accumsan massa volutpat tellus<\/p>\t\t\t<h3>Marketing STRATEGY  <\/h3>\n\t\t\t<div class=\"row clearfix\">\n\t\t\t\t<div class=\"col-md-6 col-sm-6 col-xs-12\">\n\t\t\t\t\t<p>Lorem ipsum dolor sit amet, consectetur adipiscing elitazaa. fsdssd Curabitur libero eni lacinia finibus ante et, imaperdiet finibus risus. Donec malesuadaluctus elit naaacec hendrerit. Integer ex sap ien, ds eleifend sit amet tellus ut, porttitor dict um velit. Nulla dssd ads scelerisque, nisl euasaszz maximus bibendum nibh risus eleifen ex, a nulla.<\/p><p> Donec sollicitudin molestie erat sit amet elementum. Donec at lacinia massa.ex orci sollicitudinaasa dolor, e scelerisque sem ex in nisi.Nulla pulvinar vitae ar cu at cursus.<\/p>\t\t\t\t<\/div>\n\t\t\t\t<div class=\"col-md-6 col-sm-6 col-xs-12\">\n\t\t\t\t\t<!--Graph Chart-->\n\t\t\t\t\t<div class=\"chart-outer\">\n\t\t\t\t\t\t<div id=\"Chart1\" style=\"height: 270px; width: 100%;\"><\/div>\n\t\t\t\t\t<\/div>\n\t\t\t\t<\/div>\n\t\t\t<\/div>\n\t\t\t\n\t\t\t<!--Faqs-->\n\t\t\t<div class=\"faqs\">\n\t\t\t\t<!--Accordion Box-->\n\t\t\t\t<ul class=\"accordion-box\">\n\t\t\t\t\n\t\t\t\t\t\t\t\t\t\t\t<!--Block-->\n\t\t\t\t\t\t<li class=\"accordion block active-block\">\n\t\t\t\t\t\t\t<div class=\"acc-btn active\"><div class=\"icon-outer\"><span class=\"icon fa fa-angle-right\"><\/span><\/div> Marketing Strategy<\/div>\n\t\t\t\t\t\t\t<div class=\"acc-content current\">\n\t\t\t\t\t\t\t\t<div class=\"content\"><p>Cum sociis natoque penatibus et magnis dis parturient ntesmus. Proin vel nibh et elit mollis commodo et nec augue tristique sed Quisque velit nisi, pretium.nibh.Cum sociis natoque penatibus et magnis dis parturient ntesmus. Proin vel nibh et elit mollis commodo et nec augue tristique sed Quisque velit nisi, pretium.nibh.<\/p><\/div>\n\t\t\t\t\t\t\t<\/div>\n\t\t\t\t\t\t<\/li>\n\t\t\t\t\t\t\t\t\t\t\t<!--Block-->\n\t\t\t\t\t\t<li class=\"accordion block \">\n\t\t\t\t\t\t\t<div class=\"acc-btn \"><div class=\"icon-outer\"><span class=\"icon fa fa-angle-right\"><\/span><\/div> Econometric Modeling<\/div>\n\t\t\t\t\t\t\t<div class=\"acc-content \">\n\t\t\t\t\t\t\t\t<div class=\"content\"><p>Cum sociis natoque penatibus et magnis dis parturient ntesmus. Proin vel nibh et elit mollis commodo et nec augue tristique sed Quisque velit nisi, pretium.nibh.Cum sociis natoque penatibus et magnis dis parturient ntesmus. Proin vel nibh et elit mollis commodo et nec augue tristique sed Quisque velit nisi, pretium.nibh.<\/p><\/div>\n\t\t\t\t\t\t\t<\/div>\n\t\t\t\t\t\t<\/li>\n\t\t\t\t\t\t\t\t\t\t\t<!--Block-->\n\t\t\t\t\t\t<li class=\"accordion block \">\n\t\t\t\t\t\t\t<div class=\"acc-btn \"><div class=\"icon-outer\"><span class=\"icon fa fa-angle-right\"><\/span><\/div> Professional Skills <\/div>\n\t\t\t\t\t\t\t<div class=\"acc-content \">\n\t\t\t\t\t\t\t\t<div class=\"content\"><p>Cum sociis natoque penatibus et magnis dis parturient ntesmus. Proin vel nibh et elit mollis commodo et nec augue tristique sed Quisque velit nisi, pretium.nibh.Cum sociis natoque penatibus et magnis dis parturient ntesmus. Proin vel nibh et elit mollis commodo et nec augue tristique sed Quisque velit nisi, pretium.nibh.<\/p><\/div>\n\t\t\t\t\t\t\t<\/div>\n\t\t\t\t\t\t<\/li>\n\t\t\t\t\t\t\t\t\t\t\t<!--Block-->\n\t\t\t\t\t\t<li class=\"accordion block \">\n\t\t\t\t\t\t\t<div class=\"acc-btn \"><div class=\"icon-outer\"><span class=\"icon fa fa-angle-right\"><\/span><\/div> Statistical Software <\/div>\n\t\t\t\t\t\t\t<div class=\"acc-content \">\n\t\t\t\t\t\t\t\t<div class=\"content\"><p>Cum sociis natoque penatibus et magnis dis parturient ntesmus. Proin vel nibh et elit mollis commodo et nec augue tristique sed Quisque velit nisi, pretium.nibh.Cum sociis natoque penatibus et magnis dis parturient ntesmus. Proin vel nibh et elit mollis commodo et nec augue tristique sed Quisque velit nisi, pretium.nibh.<\/p><\/div>\n\t\t\t\t\t\t\t<\/div>\n\t\t\t\t\t\t<\/li>\n\t\t\t\t\t\n\t\t\t\t<\/ul><!--End Accordion Box-->\n\t\t\t<\/div>\n\t\t\n\t\t<\/div>\n\t<\/section>\n\n<\/div>\n<!--Content Side--><\/div><\/div><\/div><\/div><\/section><\/p>\n","protected":false},"excerpt":{"rendered":"","protected":false},"author":1,"featured_media":0,"parent":0,"menu_order":0,"comment_status":"closed","ping_status":"closed","template":"tpl-king-composer.php","meta":[],"_links":{"self":[{"href":"https:\/\/narcisi.it\/fr\/wp-json\/wp\/v2\/pages\/2755"}],"collection":[{"href":"https:\/\/narcisi.it\/fr\/wp-json\/wp\/v2\/pages"}],"about":[{"href":"https:\/\/narcisi.it\/fr\/wp-json\/wp\/v2\/types\/page"}],"author":[{"embeddable":true,"href":"https:\/\/narcisi.it\/fr\/wp-json\/wp\/v2\/users\/1"}],"replies":[{"embeddable":true,"href":"https:\/\/narcisi.it\/fr\/wp-json\/wp\/v2\/comments?post=2755"}],"version-history":[{"count":5,"href":"https:\/\/narcisi.it\/fr\/wp-json\/wp\/v2\/pages\/2755\/revisions"}],"predecessor-version":[{"id":6825,"href":"https:\/\/narcisi.it\/fr\/wp-json\/wp\/v2\/pages\/2755\/revisions\/6825"}],"wp:attachment":[{"href":"https:\/\/narcisi.it\/fr\/wp-json\/wp\/v2\/media?parent=2755"}],"curies":[{"name":"wp","href":"https:\/\/api.w.org\/{rel}","templated":true}]}}