{"id":3052,"date":"2018-07-17T13:29:44","date_gmt":"2018-07-17T11:29:44","guid":{"rendered":"https:\/\/0g9nuobpwvp.preview.infomaniak.website\/?page_id=3052"},"modified":"2018-07-17T13:53:00","modified_gmt":"2018-07-17T11:53:00","slug":"chalumeau-deluxe-d60-col-mm300","status":"publish","type":"page","link":"https:\/\/narcisi.it\/fr\/chalumeau-deluxe-d60-col-mm300\/","title":{"rendered":"Chalumeau Deluxe d.60 col mm.300"},"content":{"rendered":"<p><section class=\"kc-elm kc-css-740865 kc_row\"><div class=\"kc-row-container  kc-container\"><div class=\"kc-wrap-columns\"><div class=\"kc-elm kc-css-690196 kc_col-sm-3 kc_column kc_col-sm-3 sidebar-side\"><div class=\"sidebar kc-col-container\"><div class=\"kc-elm kc-css-571859 widget-area kc-wp-sidebar\"><div id=\"custom_html-8\" class=\"widget_text side-bar widget sidebar_widget widget_custom_html\"><div class=\"sec-title\"><h3 class=\"skew-lines\">Elenco categorie<\/h3><\/div><div class=\"textwidget custom-html-widget\"><div class=\"sidebar kc-col-container\">\r\n  <div class=\"kc-elm kc-css-114843 widget-area kc-wp-sidebar\">\r\n    <div id=\"bunch_services_posts-2\" class=\"widget sidebar-widget widget_bunch_services_posts\">\t\t\r\n\r\n      <!-- Categorie -->\r\n      <div class=\"services\">\r\n        <ul class=\"service-list\">\t\t\t\r\n\r\n          <li><a href=\"\/fr\/kit-pour-impermeabilisation\/\">Kit pour impermeabilisation<\/a><\/li>\r\n          <li><a href=\"\/fr\/chalumeaux-neptune\/\">Chalumeaux Neptune<\/a><\/li>\r\n          <li><a href=\"\/fr\/chalumeaux-deluxe\/\">Chalumeaux Deluxe<\/a><\/li>\r\n          <li><a href=\"\/fr\/chalumeaux-ecogas\/\">Chalumeaux Ecogas<\/a><\/li>\r\n          <li><a href=\"\/fr\/chalumeaux-light\/\">Chalumeaux Light<\/a><\/li>\r\n          <li><a href=\"\/fr\/autres-equipements\/\">Autres \u00e9quipements<\/a><\/li>\r\n          <li><a href=\"\/fr\/tuyaux-flexibles\/\">Tuyaux flexibles<\/a><\/li>\r\n          <li><a href=\"\/fr\/autres-accessoires\/\">Autres accessoires<\/a><\/li>\r\n          <li><a href=\"\/fr\/detendeurs-de-gaz\/\">D\u00e9tendeurs de gaz<\/a><\/li>\r\n\r\n        <\/ul>\r\n      <\/div>\r\n\r\n    <\/div>\r\n  <\/div>\r\n<\/div><\/div><\/div><\/div><div class=\"kc-elm kc-css-190402 widget-area kc-wp-sidebar\"><div id=\"custom_html-10\" class=\"widget_text side-bar widget sidebar_widget widget_custom_html\"><div class=\"sec-title\"><h3 class=\"skew-lines\">Titolo Ultime Novit\u00e0<\/h3><\/div><div class=\"textwidget custom-html-widget\"><p class=\"ttlcolsx1\">DERNI\u00c8RES NOUVELLES<\/p><\/div><\/div><\/div><\/div><\/div><div class=\"kc-elm kc-css-735042 kc_col-sm-9 kc_column kc_col-sm-9\"><div class=\"kc-col-container\"><div class=\"kc-elm kc-css-237584 kc_shortcode kc_single_image\">\n\n        <img src=\"https:\/\/narcisi.it\/wp-content\/uploads\/2018\/07\/roofing_torch_narcisi_cdell60_18.jpg\" class=\"\" alt=\"\" \/>    <\/div>\n<div class=\"kc-elm kc-css-77347 kc_text_block\"><\/p>\n<p class=\"ttlpgsingcategoria\">CHALUMEAU DELUXE d.60 col mm.300<\/p>\n<p>\n<\/div><div class=\"kc-elm kc-css-48722 kc_text_block\"><\/p>\n<p>\nLe chalumeau DeLuxe (CDEL) est le haut de la gamme de Narcisi, dans ce mod\u00e8le ont \u00e9t\u00e9 utilis\u00e9s les meilleurs mat\u00e9riaux, les m\u00e9ticuleux production et tests garantissent que l&#039;utilisateur a une connaissance imm\u00e9diate d&#039;avoir achet\u00e9 l&#039;un des meilleurs \u00e9quipements.<br \/>La structure de ce chalumeau est enti\u00e8rement fabriqu\u00e9e en laiton, chaque articulation est filet\u00e9e et bras\u00e9e en alliage argent AG45 comme c&#039;est tr\u00e8s flexible.<br \/>Godet et m\u00e9langeur sont filet\u00e9es et viss\u00e9es sur le col et ensuite facilement remplac\u00e9s en cas d&#039;usure ou de besoin de changer le diam\u00e8tre du godet.<br \/>Le corps robinets du chalumeau est \u00e9quip\u00e9 d&#039;une manivelle d&#039;ouverture \/ r\u00e9gulation qui g\u00e8re le r\u00e9glage du d\u00e9bit de gaz \u00e0 la valve enti\u00e8re, un dispositif pour l&#039;allumage de la flamme de s\u00e9curit\u00e9, une deuxi\u00e8me manivelle de g\u00e9rer gestir au plaisir la flamme de minimum (si \u00e0 cause du vent, le voyant d&#039;alimentation n&#039;est pas suffisante) lorsque la torche est en stand-by et un levier rapide, tous construits selon les normes internationales ISO EN9012.<br \/>Le parfait \u00e9quilibre dans le m\u00e9lange air-gaz fournit d&#039;excellentes performances avec une \u00e9conomie de gaz \u00e9lev\u00e9es dans sa gamme, sont mont\u00e9s dans une t\u00eate d&#039;injection \u00e0 laquelle le tuyau peut \u00eatre activ\u00e9 \/ d\u00e9sactiv\u00e9 par le crochet ayant un \u00e9crou raccord conique avec filet \u00e0 gauche, un support d&#039;obtenir le soutien de la torche en stand-by, et sur demande peut \u00eatre install\u00e9 allumage pi\u00e9zo\u00e9lectrique.<\/p>\n<p>\n<\/div><div class=\"kc-elm kc-css-881192 kc-raw-code\"><div class=\"spacesingcat\"><\/div><\/div><div class=\"kc-elm kc-css-809302 kc_text_block\"><\/p>\n<p class=\"ttlpgsingcategoria3\">DONN\u00c9ES TECHNIQUES<\/p>\n<p>\n<\/div><div class=\"kc-elm kc-css-77249 kc_row kc_row_inner\"><div class=\"kc-elm kc-css-549251 kc_col-sm-3 kc_column_inner kc_col-sm-3\"><div class=\"kc_wrapper kc-col-inner-container\"><div class=\"kc-elm kc-css-991541 kc_text_block .producttab1\"><\/p>\n<p>\nCode<\/p>\n<p>\n<\/div><div class=\"kc-elm kc-css-585185 kc_text_block .producttab1\"><\/p>\n<p>Godet<\/p>\n<p>\n<\/div><div class=\"kc-elm kc-css-400408 kc_text_block .producttab1\"><\/p>\n<p>Extension<\/p>\n<p>\n<\/div><div class=\"kc-elm kc-css-856448 kc_text_block .producttab1\"><\/p>\n<p>Poids (g)<\/p>\n<p>\n<\/div><div class=\"kc-elm kc-css-765225 kc_text_block .producttab1\"><\/p>\n<p>\nKcal\/h<\/p>\n<p>\n<\/div><div class=\"kc-elm kc-css-835141 kc_text_block .producttab1\"><\/p>\n<p>\nKw<\/p>\n<p>\n<\/div><div class=\"kc-elm kc-css-274714 kc_text_block .producttab1\"><\/p>\n<p>\nKj\/h<\/p>\n<p>\n<\/div><div class=\"kc-elm kc-css-373031 kc_text_block .producttab1\"><\/p>\n<p>Pression utilisation bar<\/p>\n<p>\n<\/div><div class=\"kc-elm kc-css-413019 kc_text_block .producttab1\"><\/p>\n<p>Consommation max Kg\/h<\/p>\n<p>\n<\/div><\/div><\/div><div class=\"kc-elm kc-css-599868 kc_col-sm-3 kc_column_inner kc_col-sm-3\"><div class=\"kc_wrapper kc-col-inner-container\"><div class=\"kc-elm kc-css-286329 kc_text_block .producttab1\"><\/p>\n<p>\nCDELL60<\/p>\n<p>\n<\/div><div class=\"kc-elm kc-css-643917 kc_text_block .producttab1\"><\/p>\n<p>\n60<\/p>\n<p>\n<\/div><div class=\"kc-elm kc-css-983907 kc_text_block .producttab1\"><\/p>\n<p>\n300<\/p>\n<p>\n<\/div><div class=\"kc-elm kc-css-726315 kc_text_block .producttab1\"><\/p>\n<p>\n855<\/p>\n<p>\n<\/div><div class=\"kc-elm kc-css-710522 kc_text_block .producttab1\"><\/p>\n<p>\n64260<\/p>\n<p>\n<\/div><div class=\"kc-elm kc-css-140837 kc_text_block .producttab1\"><\/p>\n<p>\n74,72<\/p>\n<p>\n<\/div><div class=\"kc-elm kc-css-512774 kc_text_block .producttab1\"><\/p>\n<p>\n268995<\/p>\n<p>\n<\/div><div class=\"kc-elm kc-css-51944 kc_text_block .producttab1\"><\/p>\n<p>\n2-4<\/p>\n<p>\n<\/div><div class=\"kc-elm kc-css-679088 kc_text_block .producttab1\"><\/p>\n<p>\n5,40<\/p>\n<p>\n<\/div><\/div><\/div><div class=\"kc-elm kc-css-653471 kc_col-sm-3 kc_column_inner kc_col-sm-3\"><div class=\"kc_wrapper kc-col-inner-container\"><div class=\"kc-elm kc-css-308604 kc_text_block .producttab1\"><\/p>\n<p>\n&#8211;<\/p>\n<p>\n<\/div><div class=\"kc-elm kc-css-335456 kc_text_block .producttab1\"><\/p>\n<p>\n&#8211;<\/p>\n<p>\n<\/div><div class=\"kc-elm kc-css-184234 kc_text_block .producttab1\"><\/p>\n<p>\n&#8211;<\/p>\n<p>\n<\/div><div class=\"kc-elm kc-css-924210 kc_text_block .producttab1\"><\/p>\n<p>\n&#8211;<\/p>\n<p>\n<\/div><div class=\"kc-elm kc-css-681191 kc_text_block .producttab1\"><\/p>\n<p>\n&#8211;<\/p>\n<p>\n<\/div><div class=\"kc-elm kc-css-439554 kc_text_block .producttab1\"><\/p>\n<p>\n&#8211;<\/p>\n<p>\n<\/div><div class=\"kc-elm kc-css-19164 kc_text_block .producttab1\"><\/p>\n<p>\n&#8211;<\/p>\n<p>\n<\/div><div class=\"kc-elm kc-css-202652 kc_text_block .producttab1\"><\/p>\n<p>\n&#8211;<\/p>\n<p>\n<\/div><div class=\"kc-elm kc-css-729596 kc_text_block .producttab1\"><\/p>\n<p>\n&#8211;<\/p>\n<p>\n<\/div><\/div><\/div><div class=\"kc-elm kc-css-222275 kc_col-sm-3 kc_column_inner kc_col-sm-3\"><div class=\"kc_wrapper kc-col-inner-container\"><div class=\"kc-elm kc-css-902366 kc_text_block .producttab1\"><\/p>\n<p>\n&#8211;<\/p>\n<p>\n<\/div><div class=\"kc-elm kc-css-466150 kc_text_block .producttab1\"><\/p>\n<p>\n&#8211;<\/p>\n<p>\n<\/div><div class=\"kc-elm kc-css-16520 kc_text_block .producttab1\"><\/p>\n<p>\n&#8211;<\/p>\n<p>\n<\/div><div class=\"kc-elm kc-css-647478 kc_text_block .producttab1\"><\/p>\n<p>\n&#8211;<\/p>\n<p>\n<\/div><div class=\"kc-elm kc-css-330411 kc_text_block .producttab1\"><\/p>\n<p>\n&#8211;<\/p>\n<p>\n<\/div><div class=\"kc-elm kc-css-474137 kc_text_block .producttab1\"><\/p>\n<p>\n&#8211;<\/p>\n<p>\n<\/div><div class=\"kc-elm kc-css-401729 kc_text_block .producttab1\"><\/p>\n<p>\n&#8211;<\/p>\n<p>\n<\/div><div class=\"kc-elm kc-css-603102 kc_text_block .producttab1\"><\/p>\n<p>\n&#8211;<\/p>\n<p>\n<\/div><div class=\"kc-elm kc-css-727629 kc_text_block .producttab1\"><\/p>\n<p>\n&#8211;<\/p>\n<p>\n<\/div><\/div><\/div><\/div>\n<div class=\"kc-elm kc-css-957596\">\n\t<a class=\"kc_button .tstpdfoff\" href=\"\/wp-content\/uploads\/2017\/11\/manuale_x_web_neptune_nuovo.pdf\" target=\"_blank\" title=\"\" onclick=\"\">\n\t\t<i class=\"et-document\"><\/i> Download PDF\t<\/a>\n<\/div>\n<div class=\"kc-elm kc-css-325984 kc-raw-code\"><div class=\"contbckbtn\">\r\n  <form>\r\n    <input type=\"button\" class=\"bckbtn\" value=\"retour \u00e0 la liste des produits\" onClick=\"javascript:history.back()\" name=\"button\">\r\n  <\/form>\r\n<\/div><\/div><\/div><\/div><\/div><\/div><\/section><section class=\"kc-elm kc-css-335003 kc_row sidebar-page-container with-left-sidebar\"><div class=\"kc-row-container  kc-container\"><div class=\"kc-wrap-columns\"><div class=\"kc-elm kc-css-301390 kc_col-sm-3 kc_column kc_col-sm-3 sidebar-side\"><div class=\"sidebar kc-col-container\"><div class=\"kc-elm kc-css-662453 widget-area kc-wp-sidebar\"><\/div><\/div><\/div><div class=\"kc-elm kc-css-376831 kc_col-sm-9 kc_column kc_col-sm-9\"><div class=\"kc-col-container\"><!--Content Side-->\n<div class=\"content-side \">\n\t<!--Service Details-->\n\t<section class=\"service-details\">\n\t\t\n\t\t<figure class=\"big-image\"><img src=\"https:\/\/0g9nuobpwvp.preview.infomaniak.website\/wp-content\/uploads\/2017\/04\/placeholder-50.jpg\" alt=\"Image\"><\/figure>\n\t\t\n\t\t<!--Text Content-->\n\t\t<div class=\"content\">\n\t\t\t<h3>Business Solution  <\/h3>\n\t\t\t<p>Lorem ipsum dolor sit amet, consectetur adipiscing elit. Curabitur libero enim, lacinia finibus ante et, imperdiet finibus risus. Donec malesuada luctus elit nec hendrerit. Integer ex sap ien, eleifend sit amet tellus ut, porttitor dictum velit. Nulla scelerisque, nisl eu maximus bibendum nibh risus eleifend ex, id dapibus leo dui in nulla. Donec sollicitudin molestie erat sit amet elementum. Donec at lacinia massa, eu hen rit ex. Donec hendrerit, porttitor.<\/p><blockquote><div class=\"txt\">People think focus means saying yes to the thing you\u2019ve got to focus on. But that\u2019s not what it means at all. It means saying no to the hundred other good ideas that there are. You have to pick carefully. I\u2019m actually as proud of the things.<\/div><\/blockquote><p>ex orci sollicitudin dolor, et scelerisque sem ex in nisi.Nulla pulvinar vitae arcu at cursus. Class aptent taciti sociosqu ad litora torquent per co Curabitur accumsan mauris vitae leo tempus, ac sceleri sque massa elementum. In blandit fringilla tincidunt. Proin commodo tortor vitae is nisi. Etiam accumsan massa volutpat tellus<\/p>\t\t\t<h3>Marketing STRATEGY  <\/h3>\n\t\t\t<div class=\"row clearfix\">\n\t\t\t\t<div class=\"col-md-6 col-sm-6 col-xs-12\">\n\t\t\t\t\t<p>Lorem ipsum dolor sit amet, consectetur adipiscing elitazaa. fsdssd Curabitur libero eni lacinia finibus ante et, imaperdiet finibus risus. Donec malesuadaluctus elit naaacec hendrerit. Integer ex sap ien, ds eleifend sit amet tellus ut, porttitor dict um velit. Nulla dssd ads scelerisque, nisl euasaszz maximus bibendum nibh risus eleifen ex, a nulla.<\/p><p> Donec sollicitudin molestie erat sit amet elementum. Donec at lacinia massa.ex orci sollicitudinaasa dolor, e scelerisque sem ex in nisi.Nulla pulvinar vitae ar cu at cursus.<\/p>\t\t\t\t<\/div>\n\t\t\t\t<div class=\"col-md-6 col-sm-6 col-xs-12\">\n\t\t\t\t\t<!--Graph Chart-->\n\t\t\t\t\t<div class=\"chart-outer\">\n\t\t\t\t\t\t<div id=\"Chart1\" style=\"height: 270px; width: 100%;\"><\/div>\n\t\t\t\t\t<\/div>\n\t\t\t\t<\/div>\n\t\t\t<\/div>\n\t\t\t\n\t\t\t<!--Faqs-->\n\t\t\t<div class=\"faqs\">\n\t\t\t\t<!--Accordion Box-->\n\t\t\t\t<ul class=\"accordion-box\">\n\t\t\t\t\n\t\t\t\t\t\t\t\t\t\t\t<!--Block-->\n\t\t\t\t\t\t<li class=\"accordion block active-block\">\n\t\t\t\t\t\t\t<div class=\"acc-btn active\"><div class=\"icon-outer\"><span class=\"icon fa fa-angle-right\"><\/span><\/div> Marketing Strategy<\/div>\n\t\t\t\t\t\t\t<div class=\"acc-content current\">\n\t\t\t\t\t\t\t\t<div class=\"content\"><p>Cum sociis natoque penatibus et magnis dis parturient ntesmus. Proin vel nibh et elit mollis commodo et nec augue tristique sed Quisque velit nisi, pretium.nibh.Cum sociis natoque penatibus et magnis dis parturient ntesmus. Proin vel nibh et elit mollis commodo et nec augue tristique sed Quisque velit nisi, pretium.nibh.<\/p><\/div>\n\t\t\t\t\t\t\t<\/div>\n\t\t\t\t\t\t<\/li>\n\t\t\t\t\t\t\t\t\t\t\t<!--Block-->\n\t\t\t\t\t\t<li class=\"accordion block \">\n\t\t\t\t\t\t\t<div class=\"acc-btn \"><div class=\"icon-outer\"><span class=\"icon fa fa-angle-right\"><\/span><\/div> Econometric Modeling<\/div>\n\t\t\t\t\t\t\t<div class=\"acc-content \">\n\t\t\t\t\t\t\t\t<div class=\"content\"><p>Cum sociis natoque penatibus et magnis dis parturient ntesmus. Proin vel nibh et elit mollis commodo et nec augue tristique sed Quisque velit nisi, pretium.nibh.Cum sociis natoque penatibus et magnis dis parturient ntesmus. Proin vel nibh et elit mollis commodo et nec augue tristique sed Quisque velit nisi, pretium.nibh.<\/p><\/div>\n\t\t\t\t\t\t\t<\/div>\n\t\t\t\t\t\t<\/li>\n\t\t\t\t\t\t\t\t\t\t\t<!--Block-->\n\t\t\t\t\t\t<li class=\"accordion block \">\n\t\t\t\t\t\t\t<div class=\"acc-btn \"><div class=\"icon-outer\"><span class=\"icon fa fa-angle-right\"><\/span><\/div> Professional Skills <\/div>\n\t\t\t\t\t\t\t<div class=\"acc-content \">\n\t\t\t\t\t\t\t\t<div class=\"content\"><p>Cum sociis natoque penatibus et magnis dis parturient ntesmus. Proin vel nibh et elit mollis commodo et nec augue tristique sed Quisque velit nisi, pretium.nibh.Cum sociis natoque penatibus et magnis dis parturient ntesmus. Proin vel nibh et elit mollis commodo et nec augue tristique sed Quisque velit nisi, pretium.nibh.<\/p><\/div>\n\t\t\t\t\t\t\t<\/div>\n\t\t\t\t\t\t<\/li>\n\t\t\t\t\t\t\t\t\t\t\t<!--Block-->\n\t\t\t\t\t\t<li class=\"accordion block \">\n\t\t\t\t\t\t\t<div class=\"acc-btn \"><div class=\"icon-outer\"><span class=\"icon fa fa-angle-right\"><\/span><\/div> Statistical Software <\/div>\n\t\t\t\t\t\t\t<div class=\"acc-content \">\n\t\t\t\t\t\t\t\t<div class=\"content\"><p>Cum sociis natoque penatibus et magnis dis parturient ntesmus. Proin vel nibh et elit mollis commodo et nec augue tristique sed Quisque velit nisi, pretium.nibh.Cum sociis natoque penatibus et magnis dis parturient ntesmus. Proin vel nibh et elit mollis commodo et nec augue tristique sed Quisque velit nisi, pretium.nibh.<\/p><\/div>\n\t\t\t\t\t\t\t<\/div>\n\t\t\t\t\t\t<\/li>\n\t\t\t\t\t\n\t\t\t\t<\/ul><!--End Accordion Box-->\n\t\t\t<\/div>\n\t\t\n\t\t<\/div>\n\t<\/section>\n\n<\/div>\n<!--Content Side--><\/div><\/div><\/div><\/div><\/section><\/p>\n","protected":false},"excerpt":{"rendered":"","protected":false},"author":1,"featured_media":0,"parent":0,"menu_order":0,"comment_status":"closed","ping_status":"closed","template":"tpl-king-composer.php","meta":[],"_links":{"self":[{"href":"https:\/\/narcisi.it\/fr\/wp-json\/wp\/v2\/pages\/3052"}],"collection":[{"href":"https:\/\/narcisi.it\/fr\/wp-json\/wp\/v2\/pages"}],"about":[{"href":"https:\/\/narcisi.it\/fr\/wp-json\/wp\/v2\/types\/page"}],"author":[{"embeddable":true,"href":"https:\/\/narcisi.it\/fr\/wp-json\/wp\/v2\/users\/1"}],"replies":[{"embeddable":true,"href":"https:\/\/narcisi.it\/fr\/wp-json\/wp\/v2\/comments?post=3052"}],"version-history":[{"count":7,"href":"https:\/\/narcisi.it\/fr\/wp-json\/wp\/v2\/pages\/3052\/revisions"}],"predecessor-version":[{"id":3059,"href":"https:\/\/narcisi.it\/fr\/wp-json\/wp\/v2\/pages\/3052\/revisions\/3059"}],"wp:attachment":[{"href":"https:\/\/narcisi.it\/fr\/wp-json\/wp\/v2\/media?parent=3052"}],"curies":[{"name":"wp","href":"https:\/\/api.w.org\/{rel}","templated":true}]}}