{"id":4029,"date":"2018-07-30T15:32:03","date_gmt":"2018-07-30T13:32:03","guid":{"rendered":"https:\/\/0g9nuobpwvp.preview.infomaniak.website\/?page_id=4029"},"modified":"2022-04-20T16:03:26","modified_gmt":"2022-04-20T14:03:26","slug":"chalumeau-light-d50-col-mm400-avec-piezoelectrique","status":"publish","type":"page","link":"https:\/\/narcisi.it\/fr\/chalumeau-light-d50-col-mm400-avec-piezoelectrique\/","title":{"rendered":"Chalumeau Light d.50 col mm.400 avec pi\u00e9zo\u00e9lectrique"},"content":{"rendered":"<p><section class=\"kc-elm kc-css-991935 kc_row\"><div class=\"kc-row-container  kc-container\"><div class=\"kc-wrap-columns\"><div class=\"kc-elm kc-css-702595 kc_col-sm-3 kc_column kc_col-sm-3 sidebar-side\"><div class=\"sidebar kc-col-container\"><div class=\"kc-elm kc-css-224354 widget-area kc-wp-sidebar\"><div id=\"custom_html-8\" class=\"widget_text side-bar widget sidebar_widget widget_custom_html\"><div class=\"sec-title\"><h3 class=\"skew-lines\">Elenco categorie<\/h3><\/div><div class=\"textwidget custom-html-widget\"><div class=\"sidebar kc-col-container\">\r\n  <div class=\"kc-elm kc-css-114843 widget-area kc-wp-sidebar\">\r\n    <div id=\"bunch_services_posts-2\" class=\"widget sidebar-widget widget_bunch_services_posts\">\t\t\r\n\r\n      <!-- Categorie -->\r\n      <div class=\"services\">\r\n        <ul class=\"service-list\">\t\t\t\r\n\r\n          <li><a href=\"\/fr\/kit-pour-impermeabilisation\/\">Kit pour impermeabilisation<\/a><\/li>\r\n          <li><a href=\"\/fr\/chalumeaux-neptune\/\">Chalumeaux Neptune<\/a><\/li>\r\n          <li><a href=\"\/fr\/chalumeaux-deluxe\/\">Chalumeaux Deluxe<\/a><\/li>\r\n          <li><a href=\"\/fr\/chalumeaux-ecogas\/\">Chalumeaux Ecogas<\/a><\/li>\r\n          <li><a href=\"\/fr\/chalumeaux-light\/\">Chalumeaux Light<\/a><\/li>\r\n          <li><a href=\"\/fr\/autres-equipements\/\">Autres \u00e9quipements<\/a><\/li>\r\n          <li><a href=\"\/fr\/tuyaux-flexibles\/\">Tuyaux flexibles<\/a><\/li>\r\n          <li><a href=\"\/fr\/autres-accessoires\/\">Autres accessoires<\/a><\/li>\r\n          <li><a href=\"\/fr\/detendeurs-de-gaz\/\">D\u00e9tendeurs de gaz<\/a><\/li>\r\n\r\n        <\/ul>\r\n      <\/div>\r\n\r\n    <\/div>\r\n  <\/div>\r\n<\/div><\/div><\/div><\/div><div class=\"kc-elm kc-css-480873 widget-area kc-wp-sidebar\"><div id=\"custom_html-10\" class=\"widget_text side-bar widget sidebar_widget widget_custom_html\"><div class=\"sec-title\"><h3 class=\"skew-lines\">Titolo Ultime Novit\u00e0<\/h3><\/div><div class=\"textwidget custom-html-widget\"><p class=\"ttlcolsx1\">DERNI\u00c8RES NOUVELLES<\/p><\/div><\/div><\/div><\/div><\/div><div class=\"kc-elm kc-css-999572 kc_col-sm-9 kc_column kc_col-sm-9\"><div class=\"kc-col-container\"><div class=\"kc-elm kc-css-595404 kc_shortcode kc_single_image\">\n\n        <img src=\"https:\/\/narcisi.it\/wp-content\/uploads\/2018\/07\/roofing_torch_narcisi_nuova_clsl4050p_0029.jpg\" class=\"\" alt=\"\" \/>    <\/div>\n<div class=\"kc-elm kc-css-576550 kc_text_block\"><\/p>\n<p class=\"ttlpgsingcategoria\">CHALUMEAU LIGHT d.50 col mm.400 avec pi\u00e9zo\u00e9lectrique<\/p>\n<p>\n<\/div><div class=\"kc-elm kc-css-140035 kc_text_block\"><\/p>\n<p>Le chalumeau LIGHT a le col de fer galvanis\u00e9 d\u2019un diam\u00e8tre inf\u00e9rieur aux autres mod\u00e8les, que le rend plus l\u00e9ger, avec la particularit\u00e9 de pouvoir \u00eatre d\u00e9mont\u00e9 afin d\u2019en installer autres accessoires (soude joints, ferblantiers, etc.) a une flamme plus dynamique des autres mod\u00e8les et est agr\u00e9able \u00e0 diff\u00e9rents utilisateurs. Le corps robinets, usin\u00e9e d\u2019une coul\u00e9e de laiton, a un bouton (noir) de contr\u00f4le general qui commande tout le bloc, levier d\u2019ouverture rapide, tandis que le bouton le plus petit en laiton, r\u00e8gle la flamme du ralenti \u00e0 plaisir de l&rsquo;utilisateur.<br \/>\nM\u00eame ce chalumeau est construit conforme aux normes ISO EN9012 et est aussi inclus un pied pour d\u00e9poser le chalumeau en terre sans probl\u00e8mes \u00e0 fin du travail ou dans les conditions du stand-by.<br \/>\nIl est fourni avec allumage pi\u00e9zo\u00e9lectrique.<\/p>\n<p>\n<\/div><div class=\"kc-elm kc-css-886268 kc-raw-code\"><div class=\"spacesingcat\"><\/div><\/div><div class=\"kc-elm kc-css-353020 kc_text_block\"><\/p>\n<p class=\"ttlpgsingcategoria3\">DONN\u00c9ES TECHNIQUES<\/p>\n<p>\n<\/div><div class=\"kc-elm kc-css-819138 kc_row kc_row_inner\"><div class=\"kc-elm kc-css-191972 kc_col-sm-3 kc_column_inner kc_col-sm-3\"><div class=\"kc_wrapper kc-col-inner-container\"><div class=\"kc-elm kc-css-645202 kc_text_block .producttab1\"><\/p>\n<p>Code<\/p>\n<p>\n<\/div><div class=\"kc-elm kc-css-382469 kc_text_block .producttab1\"><\/p>\n<p>Godet<\/p>\n<p>\n<\/div><div class=\"kc-elm kc-css-954180 kc_text_block .producttab1\"><\/p>\n<p>Extension<\/p>\n<p>\n<\/div><div class=\"kc-elm kc-css-861480 kc_text_block .producttab1\"><\/p>\n<p>Poids (g)<\/p>\n<p>\n<\/div><div class=\"kc-elm kc-css-632046 kc_text_block .producttab1\"><\/p>\n<p>Kcal\/h<\/p>\n<p>\n<\/div><div class=\"kc-elm kc-css-756848 kc_text_block .producttab1\"><\/p>\n<p>Kw<\/p>\n<p>\n<\/div><div class=\"kc-elm kc-css-450468 kc_text_block .producttab1\"><\/p>\n<p>Kj\/h<\/p>\n<p>\n<\/div><div class=\"kc-elm kc-css-5702 kc_text_block .producttab1\"><\/p>\n<p>Pression utilisation bar<\/p>\n<p>\n<\/div><div class=\"kc-elm kc-css-936764 kc_text_block .producttab1\"><\/p>\n<p>Consommation max Kg\/h<\/p>\n<p>\n<\/div><\/div><\/div><div class=\"kc-elm kc-css-888006 kc_col-sm-3 kc_column_inner kc_col-sm-3\"><div class=\"kc_wrapper kc-col-inner-container\"><div class=\"kc-elm kc-css-908121 kc_text_block .producttab1\"><\/p>\n<p>CLSL4050P<\/p>\n<p>\n<\/div><div class=\"kc-elm kc-css-551068 kc_text_block .producttab1\"><\/p>\n<p>50<\/p>\n<p>\n<\/div><div class=\"kc-elm kc-css-520064 kc_text_block .producttab1\"><\/p>\n<p>400<\/p>\n<p>\n<\/div><div class=\"kc-elm kc-css-15283 kc_text_block .producttab1\"><\/p>\n<p>738<\/p>\n<p>\n<\/div><div class=\"kc-elm kc-css-376644 kc_text_block .producttab1\"><\/p>\n<p>64260<\/p>\n<p>\n<\/div><div class=\"kc-elm kc-css-209384 kc_text_block .producttab1\"><\/p>\n<p>74,72<\/p>\n<p>\n<\/div><div class=\"kc-elm kc-css-582613 kc_text_block .producttab1\"><\/p>\n<p>268995<\/p>\n<p>\n<\/div><div class=\"kc-elm kc-css-644164 kc_text_block .producttab1\"><\/p>\n<p>2-4<\/p>\n<p>\n<\/div><div class=\"kc-elm kc-css-985359 kc_text_block .producttab1\"><\/p>\n<p>5,40<\/p>\n<p>\n<\/div><\/div><\/div><div class=\"kc-elm kc-css-234475 kc_col-sm-3 kc_column_inner kc_col-sm-3\"><div class=\"kc_wrapper kc-col-inner-container\"><div class=\"kc-elm kc-css-711070 kc_text_block .producttab1\"><\/p>\n<p>&#8211;<\/p>\n<p>\n<\/div><div class=\"kc-elm kc-css-992713 kc_text_block .producttab1\"><\/p>\n<p>&#8211;<\/p>\n<p>\n<\/div><div class=\"kc-elm kc-css-517731 kc_text_block .producttab1\"><\/p>\n<p>&#8211;<\/p>\n<p>\n<\/div><div class=\"kc-elm kc-css-137000 kc_text_block .producttab1\"><\/p>\n<p>&#8211;<\/p>\n<p>\n<\/div><div class=\"kc-elm kc-css-407672 kc_text_block .producttab1\"><\/p>\n<p>&#8211;<\/p>\n<p>\n<\/div><div class=\"kc-elm kc-css-353830 kc_text_block .producttab1\"><\/p>\n<p>&#8211;<\/p>\n<p>\n<\/div><div class=\"kc-elm kc-css-141300 kc_text_block .producttab1\"><\/p>\n<p>&#8211;<\/p>\n<p>\n<\/div><div class=\"kc-elm kc-css-123405 kc_text_block .producttab1\"><\/p>\n<p>&#8211;<\/p>\n<p>\n<\/div><div class=\"kc-elm kc-css-820278 kc_text_block .producttab1\"><\/p>\n<p>&#8211;<\/p>\n<p>\n<\/div><\/div><\/div><div class=\"kc-elm kc-css-294527 kc_col-sm-3 kc_column_inner kc_col-sm-3\"><div class=\"kc_wrapper kc-col-inner-container\"><div class=\"kc-elm kc-css-339734 kc_text_block .producttab1\"><\/p>\n<p>&#8211;<\/p>\n<p>\n<\/div><div class=\"kc-elm kc-css-668695 kc_text_block .producttab1\"><\/p>\n<p>&#8211;<\/p>\n<p>\n<\/div><div class=\"kc-elm kc-css-361794 kc_text_block .producttab1\"><\/p>\n<p>&#8211;<\/p>\n<p>\n<\/div><div class=\"kc-elm kc-css-867915 kc_text_block .producttab1\"><\/p>\n<p>&#8211;<\/p>\n<p>\n<\/div><div class=\"kc-elm kc-css-559722 kc_text_block .producttab1\"><\/p>\n<p>&#8211;<\/p>\n<p>\n<\/div><div class=\"kc-elm kc-css-138196 kc_text_block .producttab1\"><\/p>\n<p>&#8211;<\/p>\n<p>\n<\/div><div class=\"kc-elm kc-css-70638 kc_text_block .producttab1\"><\/p>\n<p>&#8211;<\/p>\n<p>\n<\/div><div class=\"kc-elm kc-css-792294 kc_text_block .producttab1\"><\/p>\n<p>&#8211;<\/p>\n<p>\n<\/div><div class=\"kc-elm kc-css-847981 kc_text_block .producttab1\"><\/p>\n<p>&#8211;<\/p>\n<p>\n<\/div><\/div><\/div><\/div>\n<div class=\"kc-elm kc-css-362259\">\n\t<a class=\"kc_button\" href=\"\/wp-content\/uploads\/2018\/07\/manuale_web_narcisi_light_cannello_cls_nuovo_ENG.pdf\" target=\"_blank\" title=\"\" onclick=\"\">\n\t\t<i class=\"et-document\"><\/i> Download PDF\t<\/a>\n<\/div>\n<div class=\"kc-elm kc-css-514840 kc-raw-code\"><div class=\"contbckbtn\">\r\n  <form>\r\n    <input type=\"button\" class=\"bckbtn\" value=\"retour \u00e0 la liste des produits\" onClick=\"javascript:history.back()\" name=\"button\">\r\n  <\/form>\r\n<\/div><\/div><\/div><\/div><\/div><\/div><\/section><section class=\"kc-elm kc-css-397900 kc_row sidebar-page-container with-left-sidebar\"><div class=\"kc-row-container  kc-container\"><div class=\"kc-wrap-columns\"><div class=\"kc-elm kc-css-998910 kc_col-sm-3 kc_column kc_col-sm-3 sidebar-side\"><div class=\"sidebar kc-col-container\"><div class=\"kc-elm kc-css-543455 widget-area kc-wp-sidebar\"><\/div><\/div><\/div><div class=\"kc-elm kc-css-4821 kc_col-sm-9 kc_column kc_col-sm-9\"><div class=\"kc-col-container\"><!--Content Side-->\n<div class=\"content-side \">\n\t<!--Service Details-->\n\t<section class=\"service-details\">\n\t\t\n\t\t<figure class=\"big-image\"><img src=\"https:\/\/0g9nuobpwvp.preview.infomaniak.website\/wp-content\/uploads\/2017\/04\/placeholder-50.jpg\" alt=\"Image\"><\/figure>\n\t\t\n\t\t<!--Text Content-->\n\t\t<div class=\"content\">\n\t\t\t<h3>Business Solution  <\/h3>\n\t\t\t<p>Lorem ipsum dolor sit amet, consectetur adipiscing elit. Curabitur libero enim, lacinia finibus ante et, imperdiet finibus risus. Donec malesuada luctus elit nec hendrerit. Integer ex sap ien, eleifend sit amet tellus ut, porttitor dictum velit. Nulla scelerisque, nisl eu maximus bibendum nibh risus eleifend ex, id dapibus leo dui in nulla. Donec sollicitudin molestie erat sit amet elementum. Donec at lacinia massa, eu hen rit ex. Donec hendrerit, porttitor.<\/p><blockquote><div class=\"txt\">People think focus means saying yes to the thing you\u2019ve got to focus on. But that\u2019s not what it means at all. It means saying no to the hundred other good ideas that there are. You have to pick carefully. I\u2019m actually as proud of the things.<\/div><\/blockquote><p>ex orci sollicitudin dolor, et scelerisque sem ex in nisi.Nulla pulvinar vitae arcu at cursus. Class aptent taciti sociosqu ad litora torquent per co Curabitur accumsan mauris vitae leo tempus, ac sceleri sque massa elementum. In blandit fringilla tincidunt. Proin commodo tortor vitae is nisi. Etiam accumsan massa volutpat tellus<\/p>\t\t\t<h3>Marketing STRATEGY  <\/h3>\n\t\t\t<div class=\"row clearfix\">\n\t\t\t\t<div class=\"col-md-6 col-sm-6 col-xs-12\">\n\t\t\t\t\t<p>Lorem ipsum dolor sit amet, consectetur adipiscing elitazaa. fsdssd Curabitur libero eni lacinia finibus ante et, imaperdiet finibus risus. Donec malesuadaluctus elit naaacec hendrerit. Integer ex sap ien, ds eleifend sit amet tellus ut, porttitor dict um velit. Nulla dssd ads scelerisque, nisl euasaszz maximus bibendum nibh risus eleifen ex, a nulla.<\/p><p> Donec sollicitudin molestie erat sit amet elementum. Donec at lacinia massa.ex orci sollicitudinaasa dolor, e scelerisque sem ex in nisi.Nulla pulvinar vitae ar cu at cursus.<\/p>\t\t\t\t<\/div>\n\t\t\t\t<div class=\"col-md-6 col-sm-6 col-xs-12\">\n\t\t\t\t\t<!--Graph Chart-->\n\t\t\t\t\t<div class=\"chart-outer\">\n\t\t\t\t\t\t<div id=\"Chart1\" style=\"height: 270px; width: 100%;\"><\/div>\n\t\t\t\t\t<\/div>\n\t\t\t\t<\/div>\n\t\t\t<\/div>\n\t\t\t\n\t\t\t<!--Faqs-->\n\t\t\t<div class=\"faqs\">\n\t\t\t\t<!--Accordion Box-->\n\t\t\t\t<ul class=\"accordion-box\">\n\t\t\t\t\n\t\t\t\t\t\t\t\t\t\t\t<!--Block-->\n\t\t\t\t\t\t<li class=\"accordion block active-block\">\n\t\t\t\t\t\t\t<div class=\"acc-btn active\"><div class=\"icon-outer\"><span class=\"icon fa fa-angle-right\"><\/span><\/div> Marketing Strategy<\/div>\n\t\t\t\t\t\t\t<div class=\"acc-content current\">\n\t\t\t\t\t\t\t\t<div class=\"content\"><p>Cum sociis natoque penatibus et magnis dis parturient ntesmus. Proin vel nibh et elit mollis commodo et nec augue tristique sed Quisque velit nisi, pretium.nibh.Cum sociis natoque penatibus et magnis dis parturient ntesmus. Proin vel nibh et elit mollis commodo et nec augue tristique sed Quisque velit nisi, pretium.nibh.<\/p><\/div>\n\t\t\t\t\t\t\t<\/div>\n\t\t\t\t\t\t<\/li>\n\t\t\t\t\t\t\t\t\t\t\t<!--Block-->\n\t\t\t\t\t\t<li class=\"accordion block \">\n\t\t\t\t\t\t\t<div class=\"acc-btn \"><div class=\"icon-outer\"><span class=\"icon fa fa-angle-right\"><\/span><\/div> Econometric Modeling<\/div>\n\t\t\t\t\t\t\t<div class=\"acc-content \">\n\t\t\t\t\t\t\t\t<div class=\"content\"><p>Cum sociis natoque penatibus et magnis dis parturient ntesmus. Proin vel nibh et elit mollis commodo et nec augue tristique sed Quisque velit nisi, pretium.nibh.Cum sociis natoque penatibus et magnis dis parturient ntesmus. Proin vel nibh et elit mollis commodo et nec augue tristique sed Quisque velit nisi, pretium.nibh.<\/p><\/div>\n\t\t\t\t\t\t\t<\/div>\n\t\t\t\t\t\t<\/li>\n\t\t\t\t\t\t\t\t\t\t\t<!--Block-->\n\t\t\t\t\t\t<li class=\"accordion block \">\n\t\t\t\t\t\t\t<div class=\"acc-btn \"><div class=\"icon-outer\"><span class=\"icon fa fa-angle-right\"><\/span><\/div> Professional Skills <\/div>\n\t\t\t\t\t\t\t<div class=\"acc-content \">\n\t\t\t\t\t\t\t\t<div class=\"content\"><p>Cum sociis natoque penatibus et magnis dis parturient ntesmus. Proin vel nibh et elit mollis commodo et nec augue tristique sed Quisque velit nisi, pretium.nibh.Cum sociis natoque penatibus et magnis dis parturient ntesmus. Proin vel nibh et elit mollis commodo et nec augue tristique sed Quisque velit nisi, pretium.nibh.<\/p><\/div>\n\t\t\t\t\t\t\t<\/div>\n\t\t\t\t\t\t<\/li>\n\t\t\t\t\t\t\t\t\t\t\t<!--Block-->\n\t\t\t\t\t\t<li class=\"accordion block \">\n\t\t\t\t\t\t\t<div class=\"acc-btn \"><div class=\"icon-outer\"><span class=\"icon fa fa-angle-right\"><\/span><\/div> Statistical Software <\/div>\n\t\t\t\t\t\t\t<div class=\"acc-content \">\n\t\t\t\t\t\t\t\t<div class=\"content\"><p>Cum sociis natoque penatibus et magnis dis parturient ntesmus. Proin vel nibh et elit mollis commodo et nec augue tristique sed Quisque velit nisi, pretium.nibh.Cum sociis natoque penatibus et magnis dis parturient ntesmus. Proin vel nibh et elit mollis commodo et nec augue tristique sed Quisque velit nisi, pretium.nibh.<\/p><\/div>\n\t\t\t\t\t\t\t<\/div>\n\t\t\t\t\t\t<\/li>\n\t\t\t\t\t\n\t\t\t\t<\/ul><!--End Accordion Box-->\n\t\t\t<\/div>\n\t\t\n\t\t<\/div>\n\t<\/section>\n\n<\/div>\n<!--Content Side--><\/div><\/div><\/div><\/div><\/section><\/p>\n","protected":false},"excerpt":{"rendered":"","protected":false},"author":1,"featured_media":0,"parent":0,"menu_order":0,"comment_status":"closed","ping_status":"closed","template":"tpl-king-composer.php","meta":[],"_links":{"self":[{"href":"https:\/\/narcisi.it\/fr\/wp-json\/wp\/v2\/pages\/4029"}],"collection":[{"href":"https:\/\/narcisi.it\/fr\/wp-json\/wp\/v2\/pages"}],"about":[{"href":"https:\/\/narcisi.it\/fr\/wp-json\/wp\/v2\/types\/page"}],"author":[{"embeddable":true,"href":"https:\/\/narcisi.it\/fr\/wp-json\/wp\/v2\/users\/1"}],"replies":[{"embeddable":true,"href":"https:\/\/narcisi.it\/fr\/wp-json\/wp\/v2\/comments?post=4029"}],"version-history":[{"count":8,"href":"https:\/\/narcisi.it\/fr\/wp-json\/wp\/v2\/pages\/4029\/revisions"}],"predecessor-version":[{"id":6626,"href":"https:\/\/narcisi.it\/fr\/wp-json\/wp\/v2\/pages\/4029\/revisions\/6626"}],"wp:attachment":[{"href":"https:\/\/narcisi.it\/fr\/wp-json\/wp\/v2\/media?parent=4029"}],"curies":[{"name":"wp","href":"https:\/\/api.w.org\/{rel}","templated":true}]}}