{"id":5517,"date":"2018-10-04T13:41:17","date_gmt":"2018-10-04T11:41:17","guid":{"rendered":"https:\/\/0g9nuobpwvp.preview.infomaniak.website\/?page_id=5517"},"modified":"2022-04-26T17:07:21","modified_gmt":"2022-04-26T15:07:21","slug":"detendeur-de-gaz-apz-12-polgomme","status":"publish","type":"page","link":"https:\/\/narcisi.it\/fr\/detendeur-de-gaz-apz-12-polgomme\/","title":{"rendered":"D\u00e9tendeur de gaz APZ 12 polgomme"},"content":{"rendered":"<p><section class=\"kc-elm kc-css-41207 kc_row\"><div class=\"kc-row-container  kc-container\"><div class=\"kc-wrap-columns\"><div class=\"kc-elm kc-css-268783 kc_col-sm-3 kc_column kc_col-sm-3 sidebar-side\"><div class=\"sidebar kc-col-container\"><div class=\"kc-elm kc-css-4013 widget-area kc-wp-sidebar\"><div id=\"custom_html-8\" class=\"widget_text side-bar widget sidebar_widget widget_custom_html\"><div class=\"sec-title\"><h3 class=\"skew-lines\">Elenco categorie<\/h3><\/div><div class=\"textwidget custom-html-widget\"><div class=\"sidebar kc-col-container\">\r\n  <div class=\"kc-elm kc-css-114843 widget-area kc-wp-sidebar\">\r\n    <div id=\"bunch_services_posts-2\" class=\"widget sidebar-widget widget_bunch_services_posts\">\t\t\r\n\r\n      <!-- Categorie -->\r\n      <div class=\"services\">\r\n        <ul class=\"service-list\">\t\t\t\r\n\r\n          <li><a href=\"\/fr\/kit-pour-impermeabilisation\/\">Kit pour impermeabilisation<\/a><\/li>\r\n          <li><a href=\"\/fr\/chalumeaux-neptune\/\">Chalumeaux Neptune<\/a><\/li>\r\n          <li><a href=\"\/fr\/chalumeaux-deluxe\/\">Chalumeaux Deluxe<\/a><\/li>\r\n          <li><a href=\"\/fr\/chalumeaux-ecogas\/\">Chalumeaux Ecogas<\/a><\/li>\r\n          <li><a href=\"\/fr\/chalumeaux-light\/\">Chalumeaux Light<\/a><\/li>\r\n          <li><a href=\"\/fr\/autres-equipements\/\">Autres \u00e9quipements<\/a><\/li>\r\n          <li><a href=\"\/fr\/tuyaux-flexibles\/\">Tuyaux flexibles<\/a><\/li>\r\n          <li><a href=\"\/fr\/autres-accessoires\/\">Autres accessoires<\/a><\/li>\r\n          <li><a href=\"\/fr\/detendeurs-de-gaz\/\">D\u00e9tendeurs de gaz<\/a><\/li>\r\n\r\n        <\/ul>\r\n      <\/div>\r\n\r\n    <\/div>\r\n  <\/div>\r\n<\/div><\/div><\/div><\/div><div class=\"kc-elm kc-css-857900 widget-area kc-wp-sidebar\"><div id=\"custom_html-10\" class=\"widget_text side-bar widget sidebar_widget widget_custom_html\"><div class=\"sec-title\"><h3 class=\"skew-lines\">Titolo Ultime Novit\u00e0<\/h3><\/div><div class=\"textwidget custom-html-widget\"><p class=\"ttlcolsx1\">DERNI\u00c8RES NOUVELLES<\/p><\/div><\/div><\/div><\/div><\/div><div class=\"kc-elm kc-css-819208 kc_col-sm-9 kc_column kc_col-sm-9\"><div class=\"kc-col-container\"><div class=\"kc-elm kc-css-15878 kc_shortcode kc_single_image\">\n\n        <img src=\"https:\/\/narcisi.it\/wp-content\/uploads\/2018\/10\/regulator_narcisi_ro_polgomma_61.jpg\" class=\"\" alt=\"\" \/>    <\/div>\n<div class=\"kc-elm kc-css-869609 kc_text_block\"><\/p>\n<p class=\"ttlpgsingcategoria\">D\u00e9tendeur de gaz APZ 12 polgomme<\/p>\n<p>\n<\/div><div class=\"kc-elm kc-css-413628 kc_text_block\"><\/p>\n<p>D\u00e9tendeur \u00e0 haute pression pour des fluides gazeux tel que le GPL (gaz butane, propane) qui assure principalement la fonction de r\u00e9glage de phase de l&rsquo;\u00e9quipement au GPL.<br \/>\nLa temp\u00e9rature de fonctionnement conforme \u00e0 la norme EN334 est de -20\u00b0C\/+60\u00b0C, le corps est construit enti\u00e8rement en zamak (Zn + Al + Mg + Cu), tandis que \u00e0 l&rsquo;int\u00e9rieur travail une membrane \u00e9lastom\u00e8re r\u00e9sistant aux hydrocarbures.<\/p>\n<p>\n<\/div><div class=\"kc-elm kc-css-782014 kc-raw-code\"><div class=\"spacesingcat\"><\/div><\/div><div class=\"kc-elm kc-css-267042 kc_text_block\"><\/p>\n<p class=\"ttlpgsingcategoria3\">DONN\u00c9ES TECHNIQUES<\/p>\n<p>\n<\/div><div class=\"kc-elm kc-css-894034 kc_row kc_row_inner\"><div class=\"kc-elm kc-css-489849 kc_col-sm-3 kc_column_inner kc_col-sm-3\"><div class=\"kc_wrapper kc-col-inner-container\"><div class=\"kc-elm kc-css-449395 kc_text_block .producttab1\"><\/p>\n<p>Code<\/p>\n<p>\n<\/div><div class=\"kc-elm kc-css-195137 kc_text_block .producttab1\"><\/p>\n<p>D\u00e9bit<\/p>\n<p>\n<\/div><div class=\"kc-elm kc-css-739736 kc_text_block .producttab1\"><\/p>\n<p>\u00c9talonnage<\/p>\n<p>\n<\/div><div class=\"kc-elm kc-css-178135 kc_text_block .producttab1\"><\/p>\n<p>Entr\u00e9e<\/p>\n<p>\n<\/div><div class=\"kc-elm kc-css-655382 kc_text_block .producttab1\"><\/p>\n<p>Sortie<\/p>\n<p>\n<\/div><\/div><\/div><div class=\"kc-elm kc-css-215395 kc_col-sm-3 kc_column_inner kc_col-sm-3\"><div class=\"kc_wrapper kc-col-inner-container\"><div class=\"kc-elm kc-css-883628 kc_text_block .producttab1\"><\/p>\n<p>ROPOLG<\/p>\n<p>\n<\/div><div class=\"kc-elm kc-css-961698 kc_text_block .producttab1\"><\/p>\n<p>Kg\/h 12<\/p>\n<p>\n<\/div><div class=\"kc-elm kc-css-692143 kc_text_block .producttab1\"><\/p>\n<p>Bar 0 &#8211; 4<\/p>\n<p>\n<\/div><div class=\"kc-elm kc-css-286808 kc_text_block .producttab1\"><\/p>\n<p>0,880\u00b0-14 NGO LH<\/p>\n<p>\n<\/div><div class=\"kc-elm kc-css-836355 kc_text_block .producttab1\"><\/p>\n<p>Nozzle<\/p>\n<p>\n<\/div><\/div><\/div><div class=\"kc-elm kc-css-135938 kc_col-sm-3 kc_column_inner kc_col-sm-3\"><div class=\"kc_wrapper kc-col-inner-container\"><div class=\"kc-elm kc-css-929036 kc_text_block .producttab1\"><\/p>\n<p>&#8211;<\/p>\n<p>\n<\/div><div class=\"kc-elm kc-css-48081 kc_text_block .producttab1\"><\/p>\n<p>&#8211;<\/p>\n<p>\n<\/div><div class=\"kc-elm kc-css-52768 kc_text_block .producttab1\"><\/p>\n<p>&#8211;<\/p>\n<p>\n<\/div><div class=\"kc-elm kc-css-91429 kc_text_block .producttab1\"><\/p>\n<p>&#8211;<\/p>\n<p>\n<\/div><div class=\"kc-elm kc-css-569017 kc_text_block .producttab1\"><\/p>\n<p>&#8211;<\/p>\n<p>\n<\/div><\/div><\/div><div class=\"kc-elm kc-css-125004 kc_col-sm-3 kc_column_inner kc_col-sm-3\"><div class=\"kc_wrapper kc-col-inner-container\"><div class=\"kc-elm kc-css-750766 kc_text_block .producttab1\"><\/p>\n<p>&#8211;<\/p>\n<p>\n<\/div><div class=\"kc-elm kc-css-695373 kc_text_block .producttab1\"><\/p>\n<p>&#8211;<\/p>\n<p>\n<\/div><div class=\"kc-elm kc-css-294787 kc_text_block .producttab1\"><\/p>\n<p>&#8211;<\/p>\n<p>\n<\/div><div class=\"kc-elm kc-css-452215 kc_text_block .producttab1\"><\/p>\n<p>&#8211;<\/p>\n<p>\n<\/div><div class=\"kc-elm kc-css-773861 kc_text_block .producttab1\"><\/p>\n<p>&#8211;<\/p>\n<p>\n<\/div><\/div><\/div><\/div><div class=\"kc-elm kc-css-931915 kc-raw-code\"><div class=\"contbckbtn\">\r\n  <form>\r\n    <input type=\"button\" class=\"bckbtn\" value=\"retour \u00e0 la liste des produits\" onClick=\"javascript:history.back()\" name=\"button\">\r\n  <\/form>\r\n<\/div><\/div><\/div><\/div><\/div><\/div><\/section><section class=\"kc-elm kc-css-111874 kc_row sidebar-page-container with-left-sidebar\"><div class=\"kc-row-container  kc-container\"><div class=\"kc-wrap-columns\"><div class=\"kc-elm kc-css-778583 kc_col-sm-3 kc_column kc_col-sm-3 sidebar-side\"><div class=\"sidebar kc-col-container\"><div class=\"kc-elm kc-css-504149 widget-area kc-wp-sidebar\"><\/div><\/div><\/div><div class=\"kc-elm kc-css-961584 kc_col-sm-9 kc_column kc_col-sm-9\"><div class=\"kc-col-container\"><!--Content Side-->\n<div class=\"content-side \">\n\t<!--Service Details-->\n\t<section class=\"service-details\">\n\t\t\n\t\t<figure class=\"big-image\"><img src=\"https:\/\/0g9nuobpwvp.preview.infomaniak.website\/wp-content\/uploads\/2017\/04\/placeholder-50.jpg\" alt=\"Image\"><\/figure>\n\t\t\n\t\t<!--Text Content-->\n\t\t<div class=\"content\">\n\t\t\t<h3>Business Solution  <\/h3>\n\t\t\t<p>Lorem ipsum dolor sit amet, consectetur adipiscing elit. Curabitur libero enim, lacinia finibus ante et, imperdiet finibus risus. Donec malesuada luctus elit nec hendrerit. Integer ex sap ien, eleifend sit amet tellus ut, porttitor dictum velit. Nulla scelerisque, nisl eu maximus bibendum nibh risus eleifend ex, id dapibus leo dui in nulla. Donec sollicitudin molestie erat sit amet elementum. Donec at lacinia massa, eu hen rit ex. Donec hendrerit, porttitor.<\/p><blockquote><div class=\"txt\">People think focus means saying yes to the thing you\u2019ve got to focus on. But that\u2019s not what it means at all. It means saying no to the hundred other good ideas that there are. You have to pick carefully. I\u2019m actually as proud of the things.<\/div><\/blockquote><p>ex orci sollicitudin dolor, et scelerisque sem ex in nisi.Nulla pulvinar vitae arcu at cursus. Class aptent taciti sociosqu ad litora torquent per co Curabitur accumsan mauris vitae leo tempus, ac sceleri sque massa elementum. In blandit fringilla tincidunt. Proin commodo tortor vitae is nisi. Etiam accumsan massa volutpat tellus<\/p>\t\t\t<h3>Marketing STRATEGY  <\/h3>\n\t\t\t<div class=\"row clearfix\">\n\t\t\t\t<div class=\"col-md-6 col-sm-6 col-xs-12\">\n\t\t\t\t\t<p>Lorem ipsum dolor sit amet, consectetur adipiscing elitazaa. fsdssd Curabitur libero eni lacinia finibus ante et, imaperdiet finibus risus. Donec malesuadaluctus elit naaacec hendrerit. Integer ex sap ien, ds eleifend sit amet tellus ut, porttitor dict um velit. Nulla dssd ads scelerisque, nisl euasaszz maximus bibendum nibh risus eleifen ex, a nulla.<\/p><p> Donec sollicitudin molestie erat sit amet elementum. Donec at lacinia massa.ex orci sollicitudinaasa dolor, e scelerisque sem ex in nisi.Nulla pulvinar vitae ar cu at cursus.<\/p>\t\t\t\t<\/div>\n\t\t\t\t<div class=\"col-md-6 col-sm-6 col-xs-12\">\n\t\t\t\t\t<!--Graph Chart-->\n\t\t\t\t\t<div class=\"chart-outer\">\n\t\t\t\t\t\t<div id=\"Chart1\" style=\"height: 270px; width: 100%;\"><\/div>\n\t\t\t\t\t<\/div>\n\t\t\t\t<\/div>\n\t\t\t<\/div>\n\t\t\t\n\t\t\t<!--Faqs-->\n\t\t\t<div class=\"faqs\">\n\t\t\t\t<!--Accordion Box-->\n\t\t\t\t<ul class=\"accordion-box\">\n\t\t\t\t\n\t\t\t\t\t\t\t\t\t\t\t<!--Block-->\n\t\t\t\t\t\t<li class=\"accordion block active-block\">\n\t\t\t\t\t\t\t<div class=\"acc-btn active\"><div class=\"icon-outer\"><span class=\"icon fa fa-angle-right\"><\/span><\/div> Marketing Strategy<\/div>\n\t\t\t\t\t\t\t<div class=\"acc-content current\">\n\t\t\t\t\t\t\t\t<div class=\"content\"><p>Cum sociis natoque penatibus et magnis dis parturient ntesmus. Proin vel nibh et elit mollis commodo et nec augue tristique sed Quisque velit nisi, pretium.nibh.Cum sociis natoque penatibus et magnis dis parturient ntesmus. Proin vel nibh et elit mollis commodo et nec augue tristique sed Quisque velit nisi, pretium.nibh.<\/p><\/div>\n\t\t\t\t\t\t\t<\/div>\n\t\t\t\t\t\t<\/li>\n\t\t\t\t\t\t\t\t\t\t\t<!--Block-->\n\t\t\t\t\t\t<li class=\"accordion block \">\n\t\t\t\t\t\t\t<div class=\"acc-btn \"><div class=\"icon-outer\"><span class=\"icon fa fa-angle-right\"><\/span><\/div> Econometric Modeling<\/div>\n\t\t\t\t\t\t\t<div class=\"acc-content \">\n\t\t\t\t\t\t\t\t<div class=\"content\"><p>Cum sociis natoque penatibus et magnis dis parturient ntesmus. Proin vel nibh et elit mollis commodo et nec augue tristique sed Quisque velit nisi, pretium.nibh.Cum sociis natoque penatibus et magnis dis parturient ntesmus. Proin vel nibh et elit mollis commodo et nec augue tristique sed Quisque velit nisi, pretium.nibh.<\/p><\/div>\n\t\t\t\t\t\t\t<\/div>\n\t\t\t\t\t\t<\/li>\n\t\t\t\t\t\t\t\t\t\t\t<!--Block-->\n\t\t\t\t\t\t<li class=\"accordion block \">\n\t\t\t\t\t\t\t<div class=\"acc-btn \"><div class=\"icon-outer\"><span class=\"icon fa fa-angle-right\"><\/span><\/div> Professional Skills <\/div>\n\t\t\t\t\t\t\t<div class=\"acc-content \">\n\t\t\t\t\t\t\t\t<div class=\"content\"><p>Cum sociis natoque penatibus et magnis dis parturient ntesmus. Proin vel nibh et elit mollis commodo et nec augue tristique sed Quisque velit nisi, pretium.nibh.Cum sociis natoque penatibus et magnis dis parturient ntesmus. Proin vel nibh et elit mollis commodo et nec augue tristique sed Quisque velit nisi, pretium.nibh.<\/p><\/div>\n\t\t\t\t\t\t\t<\/div>\n\t\t\t\t\t\t<\/li>\n\t\t\t\t\t\t\t\t\t\t\t<!--Block-->\n\t\t\t\t\t\t<li class=\"accordion block \">\n\t\t\t\t\t\t\t<div class=\"acc-btn \"><div class=\"icon-outer\"><span class=\"icon fa fa-angle-right\"><\/span><\/div> Statistical Software <\/div>\n\t\t\t\t\t\t\t<div class=\"acc-content \">\n\t\t\t\t\t\t\t\t<div class=\"content\"><p>Cum sociis natoque penatibus et magnis dis parturient ntesmus. Proin vel nibh et elit mollis commodo et nec augue tristique sed Quisque velit nisi, pretium.nibh.Cum sociis natoque penatibus et magnis dis parturient ntesmus. Proin vel nibh et elit mollis commodo et nec augue tristique sed Quisque velit nisi, pretium.nibh.<\/p><\/div>\n\t\t\t\t\t\t\t<\/div>\n\t\t\t\t\t\t<\/li>\n\t\t\t\t\t\n\t\t\t\t<\/ul><!--End Accordion Box-->\n\t\t\t<\/div>\n\t\t\n\t\t<\/div>\n\t<\/section>\n\n<\/div>\n<!--Content Side--><\/div><\/div><\/div><\/div><\/section><\/p>\n","protected":false},"excerpt":{"rendered":"","protected":false},"author":1,"featured_media":0,"parent":0,"menu_order":0,"comment_status":"closed","ping_status":"closed","template":"tpl-king-composer.php","meta":[],"_links":{"self":[{"href":"https:\/\/narcisi.it\/fr\/wp-json\/wp\/v2\/pages\/5517"}],"collection":[{"href":"https:\/\/narcisi.it\/fr\/wp-json\/wp\/v2\/pages"}],"about":[{"href":"https:\/\/narcisi.it\/fr\/wp-json\/wp\/v2\/types\/page"}],"author":[{"embeddable":true,"href":"https:\/\/narcisi.it\/fr\/wp-json\/wp\/v2\/users\/1"}],"replies":[{"embeddable":true,"href":"https:\/\/narcisi.it\/fr\/wp-json\/wp\/v2\/comments?post=5517"}],"version-history":[{"count":6,"href":"https:\/\/narcisi.it\/fr\/wp-json\/wp\/v2\/pages\/5517\/revisions"}],"predecessor-version":[{"id":6878,"href":"https:\/\/narcisi.it\/fr\/wp-json\/wp\/v2\/pages\/5517\/revisions\/6878"}],"wp:attachment":[{"href":"https:\/\/narcisi.it\/fr\/wp-json\/wp\/v2\/media?parent=5517"}],"curies":[{"name":"wp","href":"https:\/\/api.w.org\/{rel}","templated":true}]}}