{"id":6659,"date":"2022-04-20T17:08:07","date_gmt":"2022-04-20T15:08:07","guid":{"rendered":"https:\/\/0g9nuobpwvp.preview.infomaniak.website\/?page_id=6659"},"modified":"2022-04-20T17:11:49","modified_gmt":"2022-04-20T15:11:49","slug":"merci-de-nous-avoir-contacte","status":"publish","type":"page","link":"https:\/\/narcisi.it\/fr\/merci-de-nous-avoir-contacte\/","title":{"rendered":"Merci de nous avoir contact\u00e9"},"content":{"rendered":"<section class=\"kc-elm kc-css-729865 kc_row\"><div class=\"kc-row-container  kc-container\"><div class=\"kc-wrap-columns\"><div class=\"kc-elm kc-css-802622 kc_col-sm-12 kc_column kc_col-sm-12\"><div class=\"kc-col-container\"><div class=\"kc-elm kc-css-700677\" style=\"height: 123px; clear: both; width:100%;\"><\/div><div class=\"kc-elm kc-css-288720 kc-icon-wrapper\">\n\t\t<i class=\"fa-check\"><\/i>\n\t<\/div>\n<div class=\"kc-elm kc-css-250345 kc_text_block\"><\/p>\n<h3 style=\"text-align: center;\">Votre message a \u00e9t\u00e9 envoy\u00e9 avec succ\u00e8s!<\/h3>\n<p style=\"text-align: center;\">Nous vous r\u00e9pondrons d\u00e8s que possible.<\/p>\n<p>\n<\/div><div class=\"kc-elm kc-css-924316\" style=\"height: 111px; clear: both; width:100%;\"><\/div><\/div><\/div><\/div><\/div><\/section>\n","protected":false},"excerpt":{"rendered":"","protected":false},"author":1,"featured_media":0,"parent":0,"menu_order":0,"comment_status":"closed","ping_status":"closed","template":"tpl-king-composer.php","meta":[],"_links":{"self":[{"href":"https:\/\/narcisi.it\/fr\/wp-json\/wp\/v2\/pages\/6659"}],"collection":[{"href":"https:\/\/narcisi.it\/fr\/wp-json\/wp\/v2\/pages"}],"about":[{"href":"https:\/\/narcisi.it\/fr\/wp-json\/wp\/v2\/types\/page"}],"author":[{"embeddable":true,"href":"https:\/\/narcisi.it\/fr\/wp-json\/wp\/v2\/users\/1"}],"replies":[{"embeddable":true,"href":"https:\/\/narcisi.it\/fr\/wp-json\/wp\/v2\/comments?post=6659"}],"version-history":[{"count":2,"href":"https:\/\/narcisi.it\/fr\/wp-json\/wp\/v2\/pages\/6659\/revisions"}],"predecessor-version":[{"id":6666,"href":"https:\/\/narcisi.it\/fr\/wp-json\/wp\/v2\/pages\/6659\/revisions\/6666"}],"wp:attachment":[{"href":"https:\/\/narcisi.it\/fr\/wp-json\/wp\/v2\/media?parent=6659"}],"curies":[{"name":"wp","href":"https:\/\/api.w.org\/{rel}","templated":true}]}}